{"id":1067,"date":"2016-02-19T22:24:05","date_gmt":"2016-02-19T21:24:05","guid":{"rendered":"http:\/\/sjbb.fr\/?page_id=1067"},"modified":"2020-09-18T12:28:46","modified_gmt":"2020-09-18T11:28:46","slug":"levangelisation","status":"publish","type":"page","link":"https:\/\/sjbb.fr\/index.php\/levangelisation\/","title":{"rendered":"L&rsquo;EVANGELISATION"},"content":{"rendered":"\n<h4 class=\"has-text-align-center wp-block-heading\"><span style=\"color: #ff0000;\">Pour bien vivre l&rsquo;\u00e9vang\u00e9lisation du quartier <\/span><\/h4>\n\n\n\n<h4 class=\"has-text-align-center wp-block-heading\"><span style=\"color: #ff0000;\">vivons la fraternit\u00e9<\/span><\/h4>\n\n\n\n<h4 class=\"has-text-align-center wp-block-heading\"><span style=\"color: #800000;\"><strong>MISSION PARVIS<\/strong><\/span><\/h4>\n\n\n\n<div class=\"wp-block-image\"><figure class=\"aligncenter\"><img decoding=\"async\" src=\"http:\/\/sjbb.fr\/wp-content\/uploads\/2015\/11\/SJB_MESSE1COM_KV_220614_181B-1024x678.jpg\" alt=\"\" class=\"wp-image-95\"\/><\/figure><\/div>\n\n\n\n<h4 class=\"has-text-align-center wp-block-heading\"><span style=\"color: #800000;\"><strong>\u00ab\u00a0le courage d&rsquo;\u00e9vang\u00e9liser\u00a0\u00bb <\/strong><\/span><\/h4>\n\n\n\n<h4 class=\"has-text-align-center wp-block-heading\"><span style=\"color: #800000;\"><strong>Messe \u00e0 ste Marthe du Pape Fran\u00e7ois<\/strong><\/span><\/h4>\n","protected":false},"excerpt":{"rendered":"<p>Pour bien vivre l&rsquo;\u00e9vang\u00e9lisation du quartier vivons la fraternit\u00e9 MISSION PARVIS \u00ab\u00a0le courage d&rsquo;\u00e9vang\u00e9liser\u00a0\u00bb Messe \u00e0 ste Marthe du Pape Fran\u00e7ois<\/p>\n","protected":false},"author":1,"featured_media":0,"parent":0,"menu_order":0,"comment_status":"closed","ping_status":"closed","template":"","meta":{"footnotes":""},"class_list":["post-1067","page","type-page","status-publish","hentry"],"jetpack_sharing_enabled":true,"_links":{"self":[{"href":"https:\/\/sjbb.fr\/index.php\/wp-json\/wp\/v2\/pages\/1067","targetHints":{"allow":["GET"]}}],"collection":[{"href":"https:\/\/sjbb.fr\/index.php\/wp-json\/wp\/v2\/pages"}],"about":[{"href":"https:\/\/sjbb.fr\/index.php\/wp-json\/wp\/v2\/types\/page"}],"author":[{"embeddable":true,"href":"https:\/\/sjbb.fr\/index.php\/wp-json\/wp\/v2\/users\/1"}],"replies":[{"embeddable":true,"href":"https:\/\/sjbb.fr\/index.php\/wp-json\/wp\/v2\/comments?post=1067"}],"version-history":[{"count":0,"href":"https:\/\/sjbb.fr\/index.php\/wp-json\/wp\/v2\/pages\/1067\/revisions"}],"wp:attachment":[{"href":"https:\/\/sjbb.fr\/index.php\/wp-json\/wp\/v2\/media?parent=1067"}],"curies":[{"name":"wp","href":"https:\/\/api.w.org\/{rel}","templated":true}]}}