{"id":153,"date":"2023-02-10T06:00:00","date_gmt":"2023-02-10T05:00:00","guid":{"rendered":"http:\/\/sjbb.fr\/?page_id=153"},"modified":"2025-09-21T13:48:15","modified_gmt":"2025-09-21T12:48:15","slug":"edito-du-cure","status":"publish","type":"page","link":"https:\/\/sjbb.fr\/index.php\/edito-du-cure\/","title":{"rendered":"Informations"},"content":{"rendered":"\n<h1 class=\"wp-block-heading\">B\u00e9n\u00e9diction des maisons<\/h1>\n\n\n\n<p class=\"has-normal-font-size\">Nous avons une belle tradition sur la paroisse durant le Temps Pascal : <strong>un temps de rencontre et de b\u00e9n\u00e9diction de votre domicile. <\/strong>Si vous souhaitez vivre cette b\u00e9n\u00e9diction,\u00a0 veuillez vous signaler et vous inscrire \u00e0 l\u2019accueil paroissial . Nous vous contacterons pour un rendez-vous.<\/p>\n\n\n\n<h2 class=\"wp-block-heading\">KTPEDIA-MIEUX VIVRE SA FOI<\/h2>\n\n\n<div class=\"wp-block-image is-style-rounded\">\n<figure class=\"alignright size-thumbnail\"><a href=\"https:\/\/sjbb.fr\/wp-content\/uploads\/2025\/01\/image-1.png\"><img loading=\"lazy\" decoding=\"async\" width=\"150\" height=\"150\" src=\"https:\/\/sjbb.fr\/wp-content\/uploads\/2025\/01\/image-1-150x150.png\" alt=\"\" class=\"wp-image-18415\" srcset=\"https:\/\/sjbb.fr\/wp-content\/uploads\/2025\/01\/image-1-150x150.png 150w, https:\/\/sjbb.fr\/wp-content\/uploads\/2025\/01\/image-1-144x144.png 144w, https:\/\/sjbb.fr\/wp-content\/uploads\/2025\/01\/image-1-88x88.png 88w\" sizes=\"auto, (max-width: 150px) 100vw, 150px\" \/><\/a><\/figure>\n<\/div>\n\n\n<p><strong>Parcours cat\u00e9ch\u00e9tique approfondi pour les adultes. Tous les jeudis de 19h30 \u00e0 20h30<\/strong>, (hors vacances scolaires). Ce parcours est l\u00e0 pour vous aider \u00e0 approfondir, de mani\u00e8re interactive, votre foi, en y mettant de la raison. 1h par semaine&nbsp; pour mieux comprendre sa foi et donc mieux en vivre.<br><strong>Contact : <\/strong>P\u00e8re Bruno et P\u00e8re Th\u00e9ophile<\/p>\n\n\n\n<h2 class=\"wp-block-heading\">BIBLIAPEDIA<\/h2>\n\n\n\n<p><strong>Parcours cat\u00e9ch\u00e9tique approfondi pour les adultes <\/strong>de 19h30 \u00e0 20h30 \u00e0 la chapelle Jean-Paul II.<\/p>\n\n\n<div class=\"wp-block-image is-style-rounded\">\n<figure class=\"alignright size-full\"><a href=\"https:\/\/sjbb.fr\/wp-content\/uploads\/2025\/01\/image.png\"><img loading=\"lazy\" decoding=\"async\" width=\"140\" height=\"140\" src=\"https:\/\/sjbb.fr\/wp-content\/uploads\/2025\/01\/image.png\" alt=\"\" class=\"wp-image-18412\" srcset=\"https:\/\/sjbb.fr\/wp-content\/uploads\/2025\/01\/image.png 140w, https:\/\/sjbb.fr\/wp-content\/uploads\/2025\/01\/image-88x88.png 88w, https:\/\/sjbb.fr\/wp-content\/uploads\/2025\/01\/image-24x24.png 24w, https:\/\/sjbb.fr\/wp-content\/uploads\/2025\/01\/image-36x36.png 36w, https:\/\/sjbb.fr\/wp-content\/uploads\/2025\/01\/image-48x48.png 48w\" sizes=\"auto, (max-width: 140px) 100vw, 140px\" \/><\/a><\/figure>\n<\/div>\n\n\n<p>Le principal objectif de Bibliapedia est d&rsquo;encourager la lecture de la Bible sur une p\u00e9riode de 5 \u00e0 7 ans, chaque lundi soir pendant une heure. L&rsquo;intention est d&rsquo;entrer par le texte biblique dans la r\u00e9v\u00e9lation de Dieu est Amour, et d&rsquo;approcher cette parole avec profondeur.<br><strong>Contact<\/strong> : P. Bruno et P. Th\u00e9ophile<\/p>\n\n\n\n<h2 class=\"wp-block-heading\">CONFIRMATION&nbsp; ADULTE<\/h2>\n\n\n\n<p><em>\u00ab&nbsp; Vous \u00eates adulte et n&rsquo;avez encore jamais re\u00e7u le sacrement de la&nbsp;Confirmation&nbsp;(dernier sacrement de l&rsquo;initiation chr\u00e9tienne), il n&rsquo;est pas trop tard !&nbsp;\u00bb <\/em><br>Chaque ann\u00e9e une dizaine d&rsquo;adultes se pr\u00e9parent \u00e0 recevoir ce sacrement, pour accueillir pleinement l&rsquo;Esprit Saint dans leur vie. Pour avoir plus d\u2019informations adressez-vous au P. Th\u00e9ophile <a href=\"mailto:th.delaronde@gmail.com\">th.delaronde@gmail.com<\/a><\/p>\n\n\n\n<div class=\"wp-block-group has-background\" style=\"background-color:#ffe8e8\"><div class=\"wp-block-group__inner-container is-layout-constrained wp-block-group-is-layout-constrained\">\n<h2 class=\"wp-block-heading\">&nbsp;VISITEURS DU JOURDAIN<\/h2>\n\n\n\n<p>Les <strong>Visiteurs du Jourdain <\/strong>vous invitent \u00e0 <strong>vivre la fraternit\u00e9 missionnaire en \u00e9tant pr\u00e9sent aupr\u00e8s de nos fr\u00e8res et s\u0153urs \u00e2g\u00e9s, isol\u00e9s, handicap\u00e9s et malades.<\/strong><\/p>\n\n\n\n<p>N&rsquo;h\u00e9sitez pas \u00e0 nous signaler un voisin de palier ou quelqu&rsquo;un que vous connaissez qui a besoin de notre pr\u00e9sence en laissant leurs coordonn\u00e9es au secr\u00e9tariat ou \u00e0 l&rsquo;accueil paroissial. Si vous souhaitez vous joindre au groupe des Visiteurs ou que nous venions vous rendre visite, n\u2019h\u00e9sitez pas \u00e0 nous contacter par mail <strong>lesvisiteursdujourdain@gmail.com<\/strong><\/p>\n<\/div><\/div>\n\n\n\n<hr class=\"wp-block-separator has-alpha-channel-opacity is-style-wide\"\/>\n\n\n\n<div class=\"wp-block-group has-background\" style=\"background-color:#edf9e4\"><div class=\"wp-block-group__inner-container is-layout-constrained wp-block-group-is-layout-constrained\">\n<h2 class=\"wp-block-heading\"><strong>OFFRIR UNE MESSE<\/strong><br><strong>POUR UNE INTENTION PARTICULI\u00c8RE<\/strong><\/h2>\n\n\n\n<p class=\"has-text-align-justify\">La messe est la plus grande pri\u00e8re que nous puissions faire monter vers Dieu puisque nous nous&nbsp; unissons  \u00e9troitement \u00e0 la pri\u00e8re m\u00eame du Christ.<\/p>\n\n\n\n<p class=\"has-text-align-justify\">&nbsp;<strong><em>La messe est <\/em><\/strong><strong><em>toujours<\/em><\/strong><strong><em> <\/em><\/strong><strong><em>c\u00e9l\u00e9br\u00e9e <\/em><\/strong><strong><em>pour le monde entier, mais on peut recommander une intention particuli\u00e8re <\/em><\/strong><strong><em>:<\/em><\/strong><strong><em> <\/em><\/strong><strong><em>pour <\/em><\/strong><strong><em>soi-m\u00eame, sa famille ou des amis, pour des d\u00e9funts, pour la paix, les <\/em><\/strong><strong><em>vocations<\/em><\/strong><strong><em> <\/em><\/strong><strong><em>sacerdotales<\/em><\/strong><strong><em>, une action de gr\u00e2ce pour un bienfait re\u00e7u de Dieu, etc<\/em><\/strong><strong><em>&#8230;<\/em><\/strong><\/p>\n\n\n\n<p class=\"has-text-align-justify\">La pri\u00e8re n\u2019a pas de prix et la messe est \u00e9videmment gratuite ! Mais l\u2019offrande vers\u00e9e \u00e0 cette occasion est signe de l\u2019offrande de soi-m\u00eame \u00e0 Dieu et constitue une aide mat\u00e9rielle pour la vie des pr\u00eatres.<\/p>\n\n\n\n<p class=\"has-text-align-justify\"><strong><em>Le <\/em><\/strong><strong><em>montant indicatif de l\u2019offrande <\/em><\/strong>est d\u00e9fini par la Conf\u00e9rence des \u00e9v\u00eaques de France \u00e0 <strong><em>18 \u20ac<\/em><\/strong>. Cela ne doit pas \u00eatre un obstacle \u00e0 votre demande.<\/p>\n<\/div><\/div>\n\n\n\n<hr class=\"wp-block-separator has-alpha-channel-opacity is-style-wide\"\/>\n\n\n\n<h2 class=\"wp-block-heading\">Le <strong>Mouvement des chr\u00e9tiens retrait\u00e9s<\/strong> (MCR)<\/h2>\n\n\n\n<p class=\"has-text-align-justify\">se r\u00e9unit <strong>une fois par mois le jeudi de 15h \u00e0 16h30 au 8 rue de Palestine <\/strong>en pr\u00e9sence du P\u00e8re Christian. La rencontre s\u2019articule entre r\u00e9flexion et \u00e9change, \u00e0 partir d&rsquo;un livret sur un th\u00e8me, celui de l&rsquo;ann\u00e9e est \u00a0\u00bb Osons l&rsquo;avenir dans un monde incertain\u00a0\u00bb. Des textes bibliques ou th\u00e9ologiques aident \u00e0 la r\u00e9flexion et au t\u00e9moignage personnel sur ce que nous apportent ces r\u00e9unions.<\/p>\n\n\n\n<hr class=\"wp-block-separator has-alpha-channel-opacity is-style-wide\"\/>\n\n\n\n<p>URGENT : <strong>Les maraudes on besoin de vous&nbsp;!<\/strong> Au service des plus d\u00e9munis du quartier , les <strong>maraudes de SJBB ont besoin<\/strong>&nbsp;: de <strong>nourriture s\u00e8che<\/strong> (soupes bolino, conserves de p\u00e2t\u00e9s, sardines, thon assaisonn\u00e9, biscuits en sachets individuels)  et des <strong>BENEVOLES<\/strong> pour aller \u00e0 la rencontre de nos fr\u00e8res de la rue <strong>le dimanche soir de 20h \u00e0 21h30.<\/strong> Contact&nbsp;: P. Bruno<\/p>\n\n\n\n<hr class=\"wp-block-separator has-alpha-channel-opacity is-style-wide\"\/>\n\n\n\n<h3 class=\"wp-block-heading\">DENIER DE L\u2019EGLISE<\/h3>\n\n\n\n<p><strong>Derni\u00e8re ligne droite <\/strong>&#8230;<\/p>\n\n\n\n<p><strong>Vous pouvez faire un don via le site Internet de la paroisse (<a href=\"https:\/\/sjbb.fr\/index.php\/deniers-en-ligne\">https:\/\/sjbb.fr\/index.php\/deniers-en-ligne<\/a>) ou en prenant une enveloppe au fond de l&rsquo;\u00e9glise. Merci de votre g\u00e9n\u00e9rosit\u00e9.<\/strong><\/p>\n\n\n\n<hr class=\"wp-block-separator has-css-opacity is-style-wide\"\/>\n\n\n\n<div class=\"wp-block-group\"><div class=\"wp-block-group__inner-container is-layout-flow wp-block-group-is-layout-flow\">\n<div class=\"wp-block-group\"><div class=\"wp-block-group__inner-container is-layout-flow wp-block-group-is-layout-flow\">\n<p class=\"has-text-align-center has-medium-gray-color has-text-color has-background has-normal-font-size\" style=\"background-color:#fbe383\"><strong>VID\u00c9OS PAROISSIALES SUR LA CHAINE YOUTUBE :<\/strong> Paroisse Saint Jean-Baptiste de Belleville<br>Et suivez la <a href=\"https:\/\/www.youtube.com\/channel\/UCgiSbDlq8TlxP8nj5OeDAMA\/featured\" target=\"_blank\" rel=\"noreferrer noopener\">chaine de de la Paroisse<\/a><\/p>\n<\/div><\/div>\n\n\n\n<hr class=\"wp-block-separator has-css-opacity is-style-wide\"\/>\n\n\n\n<div class=\"wp-block-group\"><div class=\"wp-block-group__inner-container is-layout-flow wp-block-group-is-layout-flow\">\n<h4 class=\"wp-block-heading\" id=\"inscrivez-vous-a-la-newsletters-de-la-paroisse\">Inscrivez vous \u00e0 la Newsletters de la paroisse<\/h4>\n\n\n\n\t\t\t<form id=\"sib_signup_form_1\" method=\"post\" class=\"sib_signup_form\">\n\t\t\t\t<div class=\"sib_loader\" style=\"display:none;\"><img\n\t\t\t\t\t\t\tsrc=\"https:\/\/sjbb.fr\/wp-includes\/images\/spinner.gif\" alt=\"loader\"><\/div>\n\t\t\t\t<input type=\"hidden\" name=\"sib_form_action\" value=\"subscribe_form_submit\">\n\t\t\t\t<input type=\"hidden\" name=\"sib_form_id\" value=\"1\">\n                <input type=\"hidden\" name=\"sib_form_alert_notice\" value=\"Remplissez ce champ s\u2019il vous pla\u00eet\">\n                <input type=\"hidden\" name=\"sib_form_invalid_email_notice\" value=\"Cette adresse email n&#039;est pas valide\">\n                <input type=\"hidden\" name=\"sib_security\" value=\"64545a24b6\">\n\t\t\t\t<div class=\"sib_signup_box_inside_1\">\n\t\t\t\t\t<div style=\"\/*display:none*\/\" class=\"sib_msg_disp\">\n\t\t\t\t\t<\/div>\n                    \t\t\t\t\t<p class=\"sib-email-area\">\r\n    <label class=\"sib-email-area\">Email *<\/label>\r\n    <input type=\"email\" class=\"sib-email-area\" name=\"email\" required=\"required\">\r\n<\/p>\r\n<p class=\"sib-NAME-area\">\r\n    <label class=\"sib-NAME-area\">Nom Prenom<\/label>\r\n    <input type=\"text\" class=\"sib-NAME-area\" name=\"NAME\">\r\n<\/p>\r\n<p>\r\n    <input type=\"submit\" class=\"sib-default-btn\" value=\"S'abonner\">\r\n<\/p>\t\t\t\t<\/div>\n\t\t\t<\/form>\n\t\t\t<style>\n\t\t\t\tform#sib_signup_form_1 {\r\n    padding: 5px;\r\n    -moz-box-sizing:border-box;\r\n    -webkit-box-sizing: border-box;\r\n    box-sizing: border-box;\r\n    background-color: #fce99c;\r\n}\r\nform#sib_signup_form_1 input[type=text],form#sib_signup_form_1 input[type=email], form#sib_signup_form_1 select {\r\n    width: 100%;\r\n    border: 1px solid #bbb;\r\n    height: auto;\r\n    margin: 5px 0 0 0;\r\n}\r\nform#sib_signup_form_1 .sib-default-btn {\r\n    margin: 5px 0;\r\n    padding: 6px 12px;\r\n    color:#fff;\r\n    background-color: #333;\r\n    border-color: #2E2E2E;\r\n    font-size: 14px;\r\n    font-weight:400;\r\n    line-height: 1.4285;\r\n    text-align: center;\r\n    cursor: pointer;\r\n    vertical-align: middle;\r\n    -webkit-user-select:none;\r\n    -moz-user-select:none;\r\n    -ms-user-select:none;\r\n    user-select:none;\r\n    white-space: normal;\r\n    border:1px solid transparent;\r\n    border-radius: 3px;\r\n}\r\nform#sib_signup_form_1 .sib-default-btn:hover {\r\n    background-color: #444;\r\n}\r\nform#sib_signup_form_1 p{\r\n    margin: 10px 0 0 0;\r\n}form#sib_signup_form_1 p.sib-alert-message {\n    padding: 6px 12px;\n    margin-bottom: 20px;\n    border: 1px solid transparent;\n    border-radius: 4px;\n    -webkit-box-sizing: border-box;\n    -moz-box-sizing: border-box;\n    box-sizing: border-box;\n}\nform#sib_signup_form_1 p.sib-alert-message-error {\n    background-color: #f2dede;\n    border-color: #ebccd1;\n    color: #a94442;\n}\nform#sib_signup_form_1 p.sib-alert-message-success {\n    background-color: #dff0d8;\n    border-color: #d6e9c6;\n    color: #3c763d;\n}\nform#sib_signup_form_1 p.sib-alert-message-warning {\n    background-color: #fcf8e3;\n    border-color: #faebcc;\n    color: #8a6d3b;\n}\n\t\t\t<\/style>\n\t\t\t\n<\/div><\/div>\n\n\n\n<div class=\"wp-block-group\"><div class=\"wp-block-group__inner-container is-layout-flow wp-block-group-is-layout-flow\">\n<div class=\"wp-block-group\"><div class=\"wp-block-group__inner-container is-layout-flow wp-block-group-is-layout-flow\">\n<hr class=\"wp-block-separator has-css-opacity is-style-wide\"\/>\n<\/div><\/div>\n<\/div><\/div>\n\n\n\n<figure class=\"wp-block-image\"><img loading=\"lazy\" decoding=\"async\" width=\"641\" height=\"232\" src=\"http:\/\/sjbb.fr\/wp-content\/uploads\/2019\/06\/Protection-des-donn\u00e9es.jpg\" alt=\"\" class=\"wp-image-5982\" srcset=\"https:\/\/sjbb.fr\/wp-content\/uploads\/2019\/06\/Protection-des-donn\u00e9es.jpg 641w, https:\/\/sjbb.fr\/wp-content\/uploads\/2019\/06\/Protection-des-donn\u00e9es-300x109.jpg 300w, https:\/\/sjbb.fr\/wp-content\/uploads\/2019\/06\/Protection-des-donn\u00e9es-24x9.jpg 24w, https:\/\/sjbb.fr\/wp-content\/uploads\/2019\/06\/Protection-des-donn\u00e9es-36x13.jpg 36w, https:\/\/sjbb.fr\/wp-content\/uploads\/2019\/06\/Protection-des-donn\u00e9es-48x17.jpg 48w\" sizes=\"auto, (max-width: 641px) 100vw, 641px\" \/><\/figure>\n<\/div><\/div>\n\n\n","protected":false},"excerpt":{"rendered":"<p>B\u00e9n\u00e9diction des maisons Nous avons une belle tradition sur la paroisse durant le Temps Pascal : un temps de rencontre et de b\u00e9n\u00e9diction de votre domicile. Si vous souhaitez vivre cette b\u00e9n\u00e9diction,\u00a0 veuillez vous signaler et vous inscrire \u00e0 l\u2019accueil paroissial . Nous vous contacterons pour un rendez-vous. KTPEDIA-MIEUX VIVRE SA FOI Parcours cat\u00e9ch\u00e9tique approfondi [&hellip;]<\/p>\n","protected":false},"author":11,"featured_media":17796,"parent":0,"menu_order":0,"comment_status":"closed","ping_status":"closed","template":"","meta":{"footnotes":""},"class_list":["post-153","page","type-page","status-publish","has-post-thumbnail","hentry"],"jetpack_sharing_enabled":true,"_links":{"self":[{"href":"https:\/\/sjbb.fr\/index.php\/wp-json\/wp\/v2\/pages\/153","targetHints":{"allow":["GET"]}}],"collection":[{"href":"https:\/\/sjbb.fr\/index.php\/wp-json\/wp\/v2\/pages"}],"about":[{"href":"https:\/\/sjbb.fr\/index.php\/wp-json\/wp\/v2\/types\/page"}],"author":[{"embeddable":true,"href":"https:\/\/sjbb.fr\/index.php\/wp-json\/wp\/v2\/users\/11"}],"replies":[{"embeddable":true,"href":"https:\/\/sjbb.fr\/index.php\/wp-json\/wp\/v2\/comments?post=153"}],"version-history":[{"count":45,"href":"https:\/\/sjbb.fr\/index.php\/wp-json\/wp\/v2\/pages\/153\/revisions"}],"predecessor-version":[{"id":18599,"href":"https:\/\/sjbb.fr\/index.php\/wp-json\/wp\/v2\/pages\/153\/revisions\/18599"}],"wp:featuredmedia":[{"embeddable":true,"href":"https:\/\/sjbb.fr\/index.php\/wp-json\/wp\/v2\/media\/17796"}],"wp:attachment":[{"href":"https:\/\/sjbb.fr\/index.php\/wp-json\/wp\/v2\/media?parent=153"}],"curies":[{"name":"wp","href":"https:\/\/api.w.org\/{rel}","templated":true}]}}