{"id":16387,"date":"2022-11-12T18:18:06","date_gmt":"2022-11-12T17:18:06","guid":{"rendered":"https:\/\/sjbb.fr\/?page_id=16387"},"modified":"2023-10-19T14:11:19","modified_gmt":"2023-10-19T13:11:19","slug":"ladoration","status":"publish","type":"page","link":"https:\/\/sjbb.fr\/index.php\/ladoration\/","title":{"rendered":"L&rsquo;Adoration"},"content":{"rendered":"\n<h2 class=\"wp-block-heading\">Adoration du Saint Sacrement<\/h2>\n\n\n\n<p class=\"has-drop-cap\">Acte par lequel les fid\u00e8les v\u00e9n\u00e8rent le Christ r\u00e9ellement pr\u00e9sent dans l\u2019hostie consacr\u00e9e au cours la messe, qu\u2019elle soit d\u00e9pos\u00e9e dans le tabernacle ou expos\u00e9e dans l\u2019ostensoir. La contemplation, l\u2019adoration devant le Saint Sacrement ne remplacent pas l\u2019Eucharistie, elle en est le prolongement.<\/p>\n\n\n\n<h2 class=\"wp-block-heading\">Horaires :<\/h2>\n\n\n\n<ul class=\"wp-block-list\">\n<li>lundi 19h30 &#8211; 20h, <\/li>\n\n\n\n<li>mardi au vendredi 17h30 &#8211; 18h45, <\/li>\n\n\n\n<li>samedi 11h &#8211; 12h.<\/li>\n<\/ul>\n\n\n\n<h2 class=\"wp-block-heading\">Lieux :<\/h2>\n\n\n\n<p>Suivant les saisons : \u00e9glise ou chapelle St Jean-Paul II.<br><br><\/p>\n","protected":false},"excerpt":{"rendered":"<p>Adoration du Saint Sacrement Acte par lequel les fid\u00e8les v\u00e9n\u00e8rent le Christ r\u00e9ellement pr\u00e9sent dans l\u2019hostie consacr\u00e9e au cours la messe, qu\u2019elle soit d\u00e9pos\u00e9e dans le tabernacle ou expos\u00e9e dans l\u2019ostensoir. La contemplation, l\u2019adoration devant le Saint Sacrement ne remplacent pas l\u2019Eucharistie, elle en est le prolongement. Horaires : Lieux : Suivant les saisons : [&hellip;]<\/p>\n","protected":false},"author":16,"featured_media":17418,"parent":0,"menu_order":0,"comment_status":"closed","ping_status":"closed","template":"","meta":{"footnotes":""},"class_list":["post-16387","page","type-page","status-publish","has-post-thumbnail","hentry"],"jetpack_sharing_enabled":true,"_links":{"self":[{"href":"https:\/\/sjbb.fr\/index.php\/wp-json\/wp\/v2\/pages\/16387","targetHints":{"allow":["GET"]}}],"collection":[{"href":"https:\/\/sjbb.fr\/index.php\/wp-json\/wp\/v2\/pages"}],"about":[{"href":"https:\/\/sjbb.fr\/index.php\/wp-json\/wp\/v2\/types\/page"}],"author":[{"embeddable":true,"href":"https:\/\/sjbb.fr\/index.php\/wp-json\/wp\/v2\/users\/16"}],"replies":[{"embeddable":true,"href":"https:\/\/sjbb.fr\/index.php\/wp-json\/wp\/v2\/comments?post=16387"}],"version-history":[{"count":1,"href":"https:\/\/sjbb.fr\/index.php\/wp-json\/wp\/v2\/pages\/16387\/revisions"}],"predecessor-version":[{"id":17419,"href":"https:\/\/sjbb.fr\/index.php\/wp-json\/wp\/v2\/pages\/16387\/revisions\/17419"}],"wp:featuredmedia":[{"embeddable":true,"href":"https:\/\/sjbb.fr\/index.php\/wp-json\/wp\/v2\/media\/17418"}],"wp:attachment":[{"href":"https:\/\/sjbb.fr\/index.php\/wp-json\/wp\/v2\/media?parent=16387"}],"curies":[{"name":"wp","href":"https:\/\/api.w.org\/{rel}","templated":true}]}}