{"id":16437,"date":"2022-11-20T16:19:35","date_gmt":"2022-11-20T15:19:35","guid":{"rendered":"https:\/\/sjbb.fr\/?page_id=16437"},"modified":"2025-09-24T13:41:09","modified_gmt":"2025-09-24T12:41:09","slug":"patro-du-jourdain","status":"publish","type":"page","link":"https:\/\/sjbb.fr\/index.php\/patro-du-jourdain\/","title":{"rendered":"Patro du jourdain"},"content":{"rendered":"\n<p>Le Patro du Jourdain est un lieu \u00e9ducatif chr\u00e9tien ouvert \u00e0 tous, proposant des activit\u00e9s manuelles, sportives, culturelles et spirituelles aux enfants du CP au CM2.<\/p>\n\n\n\n<p>Le Patro du Jourdain est un lieu de vie, propos\u00e9 \u00e0 tous les enfants de toute<br>confession, o\u00f9 chacun peut se construire dans le jeu et nouer des amiti\u00e9s belles et profondes.<\/p>\n\n\n\n<h2 class=\"wp-block-heading\">Horaires<\/h2>\n\n\n\n<p>Le Patro du Jourdain vous accueille le <strong>mercredi matin <\/strong>\u00e0 partir de 8h30 et l\u2019apr\u00e8s-midi de 13h30 jusqu\u2019\u00e0 17h30.<\/p>\n\n\n\n<figure class=\"wp-block-image size-full\"><a href=\"https:\/\/sjbb.fr\/wp-content\/uploads\/2022\/11\/Flyer-Pdj.pdf\" target=\"_blank\" rel=\"noreferrer noopener\"><img loading=\"lazy\" decoding=\"async\" width=\"547\" height=\"557\" src=\"https:\/\/sjbb.fr\/wp-content\/uploads\/2022\/11\/Flyer-2.jpg\" alt=\"\" class=\"wp-image-16438\" srcset=\"https:\/\/sjbb.fr\/wp-content\/uploads\/2022\/11\/Flyer-2.jpg 547w, https:\/\/sjbb.fr\/wp-content\/uploads\/2022\/11\/Flyer-2-295x300.jpg 295w, https:\/\/sjbb.fr\/wp-content\/uploads\/2022\/11\/Flyer-2-24x24.jpg 24w, https:\/\/sjbb.fr\/wp-content\/uploads\/2022\/11\/Flyer-2-36x36.jpg 36w, https:\/\/sjbb.fr\/wp-content\/uploads\/2022\/11\/Flyer-2-48x48.jpg 48w\" sizes=\"auto, (max-width: 547px) 100vw, 547px\" \/><\/a><figcaption class=\"wp-element-caption\"><a href=\"https:\/\/sjbb.fr\/wp-content\/uploads\/2022\/11\/Flyer-Pdj.pdf\" target=\"_blank\" rel=\"noreferrer noopener\">S&rsquo;inscrire<\/a><\/figcaption><\/figure>\n\n\n\n<figure class=\"wp-block-image size-large\"><a href=\"https:\/\/sjbb.fr\/wp-content\/uploads\/2022\/11\/Camp-fevrier-2023.pdf\" target=\"_blank\" rel=\"noreferrer noopener\"><img loading=\"lazy\" decoding=\"async\" width=\"662\" height=\"1024\" src=\"https:\/\/sjbb.fr\/wp-content\/uploads\/2022\/11\/Campfevrier2023-662x1024.jpg\" alt=\"\" class=\"wp-image-16439\" srcset=\"https:\/\/sjbb.fr\/wp-content\/uploads\/2022\/11\/Campfevrier2023-662x1024.jpg 662w, https:\/\/sjbb.fr\/wp-content\/uploads\/2022\/11\/Campfevrier2023-194x300.jpg 194w, https:\/\/sjbb.fr\/wp-content\/uploads\/2022\/11\/Campfevrier2023-768x1187.jpg 768w, https:\/\/sjbb.fr\/wp-content\/uploads\/2022\/11\/Campfevrier2023-993x1536.jpg 993w, https:\/\/sjbb.fr\/wp-content\/uploads\/2022\/11\/Campfevrier2023-1325x2048.jpg 1325w, https:\/\/sjbb.fr\/wp-content\/uploads\/2022\/11\/Campfevrier2023-900x1392.jpg 900w, https:\/\/sjbb.fr\/wp-content\/uploads\/2022\/11\/Campfevrier2023-1280x1979.jpg 1280w, https:\/\/sjbb.fr\/wp-content\/uploads\/2022\/11\/Campfevrier2023-16x24.jpg 16w, https:\/\/sjbb.fr\/wp-content\/uploads\/2022\/11\/Campfevrier2023-23x36.jpg 23w, https:\/\/sjbb.fr\/wp-content\/uploads\/2022\/11\/Campfevrier2023-31x48.jpg 31w, https:\/\/sjbb.fr\/wp-content\/uploads\/2022\/11\/Campfevrier2023.jpg 1604w\" sizes=\"auto, (max-width: 662px) 100vw, 662px\" \/><\/a><figcaption class=\"wp-element-caption\"><a href=\"https:\/\/sjbb.fr\/wp-content\/uploads\/2022\/11\/Camp-fevrier-2023.pdf\" target=\"_blank\" rel=\"noreferrer noopener\">Pour s&rsquo;inscrire<\/a><\/figcaption><\/figure>\n","protected":false},"excerpt":{"rendered":"<p>Le Patro du Jourdain est un lieu \u00e9ducatif chr\u00e9tien ouvert \u00e0 tous, proposant des activit\u00e9s manuelles, sportives, culturelles et spirituelles aux enfants du CP au CM2. Le Patro du Jourdain est un lieu de vie, propos\u00e9 \u00e0 tous les enfants de touteconfession, o\u00f9 chacun peut se construire dans le jeu et nouer des amiti\u00e9s belles [&hellip;]<\/p>\n","protected":false},"author":14,"featured_media":18920,"parent":0,"menu_order":0,"comment_status":"closed","ping_status":"closed","template":"","meta":{"footnotes":""},"class_list":["post-16437","page","type-page","status-publish","has-post-thumbnail","hentry"],"jetpack_sharing_enabled":true,"_links":{"self":[{"href":"https:\/\/sjbb.fr\/index.php\/wp-json\/wp\/v2\/pages\/16437","targetHints":{"allow":["GET"]}}],"collection":[{"href":"https:\/\/sjbb.fr\/index.php\/wp-json\/wp\/v2\/pages"}],"about":[{"href":"https:\/\/sjbb.fr\/index.php\/wp-json\/wp\/v2\/types\/page"}],"author":[{"embeddable":true,"href":"https:\/\/sjbb.fr\/index.php\/wp-json\/wp\/v2\/users\/14"}],"replies":[{"embeddable":true,"href":"https:\/\/sjbb.fr\/index.php\/wp-json\/wp\/v2\/comments?post=16437"}],"version-history":[{"count":1,"href":"https:\/\/sjbb.fr\/index.php\/wp-json\/wp\/v2\/pages\/16437\/revisions"}],"predecessor-version":[{"id":18921,"href":"https:\/\/sjbb.fr\/index.php\/wp-json\/wp\/v2\/pages\/16437\/revisions\/18921"}],"wp:featuredmedia":[{"embeddable":true,"href":"https:\/\/sjbb.fr\/index.php\/wp-json\/wp\/v2\/media\/18920"}],"wp:attachment":[{"href":"https:\/\/sjbb.fr\/index.php\/wp-json\/wp\/v2\/media?parent=16437"}],"curies":[{"name":"wp","href":"https:\/\/api.w.org\/{rel}","templated":true}]}}