{"id":16487,"date":"2022-12-01T13:45:28","date_gmt":"2022-12-01T12:45:28","guid":{"rendered":"https:\/\/sjbb.fr\/?page_id=16487"},"modified":"2025-10-10T13:57:19","modified_gmt":"2025-10-10T12:57:19","slug":"legs-donation-et-assurance-vie","status":"publish","type":"page","link":"https:\/\/sjbb.fr\/index.php\/legs-donation-et-assurance-vie\/","title":{"rendered":"Legs, Donation et Assurance-Vie"},"content":{"rendered":"\n<h2 class=\"wp-block-heading\">Comment faire un legs \u00e0 votre paroisse ?<\/h2>\n\n\n\n<figure class=\"wp-block-image size-full\"><a href=\"https:\/\/sjbb.fr\/wp-content\/uploads\/2022\/11\/qrcode_denier.paris_.catholique.fr_.png\"><img loading=\"lazy\" decoding=\"async\" width=\"450\" height=\"450\" src=\"https:\/\/sjbb.fr\/wp-content\/uploads\/2022\/11\/qrcode_denier.paris_.catholique.fr_.png\" alt=\"\" class=\"wp-image-16466\" srcset=\"https:\/\/sjbb.fr\/wp-content\/uploads\/2022\/11\/qrcode_denier.paris_.catholique.fr_.png 450w, https:\/\/sjbb.fr\/wp-content\/uploads\/2022\/11\/qrcode_denier.paris_.catholique.fr_-300x300.png 300w, https:\/\/sjbb.fr\/wp-content\/uploads\/2022\/11\/qrcode_denier.paris_.catholique.fr_-150x150.png 150w, https:\/\/sjbb.fr\/wp-content\/uploads\/2022\/11\/qrcode_denier.paris_.catholique.fr_-144x144.png 144w, https:\/\/sjbb.fr\/wp-content\/uploads\/2022\/11\/qrcode_denier.paris_.catholique.fr_-88x88.png 88w, https:\/\/sjbb.fr\/wp-content\/uploads\/2022\/11\/qrcode_denier.paris_.catholique.fr_-24x24.png 24w, https:\/\/sjbb.fr\/wp-content\/uploads\/2022\/11\/qrcode_denier.paris_.catholique.fr_-36x36.png 36w, https:\/\/sjbb.fr\/wp-content\/uploads\/2022\/11\/qrcode_denier.paris_.catholique.fr_-48x48.png 48w\" sizes=\"auto, (max-width: 450px) 100vw, 450px\" \/><\/a><\/figure>\n\n\n\n<h3 class=\"wp-block-heading\">Introduction<\/h3>\n\n\n\n<p><em>L\u00e9guer \u00e0 l\u2019\u00c9glise catholique, c\u2019est lui donner dans l\u2019avenir les moyens mat\u00e9riels de poursuivre sa mission d\u2019\u00e9vang\u00e9lisation, d\u2019\u00e9ducation, de charit\u00e9, de pri\u00e8re. Envisager de faire un legs, c\u2019est une fa\u00e7on de s\u2019ouvrir \u00e0 un possible partage auquel le Christ nous a appel\u00e9s. C\u2019est aussi une derni\u00e8re fa\u00e7on de continuer \u00e0 faire du bien, comme nous l\u2019avons fait tout au long de notre vie, un dernier don, un don encore plus fort.<\/em><br><em>Suivre le<a href=\"https:\/\/dioceseparis.fr\/-legs-donations-et-assurances-vie-.html\" target=\"_blank\" rel=\"noreferrer noopener\"> lien LEGS<\/a><\/em><\/p>\n\n\n\n<p>Demande du guide pratique \u201cTransmettre \u00e0 l\u2019\u00c9glise : Legs, Assurance-vie, Donation\u201d<\/p>\n\n\n\n<p>Guide pratique \u201cTransmettre \u00e0 l\u2019\u00c9glise : Legs, Assurance-vie, Donation\u201d<br>T\u00e9l\u00e9charger le PDF.<br>Je souhaite recevoir en toute confidentialit\u00e9 et sans engagement le guide pratique \u201cTransmettre \u00e0 l\u2019\u00c9glise : Legs, Assurance-vie, Donation\u201d du dioc\u00e8se de Paris.<\/p>\n\n\n\n<p>Dans notre souci permanent de confidentialit\u00e9, vos coordonn\u00e9es seront exclusivement destin\u00e9es \u00e0 l\u2019Unit\u00e9 Transmission de Patrimoine. Aucune information personnelle vous concernant ne sera c\u00e9d\u00e9e \u00e0 des tiers ou utilis\u00e9e \u00e0 des fins non pr\u00e9vues. Elles seront en acc\u00e8s restreint au sein de l\u2019unit\u00e9. Vous disposez d\u2019un droit d\u2019acc\u00e8s, de modification, de rectification et de suppression des donn\u00e9es personnelles que nous pourrions \u00eatre amen\u00e9s \u00e0 recueillir (Art. 34 de la loi \u00ab Informatique et Libert\u00e9s \u00bb). <\/p>\n\n\n\n<p>Pour l\u2019exercer, adressez-vous \u00e0 : Hubert Gossot, 10 rue du Clo\u00eetre Notre-Dame, 75004 Paris, <a href=\"mailto:hgossot@diocese-paris.net\">hgossot@diocese-paris.net<\/a>. <\/p>\n\n\n\n<figure class=\"wp-block-image size-large\"><a href=\"https:\/\/sjbb.fr\/wp-content\/uploads\/2022\/12\/Affiche-legs-2021.jpg\"><img loading=\"lazy\" decoding=\"async\" width=\"700\" height=\"1024\" src=\"https:\/\/sjbb.fr\/wp-content\/uploads\/2022\/12\/Affiche-legs-2021-700x1024.jpg\" alt=\"\" class=\"wp-image-16488\" srcset=\"https:\/\/sjbb.fr\/wp-content\/uploads\/2022\/12\/Affiche-legs-2021-700x1024.jpg 700w, https:\/\/sjbb.fr\/wp-content\/uploads\/2022\/12\/Affiche-legs-2021-205x300.jpg 205w, https:\/\/sjbb.fr\/wp-content\/uploads\/2022\/12\/Affiche-legs-2021-768x1124.jpg 768w, https:\/\/sjbb.fr\/wp-content\/uploads\/2022\/12\/Affiche-legs-2021-1050x1536.jpg 1050w, https:\/\/sjbb.fr\/wp-content\/uploads\/2022\/12\/Affiche-legs-2021-1400x2048.jpg 1400w, https:\/\/sjbb.fr\/wp-content\/uploads\/2022\/12\/Affiche-legs-2021-900x1317.jpg 900w, https:\/\/sjbb.fr\/wp-content\/uploads\/2022\/12\/Affiche-legs-2021-1280x1873.jpg 1280w, https:\/\/sjbb.fr\/wp-content\/uploads\/2022\/12\/Affiche-legs-2021-16x24.jpg 16w, https:\/\/sjbb.fr\/wp-content\/uploads\/2022\/12\/Affiche-legs-2021-25x36.jpg 25w, https:\/\/sjbb.fr\/wp-content\/uploads\/2022\/12\/Affiche-legs-2021-33x48.jpg 33w, https:\/\/sjbb.fr\/wp-content\/uploads\/2022\/12\/Affiche-legs-2021.jpg 1443w\" sizes=\"auto, (max-width: 700px) 100vw, 700px\" \/><\/a><\/figure>\n","protected":false},"excerpt":{"rendered":"<p>Comment faire un legs \u00e0 votre paroisse ? Introduction L\u00e9guer \u00e0 l\u2019\u00c9glise catholique, c\u2019est lui donner dans l\u2019avenir les moyens mat\u00e9riels de poursuivre sa mission d\u2019\u00e9vang\u00e9lisation, d\u2019\u00e9ducation, de charit\u00e9, de pri\u00e8re. Envisager de faire un legs, c\u2019est une fa\u00e7on de s\u2019ouvrir \u00e0 un possible partage auquel le Christ nous a appel\u00e9s. C\u2019est aussi une derni\u00e8re [&hellip;]<\/p>\n","protected":false},"author":14,"featured_media":17386,"parent":0,"menu_order":0,"comment_status":"closed","ping_status":"closed","template":"","meta":{"footnotes":""},"class_list":["post-16487","page","type-page","status-publish","has-post-thumbnail","hentry"],"jetpack_sharing_enabled":true,"_links":{"self":[{"href":"https:\/\/sjbb.fr\/index.php\/wp-json\/wp\/v2\/pages\/16487","targetHints":{"allow":["GET"]}}],"collection":[{"href":"https:\/\/sjbb.fr\/index.php\/wp-json\/wp\/v2\/pages"}],"about":[{"href":"https:\/\/sjbb.fr\/index.php\/wp-json\/wp\/v2\/types\/page"}],"author":[{"embeddable":true,"href":"https:\/\/sjbb.fr\/index.php\/wp-json\/wp\/v2\/users\/14"}],"replies":[{"embeddable":true,"href":"https:\/\/sjbb.fr\/index.php\/wp-json\/wp\/v2\/comments?post=16487"}],"version-history":[{"count":3,"href":"https:\/\/sjbb.fr\/index.php\/wp-json\/wp\/v2\/pages\/16487\/revisions"}],"predecessor-version":[{"id":18989,"href":"https:\/\/sjbb.fr\/index.php\/wp-json\/wp\/v2\/pages\/16487\/revisions\/18989"}],"wp:featuredmedia":[{"embeddable":true,"href":"https:\/\/sjbb.fr\/index.php\/wp-json\/wp\/v2\/media\/17386"}],"wp:attachment":[{"href":"https:\/\/sjbb.fr\/index.php\/wp-json\/wp\/v2\/media?parent=16487"}],"curies":[{"name":"wp","href":"https:\/\/api.w.org\/{rel}","templated":true}]}}