{"id":197,"date":"2023-09-15T06:00:00","date_gmt":"2023-09-15T05:00:00","guid":{"rendered":"http:\/\/sjbb.fr\/?page_id=197"},"modified":"2025-09-25T10:30:24","modified_gmt":"2025-09-25T09:30:24","slug":"sacrements","status":"publish","type":"page","link":"https:\/\/sjbb.fr\/index.php\/sacrements\/","title":{"rendered":"Sacrements"},"content":{"rendered":"\n<style>\n\t#hotspot-18934 .hotspots-image-container,\n\t#hotspot-18934 .leaflet-container {\n\t\tbackground: #efefef\t}\n\n\t#hotspot-18934 .hotspots-placeholder,\n\t.featherlight .featherlight-content.lightbox-18934 {\n\t\tbackground: #ffffff;\n\t\tborder: 0 #ffffff solid;\n\t\tcolor: #000000;\n\t}\n\n\t#hotspot-18934 .hotspot-title,\n\t#hotspot-18934 .bc-product__title a,\n\t.featherlight .featherlight-content.lightbox-18934 .hotspot-title,\n\t.featherlight .featherlight-content.lightbox-18934 .bc-product__title a {\n\t\tcolor: #000000;\n\t}\n\n\t\t\t#hotspot-18934 .hotspot-style-1 {\n\t\t\tstroke-width: 1;\n\t\t\tfill: #ffffff;\n\t\t\tfill-opacity: 0;\n\t\t\tstroke: #ffffff;\n\t\t\tstroke-opacity: 0;\n\t\t}\n\t\t#hotspot-18934 .hotspot-style-1:hover,\n\t\t#hotspot-18934 .hotspot-style-1:focus-visible,\n\t\t#hotspot-18934 .hotspot-style-1.hotspot-active {\n\t\t\tfill: #ffffff;\n\t\t\tfill-opacity: 0.81;\n\t\t\toutline: none;\n\t\t\tstroke: #ffffff;\n\t\t\tstroke-opacity: 0.81;\n\t\t}\n\t\t\t#hotspot-18934 .hotspot-default {\n\t\t\tstroke-width: 1;\n\t\t\tfill: #ffffff;\n\t\t\tfill-opacity: 0;\n\t\t\tstroke: #ffffff;\n\t\t\tstroke-opacity: 0;\n\t\t}\n\t\t#hotspot-18934 .hotspot-default:hover,\n\t\t#hotspot-18934 .hotspot-default:focus-visible,\n\t\t#hotspot-18934 .hotspot-default.hotspot-active {\n\t\t\tfill: #ffffff;\n\t\t\tfill-opacity: 0.81;\n\t\t\toutline: none;\n\t\t\tstroke: #ffffff;\n\t\t\tstroke-opacity: 0.81;\n\t\t}\n\t\t#hotspot-18934 .leaflet-tooltip,\n\t#hotspot-18934 .leaflet-rrose-content-wrapper {\n\t\tbackground: #ffffff;\n\t\tborder-color: #ffffff;\n\t\tcolor: #000000;\n\t}\n\n\t#hotspot-18934 a.leaflet-rrose-close-button {\n\t\tcolor: #000000;\n\t}\n\n\t#hotspot-18934 .leaflet-rrose-tip {\n\t\tbackground: #ffffff;\n\t}\n\n\t#hotspot-18934 .leaflet-popup-scrolled {\n\t\tborder-bottom-color: #000000;\n\t\tborder-top-color: #000000;\n\t}\n\n\t#hotspot-18934 .leaflet-tooltip-top:before {\n\t\tborder-top-color: #ffffff;\n\t}\n\n\t#hotspot-18934 .leaflet-tooltip-bottom:before {\n\t\tborder-bottom-color: #ffffff;\n\t}\n\t#hotspot-18934 .leaflet-tooltip-left:before {\n\t\tborder-left-color: #ffffff;\n\t}\n\t#hotspot-18934 .leaflet-tooltip-right:before {\n\t\tborder-right-color: #ffffff;\n\t}\n<\/style>\n\n\n\t<div class=\"hotspots-container links-only layout-left event-click\" id=\"hotspot-18934\" data-layout=\"left\" data-trigger=\"click\">\n\t\t<div class=\"hotspots-interaction\">\n\t\t\t<div class=\"hotspots-image-container\">\n\t<img\n\t\twidth=\"2481\"\n\t\theight=\"2524\"\n\t\tsrc=\"https:\/\/sjbb.fr\/wp-content\/uploads\/2025\/09\/Acceuillir-le-Christ-1.jpg\"\n\t\talt=\"Accueillir le christ\"\n\t\tclass=\"hotspots-image skip-lazy\"\n\t\tusemap=\"#hotspots-image-18934\"\n\t\tdata-image-title=\"Accueillir le christ\"\n\t\tdata-image-description=\"\"\n\t\tdata-event-trigger=\"click\"\n\t\tdata-always-visible=\"false\"\n\t\tdata-id=\"18934\"\n\t\tdata-no-lazy=\"1\"\n\t\tdata-lazy-src=\"\"\n\t\tdata-lazy=\"false\"\n\t\tloading=\"eager\"\n\t\tdata-skip-lazy=\"1\"\n\t\t>\n<\/div>\t\t<\/div>\n\t\t<map name=\"hotspots-image-18934\" class=\"hotspots-map\">\n\t\t\t\t\t\t\t\t\t\t\t<area\n\t\t\t\t\tshape=\"polygon\"\n\t\t\t\t\tcoords=\"1673,827,1673,288,2399,288,2399,827\"\n\t\t\t\t\thref=\"https:\/\/sjbb.fr\/index.php\/la-confirmation\/\"\n\t\t\t\t\trel=\"\"\n\t\t\t\t\ttitle=\"Corfirmation\"\n\t\t\t\t\talt=\"Corfirmation\"\n\t\t\t\t\tdata-action=\"url\"\n\t\t\t\t\tdata-color-scheme=\"\"\n\t\t\t\t\tdata-id=\"area-hotspot-18934-0\"\n\t\t\t\t\ttarget=\"\"\n\t\t\t\t\tclass=\"url-area\"\n\t\t\t\t\t>\n\t\t\t\t\t\t\t\t\t\t\t<area\n\t\t\t\t\tshape=\"polygon\"\n\t\t\t\t\tcoords=\"116,829,116,288,840,288,840,829\"\n\t\t\t\t\thref=\"https:\/\/sjbb.fr\/index.php\/le-bapteme\/\"\n\t\t\t\t\trel=\"\"\n\t\t\t\t\ttitle=\"Bapt\u00e8me\"\n\t\t\t\t\talt=\"Bapt\u00e8me\"\n\t\t\t\t\tdata-action=\"url\"\n\t\t\t\t\tdata-color-scheme=\"\"\n\t\t\t\t\tdata-id=\"area-hotspot-18934-1\"\n\t\t\t\t\ttarget=\"\"\n\t\t\t\t\tclass=\"url-area\"\n\t\t\t\t\t>\n\t\t\t\t\t\t\t\t\t\t\t<area\n\t\t\t\t\tshape=\"polygon\"\n\t\t\t\t\tcoords=\"895,818,895,289,1622,289,1622,818\"\n\t\t\t\t\thref=\"https:\/\/sjbb.fr\/index.php\/la-communion\/\"\n\t\t\t\t\trel=\"\"\n\t\t\t\t\ttitle=\"Premi\u00e8re Communion\"\n\t\t\t\t\talt=\"Premi\u00e8re Communion\"\n\t\t\t\t\tdata-action=\"url\"\n\t\t\t\t\tdata-color-scheme=\"\"\n\t\t\t\t\tdata-id=\"area-hotspot-18934-2\"\n\t\t\t\t\ttarget=\"\"\n\t\t\t\t\tclass=\"url-area\"\n\t\t\t\t\t>\n\t\t\t\t\t<\/map>\n\n\t\t\n\t\t\t\t\t\t\t\t\t\t\t\t<\/div>\n\n\n\n\n<ul class=\"wp-block-list\">\n<li>BAPT\u00caME (pr\u00e9parer votre enfant au bapt\u00eame par deux rencontres)<\/li>\n\n\n\n<li>MARIAGE (6 mois de pr\u00e9paration avec deux couples et un pr\u00eatre)<\/li>\n\n\n\n<li>OBS\u00c8QUES (accompagner nos proche dans l\u2019esp\u00e9rance)<\/li>\n\n\n\n<li>CONFIRMATIONS ADULTES (pour devenir adulte dans la foi)<\/li>\n\n\n\n<li>GROUPE DE LECTEURS (Lire la Parole de Dieu au cours de la messe)<\/li>\n\n\n\n<li>CAT\u00c9CHUM\u00c9NAT (se pr\u00e9parer \u00e0 recevoir te bapt\u00eame ou la premi\u00e8re communion)<\/li>\n<\/ul>\n\n\n\n<p>Les sacrements sont des signes visibles du don gratuit de Dieu (la gr\u00e2ce), qui permettent aux hommes de prendre conscience de la pr\u00e9sence de Dieu au milieu d\u00b4eux.<\/p>\n\n\n\n<p>Ce sont des actes d\u2019alliance qui unissent au Christ par l\u2019action de l\u2019Esprit Saint, relient les hommes \u00e0 Dieu et \u00e0 leurs fr\u00e8res par le plus intime d\u2019eux-m\u00eames et incorporent dans l\u2019\u00c9glise.<\/p>\n\n\n\n<p>Tout sacrement comporte trois dimensions :<\/p>\n\n\n\n<ul class=\"wp-block-list\">\n<li>U<strong>n signe<\/strong>, ce que l\u00b4on voit;<\/li>\n\n\n\n<li><strong>Une parole<\/strong>, ce que l\u00b4on entend;<\/li>\n\n\n\n<li><strong>Un symbole,<\/strong> ce que le signe et la parole expriment.<\/li>\n<\/ul>\n\n\n\n<p>Le concile Vatican II exprime l\u2019action du Christ dans la c\u00e9l\u00e9bration des sacrements :<\/p>\n\n\n\n<p><strong><em>\u00ab Il est l\u00e0 pr\u00e9sent par sa vertu dans les sacrements au point que lorsque quelqu\u2019un baptise, c\u2019est le Christ lui-m\u00eame qui baptise \u00bb <\/em><\/strong><strong><em>(Constitution Sacrosanctum, n\u00b0 7).<\/em><\/strong><\/p>\n\n\n\n<p>Ainsi les sacrements sont des <strong>\u00ab EVENEMENTS DE SALUT\u00bb<\/strong> dans lequel le Christ lui-m\u00eame agit et nous rejoint dans des situations particuli\u00e8res de notre vie.<\/p>\n\n\n\n<p>En marquant les moments les plus d\u00e9cisifs de la vie humaine, <strong><u>les sept sacrements<\/u><\/strong> manifestent que c\u2019est toute notre existence, dans ses diff\u00e9rentes \u00e9tapes, qui est appel\u00e9e \u00e0 \u00eatre v\u00e9cue avec le Christ :<\/p>\n\n\n\n<p>Les sacrements sont donc une force qui permet d\u2019aimer et de \u00ab porter du fruit \u00bb dans tous nos lieux de vie.<\/p>\n\n\n\n<p>Ils communiquent la vie divine, r\u00e9alisant notre vocation de fils du P\u00e8re, fr\u00e8res en J\u00e9sus Christ, anim\u00e9s du souffle du m\u00eame Esprit ! Ils nous font rentrer dans l\u2019\u00c9glise qui forme le Corps du Christ et permettent de rendre un culte \u00e0 Dieu. Les sacrements sanctifient les hommes. Ils nourrissent et fortifient la foi et sont leur salut.<\/p>\n\n\n\n<figure class=\"wp-block-image alignwide size-large\"><a href=\"https:\/\/sjbb.fr\/wp-content\/uploads\/2023\/09\/SacrementsBas-scaled.jpg\"><img loading=\"lazy\" decoding=\"async\" width=\"1024\" height=\"218\" src=\"https:\/\/sjbb.fr\/wp-content\/uploads\/2023\/09\/SacrementsBas-1024x218.jpg\" alt=\"\" class=\"wp-image-17176\" srcset=\"https:\/\/sjbb.fr\/wp-content\/uploads\/2023\/09\/SacrementsBas-1024x218.jpg 1024w, https:\/\/sjbb.fr\/wp-content\/uploads\/2023\/09\/SacrementsBas-300x64.jpg 300w, https:\/\/sjbb.fr\/wp-content\/uploads\/2023\/09\/SacrementsBas-768x163.jpg 768w, https:\/\/sjbb.fr\/wp-content\/uploads\/2023\/09\/SacrementsBas-1536x327.jpg 1536w, https:\/\/sjbb.fr\/wp-content\/uploads\/2023\/09\/SacrementsBas-2048x436.jpg 2048w, https:\/\/sjbb.fr\/wp-content\/uploads\/2023\/09\/SacrementsBas-900x191.jpg 900w, https:\/\/sjbb.fr\/wp-content\/uploads\/2023\/09\/SacrementsBas-1280x272.jpg 1280w, https:\/\/sjbb.fr\/wp-content\/uploads\/2023\/09\/SacrementsBas-24x5.jpg 24w, https:\/\/sjbb.fr\/wp-content\/uploads\/2023\/09\/SacrementsBas-36x8.jpg 36w, https:\/\/sjbb.fr\/wp-content\/uploads\/2023\/09\/SacrementsBas-48x10.jpg 48w\" sizes=\"auto, (max-width: 1024px) 100vw, 1024px\" \/><\/a><\/figure>\n","protected":false},"excerpt":{"rendered":"<p>Les sacrements sont des signes visibles du don gratuit de Dieu (la gr\u00e2ce), qui permettent aux hommes de prendre conscience de la pr\u00e9sence de Dieu au milieu d\u00b4eux. Ce sont des actes d\u2019alliance qui unissent au Christ par l\u2019action de l\u2019Esprit Saint, relient les hommes \u00e0 Dieu et \u00e0 leurs fr\u00e8res par le plus intime [&hellip;]<\/p>\n","protected":false},"author":1,"featured_media":17312,"parent":0,"menu_order":0,"comment_status":"closed","ping_status":"closed","template":"","meta":{"footnotes":""},"class_list":["post-197","page","type-page","status-publish","has-post-thumbnail","hentry"],"jetpack_sharing_enabled":true,"_links":{"self":[{"href":"https:\/\/sjbb.fr\/index.php\/wp-json\/wp\/v2\/pages\/197","targetHints":{"allow":["GET"]}}],"collection":[{"href":"https:\/\/sjbb.fr\/index.php\/wp-json\/wp\/v2\/pages"}],"about":[{"href":"https:\/\/sjbb.fr\/index.php\/wp-json\/wp\/v2\/types\/page"}],"author":[{"embeddable":true,"href":"https:\/\/sjbb.fr\/index.php\/wp-json\/wp\/v2\/users\/1"}],"replies":[{"embeddable":true,"href":"https:\/\/sjbb.fr\/index.php\/wp-json\/wp\/v2\/comments?post=197"}],"version-history":[{"count":5,"href":"https:\/\/sjbb.fr\/index.php\/wp-json\/wp\/v2\/pages\/197\/revisions"}],"predecessor-version":[{"id":18942,"href":"https:\/\/sjbb.fr\/index.php\/wp-json\/wp\/v2\/pages\/197\/revisions\/18942"}],"wp:featuredmedia":[{"embeddable":true,"href":"https:\/\/sjbb.fr\/index.php\/wp-json\/wp\/v2\/media\/17312"}],"wp:attachment":[{"href":"https:\/\/sjbb.fr\/index.php\/wp-json\/wp\/v2\/media?parent=197"}],"curies":[{"name":"wp","href":"https:\/\/api.w.org\/{rel}","templated":true}]}}