{"id":2070,"date":"2016-07-08T19:49:52","date_gmt":"2016-07-08T18:49:52","guid":{"rendered":"http:\/\/sjbb.fr\/?page_id=2070"},"modified":"2024-09-13T08:54:59","modified_gmt":"2024-09-13T07:54:59","slug":"groupe-de-priere-et-dintercession","status":"publish","type":"page","link":"https:\/\/sjbb.fr\/index.php\/groupe-de-priere-et-dintercession\/","title":{"rendered":"GROUPE DE PRI\u00c8RE DE LOUANGE"},"content":{"rendered":"\n<h2 class=\"wp-block-heading\"><span style=\"color: #ff0000;\"><strong>2024-2025<\/strong><\/span><\/h2>\n\n\n\n<h4 class=\"wp-block-heading\"><span style=\"color: #800000;\"><strong>Venez louer et interc\u00e9der pour notre paroisse <\/strong><\/span><\/h4>\n\n\n\n<h4 class=\"wp-block-heading\"><span style=\"color: #800000;\"><strong>dans la spontan\u00e9it\u00e9 de L&rsquo;Esprit Saint<\/strong><\/span><\/h4>\n\n\n<div class=\"wp-block-image\">\n<figure class=\"aligncenter size-full\"><img loading=\"lazy\" decoding=\"async\" width=\"1806\" height=\"2560\" src=\"https:\/\/sjbb.fr\/wp-content\/uploads\/2024\/09\/CENACLE-1-scaled.jpg\" alt=\"\" class=\"wp-image-18074\" srcset=\"https:\/\/sjbb.fr\/wp-content\/uploads\/2024\/09\/CENACLE-1-scaled.jpg 1806w, https:\/\/sjbb.fr\/wp-content\/uploads\/2024\/09\/CENACLE-1-212x300.jpg 212w, https:\/\/sjbb.fr\/wp-content\/uploads\/2024\/09\/CENACLE-1-722x1024.jpg 722w, https:\/\/sjbb.fr\/wp-content\/uploads\/2024\/09\/CENACLE-1-768x1089.jpg 768w, https:\/\/sjbb.fr\/wp-content\/uploads\/2024\/09\/CENACLE-1-1084x1536.jpg 1084w, https:\/\/sjbb.fr\/wp-content\/uploads\/2024\/09\/CENACLE-1-1445x2048.jpg 1445w, https:\/\/sjbb.fr\/wp-content\/uploads\/2024\/09\/CENACLE-1-900x1276.jpg 900w, https:\/\/sjbb.fr\/wp-content\/uploads\/2024\/09\/CENACLE-1-1280x1814.jpg 1280w, https:\/\/sjbb.fr\/wp-content\/uploads\/2024\/09\/CENACLE-1-17x24.jpg 17w, https:\/\/sjbb.fr\/wp-content\/uploads\/2024\/09\/CENACLE-1-25x36.jpg 25w, https:\/\/sjbb.fr\/wp-content\/uploads\/2024\/09\/CENACLE-1-34x48.jpg 34w\" sizes=\"auto, (max-width: 1806px) 100vw, 1806px\" \/><\/figure>\n<\/div>\n\n\n<p class=\"has-text-align-center\"><\/p>\n","protected":false},"excerpt":{"rendered":"<p>2024-2025 Venez louer et interc\u00e9der pour notre paroisse dans la spontan\u00e9it\u00e9 de L&rsquo;Esprit Saint<\/p>\n","protected":false},"author":1,"featured_media":17396,"parent":0,"menu_order":0,"comment_status":"closed","ping_status":"closed","template":"","meta":{"footnotes":""},"class_list":["post-2070","page","type-page","status-publish","has-post-thumbnail","hentry"],"jetpack_sharing_enabled":true,"_links":{"self":[{"href":"https:\/\/sjbb.fr\/index.php\/wp-json\/wp\/v2\/pages\/2070","targetHints":{"allow":["GET"]}}],"collection":[{"href":"https:\/\/sjbb.fr\/index.php\/wp-json\/wp\/v2\/pages"}],"about":[{"href":"https:\/\/sjbb.fr\/index.php\/wp-json\/wp\/v2\/types\/page"}],"author":[{"embeddable":true,"href":"https:\/\/sjbb.fr\/index.php\/wp-json\/wp\/v2\/users\/1"}],"replies":[{"embeddable":true,"href":"https:\/\/sjbb.fr\/index.php\/wp-json\/wp\/v2\/comments?post=2070"}],"version-history":[{"count":2,"href":"https:\/\/sjbb.fr\/index.php\/wp-json\/wp\/v2\/pages\/2070\/revisions"}],"predecessor-version":[{"id":18076,"href":"https:\/\/sjbb.fr\/index.php\/wp-json\/wp\/v2\/pages\/2070\/revisions\/18076"}],"wp:featuredmedia":[{"embeddable":true,"href":"https:\/\/sjbb.fr\/index.php\/wp-json\/wp\/v2\/media\/17396"}],"wp:attachment":[{"href":"https:\/\/sjbb.fr\/index.php\/wp-json\/wp\/v2\/media?parent=2070"}],"curies":[{"name":"wp","href":"https:\/\/api.w.org\/{rel}","templated":true}]}}