{"id":213,"date":"2021-09-01T22:38:00","date_gmt":"2021-09-01T21:38:00","guid":{"rendered":"http:\/\/sjbb.fr\/?page_id=213"},"modified":"2025-10-01T07:21:28","modified_gmt":"2025-10-01T06:21:28","slug":"deniers-en-ligne","status":"publish","type":"page","link":"https:\/\/sjbb.fr\/index.php\/deniers-en-ligne\/","title":{"rendered":"LE DENIER EN LIGNE"},"content":{"rendered":"<div class=\"wp-block-image\">\n<figure class=\"aligncenter size-medium\"><a href=\"https:\/\/sjbb.fr\/wp-content\/uploads\/2023\/09\/qrcode_denier.paris_.catholique.fr_.png\"><img loading=\"lazy\" decoding=\"async\" width=\"300\" height=\"300\" src=\"https:\/\/sjbb.fr\/wp-content\/uploads\/2023\/09\/qrcode_denier.paris_.catholique.fr_-300x300.png\" alt=\"\" class=\"wp-image-17099\" srcset=\"https:\/\/sjbb.fr\/wp-content\/uploads\/2023\/09\/qrcode_denier.paris_.catholique.fr_-300x300.png 300w, https:\/\/sjbb.fr\/wp-content\/uploads\/2023\/09\/qrcode_denier.paris_.catholique.fr_-150x150.png 150w, https:\/\/sjbb.fr\/wp-content\/uploads\/2023\/09\/qrcode_denier.paris_.catholique.fr_-144x144.png 144w, https:\/\/sjbb.fr\/wp-content\/uploads\/2023\/09\/qrcode_denier.paris_.catholique.fr_-88x88.png 88w, https:\/\/sjbb.fr\/wp-content\/uploads\/2023\/09\/qrcode_denier.paris_.catholique.fr_-24x24.png 24w, https:\/\/sjbb.fr\/wp-content\/uploads\/2023\/09\/qrcode_denier.paris_.catholique.fr_-36x36.png 36w, https:\/\/sjbb.fr\/wp-content\/uploads\/2023\/09\/qrcode_denier.paris_.catholique.fr_-48x48.png 48w, https:\/\/sjbb.fr\/wp-content\/uploads\/2023\/09\/qrcode_denier.paris_.catholique.fr_.png 450w\" sizes=\"auto, (max-width: 300px) 100vw, 300px\" \/><\/a><\/figure>\n<\/div>\n\n\n<h2 class=\"wp-block-heading\"><a href=\"https:\/\/dioceseparis.fr\/-le-denier-de-l-eglise-.html?utm_source=hebdo&amp;utm_medium=email&amp;utm_campaign=2025-09-30_hebdo&amp;utm_content=-le-denier-de-l-eglise-.html\" target=\"_blank\" rel=\"noreferrer noopener\">C&rsquo;est quoi le Dernier du culte, Dioc\u00e8se de Paris<\/a><\/h2>\n\n\n\n<h2 class=\"wp-block-heading has-text-align-left\">Pour donner Suivre le lien vers le <a href=\"https:\/\/denier.paris.catholique.fr\/?etape=1&amp;affectation=19JEA\" target=\"_blank\" rel=\"noreferrer noopener\"><strong>Denier du Culte<\/strong><\/a><\/h2>\n\n\n\n<figure class=\"wp-block-image size-large\"><a href=\"https:\/\/denier.paris.catholique.fr\/?etape=1&amp;affectation=19JEA\" target=\"_blank\" rel=\"noopener\"><img loading=\"lazy\" decoding=\"async\" width=\"678\" height=\"718\" src=\"https:\/\/sjbb.fr\/wp-content\/uploads\/2021\/03\/DenierCulte.png\" alt=\"\" class=\"wp-image-7818\" srcset=\"https:\/\/sjbb.fr\/wp-content\/uploads\/2021\/03\/DenierCulte.png 678w, https:\/\/sjbb.fr\/wp-content\/uploads\/2021\/03\/DenierCulte-283x300.png 283w, https:\/\/sjbb.fr\/wp-content\/uploads\/2021\/03\/DenierCulte-24x24.png 24w, https:\/\/sjbb.fr\/wp-content\/uploads\/2021\/03\/DenierCulte-34x36.png 34w, https:\/\/sjbb.fr\/wp-content\/uploads\/2021\/03\/DenierCulte-45x48.png 45w\" sizes=\"auto, (max-width: 678px) 100vw, 678px\" \/><\/a><\/figure>\n\n\n\n<p><strong>Merci<\/strong><\/p>\n\n\n\n<figure class=\"wp-block-image size-large\"><a href=\"https:\/\/sjbb.fr\/wp-content\/uploads\/2021\/05\/bonSamaritain-1.jpg\"><img loading=\"lazy\" decoding=\"async\" width=\"730\" height=\"425\" src=\"https:\/\/sjbb.fr\/wp-content\/uploads\/2021\/05\/bonSamaritain-1.jpg\" alt=\"\" class=\"wp-image-7983\" srcset=\"https:\/\/sjbb.fr\/wp-content\/uploads\/2021\/05\/bonSamaritain-1.jpg 730w, https:\/\/sjbb.fr\/wp-content\/uploads\/2021\/05\/bonSamaritain-1-300x175.jpg 300w, https:\/\/sjbb.fr\/wp-content\/uploads\/2021\/05\/bonSamaritain-1-24x14.jpg 24w, https:\/\/sjbb.fr\/wp-content\/uploads\/2021\/05\/bonSamaritain-1-36x21.jpg 36w, https:\/\/sjbb.fr\/wp-content\/uploads\/2021\/05\/bonSamaritain-1-48x28.jpg 48w\" sizes=\"auto, (max-width: 730px) 100vw, 730px\" \/><\/a><\/figure>\n\n\n\n<h4 class=\"wp-block-heading\">\u00e0 propos\u2026<\/h4>\n\n\n\n<p class=\"has-text-align-justify\"><strong>La paroisse Saint Jean-Baptiste de Belleville vit gr\u00e2ce \u00e0 vos dons. <\/strong>Votre participation au denier de l\u2019Eglise exprime votre appartenance \u00e0 la paroisse qui peut, gr\u00e2ce \u00e0 vous, continuer sa mission d\u2019\u00e9vang\u00e9lisation et servir les personnes de notre quartier.<\/p>\n\n\n\n<p class=\"has-text-align-justify\"><strong>Le Denier contribue <\/strong>au quotidien des paroisses, au traitement des pr\u00eatres en activit\u00e9 comme \u00e0 la retraite et \u00e0 la r\u00e9mun\u00e9ration des la\u00efcs salari\u00e9s. Il compl\u00e8te \u00e9galement les qu\u00eates dominicales pour financer toutes les diff\u00e9rentes charges de la paroisse et contribue aussi \u00e0 la solidarit\u00e9 inter paroissiale.<\/p>\n\n\n\n<p class=\"has-text-align-justify\"><strong>Le Denier finance <\/strong>les missions pastorales de votre paroisse : le cat\u00e9chisme, les sacrements, les rencontres avec les personnes \u00e2g\u00e9es ou seules, les formations propos\u00e9es autour de la foi, l\u2019accompagnement des jeunes\u2026 Chaque don est important<\/p>\n","protected":false},"excerpt":{"rendered":"<p>C&rsquo;est quoi le Dernier du culte, Dioc\u00e8se de Paris Pour donner Suivre le lien vers le Denier du Culte Merci \u00e0 propos\u2026 La paroisse Saint Jean-Baptiste de Belleville vit gr\u00e2ce \u00e0 vos dons. Votre participation au denier de l\u2019Eglise exprime votre appartenance \u00e0 la paroisse qui peut, gr\u00e2ce \u00e0 vous, continuer sa mission d\u2019\u00e9vang\u00e9lisation et [&hellip;]<\/p>\n","protected":false},"author":1,"featured_media":17387,"parent":0,"menu_order":0,"comment_status":"closed","ping_status":"closed","template":"","meta":{"footnotes":""},"class_list":["post-213","page","type-page","status-publish","has-post-thumbnail","hentry"],"jetpack_sharing_enabled":true,"_links":{"self":[{"href":"https:\/\/sjbb.fr\/index.php\/wp-json\/wp\/v2\/pages\/213","targetHints":{"allow":["GET"]}}],"collection":[{"href":"https:\/\/sjbb.fr\/index.php\/wp-json\/wp\/v2\/pages"}],"about":[{"href":"https:\/\/sjbb.fr\/index.php\/wp-json\/wp\/v2\/types\/page"}],"author":[{"embeddable":true,"href":"https:\/\/sjbb.fr\/index.php\/wp-json\/wp\/v2\/users\/1"}],"replies":[{"embeddable":true,"href":"https:\/\/sjbb.fr\/index.php\/wp-json\/wp\/v2\/comments?post=213"}],"version-history":[{"count":3,"href":"https:\/\/sjbb.fr\/index.php\/wp-json\/wp\/v2\/pages\/213\/revisions"}],"predecessor-version":[{"id":18972,"href":"https:\/\/sjbb.fr\/index.php\/wp-json\/wp\/v2\/pages\/213\/revisions\/18972"}],"wp:featuredmedia":[{"embeddable":true,"href":"https:\/\/sjbb.fr\/index.php\/wp-json\/wp\/v2\/media\/17387"}],"wp:attachment":[{"href":"https:\/\/sjbb.fr\/index.php\/wp-json\/wp\/v2\/media?parent=213"}],"curies":[{"name":"wp","href":"https:\/\/api.w.org\/{rel}","templated":true}]}}