{"id":216,"date":"2015-11-05T22:42:40","date_gmt":"2015-11-05T21:42:40","guid":{"rendered":"http:\/\/sjbb.fr\/?page_id=216"},"modified":"2025-09-24T13:53:30","modified_gmt":"2025-09-24T12:53:30","slug":"jeunesse","status":"publish","type":"page","link":"https:\/\/sjbb.fr\/index.php\/jeunesse\/","title":{"rendered":"P\u00f4le Jeunes"},"content":{"rendered":"\n<style>\n\t#hotspot-18915 .hotspots-image-container,\n\t#hotspot-18915 .leaflet-container {\n\t\tbackground: #efefef\t}\n\n\t#hotspot-18915 .hotspots-placeholder,\n\t.featherlight .featherlight-content.lightbox-18915 {\n\t\tbackground: #ffffff;\n\t\tborder: 0 #ffffff solid;\n\t\tcolor: #000000;\n\t}\n\n\t#hotspot-18915 .hotspot-title,\n\t#hotspot-18915 .bc-product__title a,\n\t.featherlight .featherlight-content.lightbox-18915 .hotspot-title,\n\t.featherlight .featherlight-content.lightbox-18915 .bc-product__title a {\n\t\tcolor: #000000;\n\t}\n\n\t\t\t#hotspot-18915 .hotspot-style-1 {\n\t\t\tstroke-width: 1;\n\t\t\tfill: #ffffff;\n\t\t\tfill-opacity: 0;\n\t\t\tstroke: #ffffff;\n\t\t\tstroke-opacity: 0;\n\t\t}\n\t\t#hotspot-18915 .hotspot-style-1:hover,\n\t\t#hotspot-18915 .hotspot-style-1:focus-visible,\n\t\t#hotspot-18915 .hotspot-style-1.hotspot-active {\n\t\t\tfill: #ffffff;\n\t\t\tfill-opacity: 0.81;\n\t\t\toutline: none;\n\t\t\tstroke: #ffffff;\n\t\t\tstroke-opacity: 0.81;\n\t\t}\n\t\t\t#hotspot-18915 .hotspot-default {\n\t\t\tstroke-width: 1;\n\t\t\tfill: #ffffff;\n\t\t\tfill-opacity: 0;\n\t\t\tstroke: #ffffff;\n\t\t\tstroke-opacity: 0;\n\t\t}\n\t\t#hotspot-18915 .hotspot-default:hover,\n\t\t#hotspot-18915 .hotspot-default:focus-visible,\n\t\t#hotspot-18915 .hotspot-default.hotspot-active {\n\t\t\tfill: #a7d686;\n\t\t\tfill-opacity: 0.81;\n\t\t\toutline: none;\n\t\t\tstroke: #60d60c;\n\t\t\tstroke-opacity: 0.81;\n\t\t}\n\t\t#hotspot-18915 .leaflet-tooltip,\n\t#hotspot-18915 .leaflet-rrose-content-wrapper {\n\t\tbackground: #ffffff;\n\t\tborder-color: #ffffff;\n\t\tcolor: #000000;\n\t}\n\n\t#hotspot-18915 a.leaflet-rrose-close-button {\n\t\tcolor: #000000;\n\t}\n\n\t#hotspot-18915 .leaflet-rrose-tip {\n\t\tbackground: #ffffff;\n\t}\n\n\t#hotspot-18915 .leaflet-popup-scrolled {\n\t\tborder-bottom-color: #000000;\n\t\tborder-top-color: #000000;\n\t}\n\n\t#hotspot-18915 .leaflet-tooltip-top:before {\n\t\tborder-top-color: #ffffff;\n\t}\n\n\t#hotspot-18915 .leaflet-tooltip-bottom:before {\n\t\tborder-bottom-color: #ffffff;\n\t}\n\t#hotspot-18915 .leaflet-tooltip-left:before {\n\t\tborder-left-color: #ffffff;\n\t}\n\t#hotspot-18915 .leaflet-tooltip-right:before {\n\t\tborder-right-color: #ffffff;\n\t}\n<\/style>\n\n\n\t<div class=\"hotspots-container links-only layout-left event-click\" id=\"hotspot-18915\" data-layout=\"left\" data-trigger=\"click\">\n\t\t<div class=\"hotspots-interaction\">\n\t\t\t<div class=\"hotspots-image-container\">\n\t<img\n\t\twidth=\"2480\"\n\t\theight=\"2515\"\n\t\tsrc=\"https:\/\/sjbb.fr\/wp-content\/uploads\/2025\/09\/pole-jeunes.jpg\"\n\t\talt=\"Pour Grandir sans la foi\"\n\t\tclass=\"hotspots-image skip-lazy\"\n\t\tusemap=\"#hotspots-image-18915\"\n\t\tdata-image-title=\"Pour Grandir sans la foi\"\n\t\tdata-image-description=\"\"\n\t\tdata-event-trigger=\"click\"\n\t\tdata-always-visible=\"false\"\n\t\tdata-id=\"18915\"\n\t\tdata-no-lazy=\"1\"\n\t\tdata-lazy-src=\"\"\n\t\tdata-lazy=\"false\"\n\t\tloading=\"eager\"\n\t\tdata-skip-lazy=\"1\"\n\t\t>\n<\/div>\t\t<\/div>\n\t\t<map name=\"hotspots-image-18915\" class=\"hotspots-map\">\n\t\t\t\t\t\t\t\t\t\t\t<area\n\t\t\t\t\tshape=\"polygon\"\n\t\t\t\t\tcoords=\"898,827,1613,324,1611,827\"\n\t\t\t\t\thref=\"https:\/\/sjbb.fr\/index.php\/ce2\/\"\n\t\t\t\t\trel=\"\"\n\t\t\t\t\ttitle=\"KT du CE2 au CM2\"\n\t\t\t\t\talt=\"KT du CE2 au CM2\"\n\t\t\t\t\tdata-action=\"url\"\n\t\t\t\t\tdata-color-scheme=\"\"\n\t\t\t\t\tdata-id=\"area-hotspot-18915-0\"\n\t\t\t\t\ttarget=\"\"\n\t\t\t\t\tclass=\"url-area\"\n\t\t\t\t\t>\n\t\t\t\t\t\t\t\t\t\t\t<area\n\t\t\t\t\tshape=\"polygon\"\n\t\t\t\t\tcoords=\"107,828,107,292,832,292,832,828\"\n\t\t\t\t\thref=\"https:\/\/sjbb.fr\/index.php\/eveil-de-la-foi-4-6-ans\/\"\n\t\t\t\t\trel=\"\"\n\t\t\t\t\ttitle=\"Eveil de la foi\"\n\t\t\t\t\talt=\"Eveil de la foi\"\n\t\t\t\t\tdata-action=\"url\"\n\t\t\t\t\tdata-color-scheme=\"\"\n\t\t\t\t\tdata-id=\"area-hotspot-18915-1\"\n\t\t\t\t\ttarget=\"\"\n\t\t\t\t\tclass=\"url-area\"\n\t\t\t\t\t>\n\t\t\t\t\t\t\t\t\t\t\t<area\n\t\t\t\t\tshape=\"polygon\"\n\t\t\t\t\tcoords=\"882,810,1592,290,888,292\"\n\t\t\t\t\thref=\"https:\/\/sjbb.fr\/index.php\/ce1\/\"\n\t\t\t\t\trel=\"\"\n\t\t\t\t\ttitle=\"KT CE1\"\n\t\t\t\t\talt=\"KT CE1\"\n\t\t\t\t\tdata-action=\"url\"\n\t\t\t\t\tdata-color-scheme=\"\"\n\t\t\t\t\tdata-id=\"area-hotspot-18915-2\"\n\t\t\t\t\ttarget=\"\"\n\t\t\t\t\tclass=\"url-area\"\n\t\t\t\t\t>\n\t\t\t\t\t\t\t\t\t\t\t<area\n\t\t\t\t\tshape=\"polygon\"\n\t\t\t\t\tcoords=\"1666,830,1666,292,2390,292,2390,830\"\n\t\t\t\t\thref=\"https:\/\/sjbb.fr\/index.php\/aumonerie-de-belleville\/\"\n\t\t\t\t\trel=\"\"\n\t\t\t\t\ttitle=\"Aum\u00f4nerie\"\n\t\t\t\t\talt=\"Aum\u00f4nerie\"\n\t\t\t\t\tdata-action=\"url\"\n\t\t\t\t\tdata-color-scheme=\"\"\n\t\t\t\t\tdata-id=\"area-hotspot-18915-3\"\n\t\t\t\t\ttarget=\"\"\n\t\t\t\t\tclass=\"url-area\"\n\t\t\t\t\t>\n\t\t\t\t\t\t\t\t\t\t\t<area\n\t\t\t\t\tshape=\"polygon\"\n\t\t\t\t\tcoords=\"109,1412,109,873,833,873,833,1412\"\n\t\t\t\t\thref=\"https:\/\/sjbb.fr\/index.php\/patro-du-jourdain\/\"\n\t\t\t\t\trel=\"\"\n\t\t\t\t\ttitle=\"le Patro du Jourdain\"\n\t\t\t\t\talt=\"le Patro du Jourdain\"\n\t\t\t\t\tdata-action=\"url\"\n\t\t\t\t\tdata-color-scheme=\"\"\n\t\t\t\t\tdata-id=\"area-hotspot-18915-4\"\n\t\t\t\t\ttarget=\"\"\n\t\t\t\t\tclass=\"url-area\"\n\t\t\t\t\t>\n\t\t\t\t\t\t\t\t\t\t\t<area\n\t\t\t\t\tshape=\"polygon\"\n\t\t\t\t\tcoords=\"105,1985,105,1456,830,1456,830,1985\"\n\t\t\t\t\thref=\"https:\/\/sjbb.fr\/index.php\/jeunes-18-25-ans\/\"\n\t\t\t\t\trel=\"\"\n\t\t\t\t\ttitle=\"Frassati 18 - 22 ans\"\n\t\t\t\t\talt=\"Frassati 18 - 22 ans\"\n\t\t\t\t\tdata-action=\"url\"\n\t\t\t\t\tdata-color-scheme=\"\"\n\t\t\t\t\tdata-id=\"area-hotspot-18915-5\"\n\t\t\t\t\ttarget=\"\"\n\t\t\t\t\tclass=\"url-area\"\n\t\t\t\t\t>\n\t\t\t\t\t\t\t\t\t\t\t<area\n\t\t\t\t\tshape=\"polygon\"\n\t\t\t\t\tcoords=\"885,1986,885,1454,1611,1454,1611,1986\"\n\t\t\t\t\thref=\"https:\/\/sjbb.fr\/index.php\/2023\/09\/15\/jeunepro\/\"\n\t\t\t\t\trel=\"\"\n\t\t\t\t\ttitle=\"Du vin au divin : 23 - 30 ans\"\n\t\t\t\t\talt=\"Du vin au divin : 23 - 30 ans\"\n\t\t\t\t\tdata-action=\"url\"\n\t\t\t\t\tdata-color-scheme=\"\"\n\t\t\t\t\tdata-id=\"area-hotspot-18915-6\"\n\t\t\t\t\ttarget=\"\"\n\t\t\t\t\tclass=\"url-area\"\n\t\t\t\t\t>\n\t\t\t\t\t<\/map>\n\n\t\t\n\t\t\t\t\t\t\t\t\t\t\t\t\t\t\t\t\t\t\t\t\t\t\t\t<\/div>\n\n\n\n\n<p><strong>Le pape Fran\u00e7ois<\/strong> a sign\u00e9 le 25 mars, en la solennit\u00e9 de l\u2019Annonciation du Seigneur de l\u2019ann\u00e9e 2019, une exhortation apostolique \u00e0 l\u2019adresse des jeunes : Christus vivit (\u00ab Il vit, le Christ \u00bb), suite au Synode des \u00e9v\u00eaques sur \u00ab les jeunes, la foi et le discernement vocationnel \u00bb d\u2019octobre 2018. Cette lettre, adress\u00e9e aux jeunes et \u00e0 tout le Peuple de Dieu et rendue publique le 2 avril 2019<\/p>\n\n\n\n<ol class=\"wp-block-list\">\n<li>Il vit, le Christ, notre esp\u00e9rance et il est la plus belle jeunesse de ce monde. Tout ce qu\u2019il touche devient jeune, devient nouveau, se remplit de vie. Les premi\u00e8res paroles que je voudrais adresser \u00e0 chacun des jeunes chr\u00e9tiens sont donc : Il vit et il te veut vivant !<\/li>\n\n\n\n<li>Il est en toi, il est avec toi et jamais ne t\u2019abandonne. Tu as beau t\u2019\u00e9loigner, le Ressuscit\u00e9 est l\u00e0, t\u2019appelant et t\u2019attendant pour recommencer. Quand tu te sens vieilli par la tristesse, les ranc\u0153urs, les peurs, les doutes ou les \u00e9checs, il sera toujours l\u00e0 pour te redonner force et esp\u00e9rance.<\/li>\n\n\n\n<li>\u00c0 vous tous, jeunes chr\u00e9tiens, j\u2019\u00e9cris avec affection cette Exhortation apostolique, c\u2019est-\u00e0-dire une lettre qui rappelle certaines convictions de foi et qui, en m\u00eame temps, encourage \u00e0 grandir en saintet\u00e9 et dans l\u2019engagement de sa propre vocation. Mais \u00e9tant donn\u00e9 qu\u2019il s\u2019agit d\u2019une balise sur un chemin synodal, je m\u2019adresse en m\u00eame temps \u00e0 tout le peuple de Dieu, \u00e0 ses pasteurs et \u00e0 ses fid\u00e8les, car la r\u00e9flexion sur les jeunes et pour les jeunes nous interpelle et nous stimule tous. Par cons\u00e9quent, dans certains paragraphes, je m\u2019adresserai directement aux jeunes et, dans d\u2019autres, je ferai des approches plus g\u00e9n\u00e9rales pour le discernement eccl\u00e9sial.<\/li>\n\n\n\n<li>Je me suis laiss\u00e9 inspirer par la richesse des r\u00e9flexions et des \u00e9changes du Synode de l\u2019ann\u00e9e pass\u00e9e. Je ne pourrai pas pr\u00e9senter ici toutes les contributions, que vous pourrez lire dans le Document final, mais j\u2019ai essay\u00e9 d\u2019inclure dans la r\u00e9daction de cette lettre les propositions qui m\u2019ont paru les plus significatives. Ainsi, ma parole sera charg\u00e9e de mille voix de croyants du monde entier qui ont fait parvenir leurs opinions au Synode. M\u00eame les jeunes non croyants, qui ont voulu y prendre part par leurs r\u00e9flexions, ont soulev\u00e9 des questions qui ont suscit\u00e9 en moi de nouvelles interrogations.<\/li>\n<\/ol>\n\n\n\n<figure class=\"wp-block-image alignfull size-large\"><a href=\"https:\/\/sjbb.fr\/wp-content\/uploads\/2023\/09\/BasJeunesse-scaled.jpg\"><img loading=\"lazy\" decoding=\"async\" width=\"1024\" height=\"210\" src=\"https:\/\/sjbb.fr\/wp-content\/uploads\/2023\/09\/BasJeunesse-1024x210.jpg\" alt=\"\" class=\"wp-image-17240\" srcset=\"https:\/\/sjbb.fr\/wp-content\/uploads\/2023\/09\/BasJeunesse-1024x210.jpg 1024w, https:\/\/sjbb.fr\/wp-content\/uploads\/2023\/09\/BasJeunesse-300x62.jpg 300w, https:\/\/sjbb.fr\/wp-content\/uploads\/2023\/09\/BasJeunesse-768x158.jpg 768w, https:\/\/sjbb.fr\/wp-content\/uploads\/2023\/09\/BasJeunesse-1536x316.jpg 1536w, https:\/\/sjbb.fr\/wp-content\/uploads\/2023\/09\/BasJeunesse-2048x421.jpg 2048w, https:\/\/sjbb.fr\/wp-content\/uploads\/2023\/09\/BasJeunesse-900x185.jpg 900w, https:\/\/sjbb.fr\/wp-content\/uploads\/2023\/09\/BasJeunesse-1280x263.jpg 1280w, https:\/\/sjbb.fr\/wp-content\/uploads\/2023\/09\/BasJeunesse-24x5.jpg 24w, https:\/\/sjbb.fr\/wp-content\/uploads\/2023\/09\/BasJeunesse-36x7.jpg 36w, https:\/\/sjbb.fr\/wp-content\/uploads\/2023\/09\/BasJeunesse-48x10.jpg 48w\" sizes=\"auto, (max-width: 1024px) 100vw, 1024px\" \/><\/a><\/figure>\n","protected":false},"excerpt":{"rendered":"<p>Le pape Fran\u00e7ois a sign\u00e9 le 25 mars, en la solennit\u00e9 de l\u2019Annonciation du Seigneur de l\u2019ann\u00e9e 2019, une exhortation apostolique \u00e0 l\u2019adresse des jeunes : Christus vivit (\u00ab Il vit, le Christ \u00bb), suite au Synode des \u00e9v\u00eaques sur \u00ab les jeunes, la foi et le discernement vocationnel \u00bb d\u2019octobre 2018. Cette lettre, adress\u00e9e [&hellip;]<\/p>\n","protected":false},"author":1,"featured_media":17316,"parent":0,"menu_order":0,"comment_status":"closed","ping_status":"closed","template":"","meta":{"footnotes":""},"class_list":["post-216","page","type-page","status-publish","has-post-thumbnail","hentry"],"jetpack_sharing_enabled":true,"_links":{"self":[{"href":"https:\/\/sjbb.fr\/index.php\/wp-json\/wp\/v2\/pages\/216","targetHints":{"allow":["GET"]}}],"collection":[{"href":"https:\/\/sjbb.fr\/index.php\/wp-json\/wp\/v2\/pages"}],"about":[{"href":"https:\/\/sjbb.fr\/index.php\/wp-json\/wp\/v2\/types\/page"}],"author":[{"embeddable":true,"href":"https:\/\/sjbb.fr\/index.php\/wp-json\/wp\/v2\/users\/1"}],"replies":[{"embeddable":true,"href":"https:\/\/sjbb.fr\/index.php\/wp-json\/wp\/v2\/comments?post=216"}],"version-history":[{"count":4,"href":"https:\/\/sjbb.fr\/index.php\/wp-json\/wp\/v2\/pages\/216\/revisions"}],"predecessor-version":[{"id":18924,"href":"https:\/\/sjbb.fr\/index.php\/wp-json\/wp\/v2\/pages\/216\/revisions\/18924"}],"wp:featuredmedia":[{"embeddable":true,"href":"https:\/\/sjbb.fr\/index.php\/wp-json\/wp\/v2\/media\/17316"}],"wp:attachment":[{"href":"https:\/\/sjbb.fr\/index.php\/wp-json\/wp\/v2\/media?parent=216"}],"curies":[{"name":"wp","href":"https:\/\/api.w.org\/{rel}","templated":true}]}}