{"id":241,"date":"2021-09-27T10:00:00","date_gmt":"2021-09-27T09:00:00","guid":{"rendered":"http:\/\/sjbb.fr\/?page_id=241"},"modified":"2025-09-23T13:34:53","modified_gmt":"2025-09-23T12:34:53","slug":"equipe-pastoral","status":"publish","type":"page","link":"https:\/\/sjbb.fr\/index.php\/equipe-pastoral\/","title":{"rendered":"LE CONSEIL PASTORAL"},"content":{"rendered":"\n<div class=\"wp-block-group\"><div class=\"wp-block-group__inner-container is-layout-flow wp-block-group-is-layout-flow\">\n<p style=\"font-size:20px\">De par la diversit\u00e9 de ses membres, le Conseil pastoral refl\u00e8te la vie de la Communaut\u00e9 chr\u00e9tienne. Il propose des orientations et aide \u00e0 m\u00fbrir les projets qui lui sont confi\u00e9s. Il se fait l&rsquo;\u00e9cho de la vie de la paroisse ou du groupement paroissial et des villes.<\/p>\n\n\n\n<p style=\"font-size:20px\">Il a souci de la qualit\u00e9 de vie \u00e9vang\u00e9lique de la paroisse ou du groupement et du t\u00e9moignage donn\u00e9, suscitant des initiatives des personnes et des groupes. Son r\u00f4le est consultatif.<\/p>\n<\/div><\/div>\n","protected":false},"excerpt":{"rendered":"<p>De par la diversit\u00e9 de ses membres, le Conseil pastoral refl\u00e8te la vie de la Communaut\u00e9 chr\u00e9tienne. Il propose des orientations et aide \u00e0 m\u00fbrir les projets qui lui sont confi\u00e9s. Il se fait l&rsquo;\u00e9cho de la vie de la paroisse ou du groupement paroissial et des villes. Il a souci de la qualit\u00e9 de [&hellip;]<\/p>\n","protected":false},"author":1,"featured_media":18878,"parent":0,"menu_order":0,"comment_status":"closed","ping_status":"closed","template":"","meta":{"footnotes":""},"class_list":["post-241","page","type-page","status-publish","has-post-thumbnail","hentry"],"jetpack_sharing_enabled":true,"_links":{"self":[{"href":"https:\/\/sjbb.fr\/index.php\/wp-json\/wp\/v2\/pages\/241","targetHints":{"allow":["GET"]}}],"collection":[{"href":"https:\/\/sjbb.fr\/index.php\/wp-json\/wp\/v2\/pages"}],"about":[{"href":"https:\/\/sjbb.fr\/index.php\/wp-json\/wp\/v2\/types\/page"}],"author":[{"embeddable":true,"href":"https:\/\/sjbb.fr\/index.php\/wp-json\/wp\/v2\/users\/1"}],"replies":[{"embeddable":true,"href":"https:\/\/sjbb.fr\/index.php\/wp-json\/wp\/v2\/comments?post=241"}],"version-history":[{"count":1,"href":"https:\/\/sjbb.fr\/index.php\/wp-json\/wp\/v2\/pages\/241\/revisions"}],"predecessor-version":[{"id":18876,"href":"https:\/\/sjbb.fr\/index.php\/wp-json\/wp\/v2\/pages\/241\/revisions\/18876"}],"wp:featuredmedia":[{"embeddable":true,"href":"https:\/\/sjbb.fr\/index.php\/wp-json\/wp\/v2\/media\/18878"}],"wp:attachment":[{"href":"https:\/\/sjbb.fr\/index.php\/wp-json\/wp\/v2\/media?parent=241"}],"curies":[{"name":"wp","href":"https:\/\/api.w.org\/{rel}","templated":true}]}}