{"id":254,"date":"2019-07-06T09:00:20","date_gmt":"2019-07-06T08:00:20","guid":{"rendered":"http:\/\/sjbb.fr\/?page_id=254"},"modified":"2025-09-25T16:12:01","modified_gmt":"2025-09-25T15:12:01","slug":"prier-celebrer-servir","status":"publish","type":"page","link":"https:\/\/sjbb.fr\/index.php\/prier-celebrer-servir\/","title":{"rendered":"PRIER ET C\u00c9L\u00c9BRER"},"content":{"rendered":"\n<style>\n\t#hotspot-18949 .hotspots-image-container,\n\t#hotspot-18949 .leaflet-container {\n\t\tbackground: #efefef\t}\n\n\t#hotspot-18949 .hotspots-placeholder,\n\t.featherlight .featherlight-content.lightbox-18949 {\n\t\tbackground: #ffffff;\n\t\tborder: 0 #ffffff solid;\n\t\tcolor: #000000;\n\t}\n\n\t#hotspot-18949 .hotspot-title,\n\t#hotspot-18949 .bc-product__title a,\n\t.featherlight .featherlight-content.lightbox-18949 .hotspot-title,\n\t.featherlight .featherlight-content.lightbox-18949 .bc-product__title a {\n\t\tcolor: #000000;\n\t}\n\n\t\t\t#hotspot-18949 .hotspot-style-1 {\n\t\t\tstroke-width: 1;\n\t\t\tfill: #ffffff;\n\t\t\tfill-opacity: 0;\n\t\t\tstroke: #ffffff;\n\t\t\tstroke-opacity: 0;\n\t\t}\n\t\t#hotspot-18949 .hotspot-style-1:hover,\n\t\t#hotspot-18949 .hotspot-style-1:focus-visible,\n\t\t#hotspot-18949 .hotspot-style-1.hotspot-active {\n\t\t\tfill: #ffffff;\n\t\t\tfill-opacity: 0.81;\n\t\t\toutline: none;\n\t\t\tstroke: #ffffff;\n\t\t\tstroke-opacity: 0.81;\n\t\t}\n\t\t\t#hotspot-18949 .hotspot-default {\n\t\t\tstroke-width: 1;\n\t\t\tfill: #ffffff;\n\t\t\tfill-opacity: 0;\n\t\t\tstroke: #ffffff;\n\t\t\tstroke-opacity: 0;\n\t\t}\n\t\t#hotspot-18949 .hotspot-default:hover,\n\t\t#hotspot-18949 .hotspot-default:focus-visible,\n\t\t#hotspot-18949 .hotspot-default.hotspot-active {\n\t\t\tfill: #ffffff;\n\t\t\tfill-opacity: 0.81;\n\t\t\toutline: none;\n\t\t\tstroke: #ffffff;\n\t\t\tstroke-opacity: 0.81;\n\t\t}\n\t\t#hotspot-18949 .leaflet-tooltip,\n\t#hotspot-18949 .leaflet-rrose-content-wrapper {\n\t\tbackground: #ffffff;\n\t\tborder-color: #ffffff;\n\t\tcolor: #000000;\n\t}\n\n\t#hotspot-18949 a.leaflet-rrose-close-button {\n\t\tcolor: #000000;\n\t}\n\n\t#hotspot-18949 .leaflet-rrose-tip {\n\t\tbackground: #ffffff;\n\t}\n\n\t#hotspot-18949 .leaflet-popup-scrolled {\n\t\tborder-bottom-color: #000000;\n\t\tborder-top-color: #000000;\n\t}\n\n\t#hotspot-18949 .leaflet-tooltip-top:before {\n\t\tborder-top-color: #ffffff;\n\t}\n\n\t#hotspot-18949 .leaflet-tooltip-bottom:before {\n\t\tborder-bottom-color: #ffffff;\n\t}\n\t#hotspot-18949 .leaflet-tooltip-left:before {\n\t\tborder-left-color: #ffffff;\n\t}\n\t#hotspot-18949 .leaflet-tooltip-right:before {\n\t\tborder-right-color: #ffffff;\n\t}\n<\/style>\n\n\n\t<div class=\"hotspots-container links-only layout-left event-click\" id=\"hotspot-18949\" data-layout=\"left\" data-trigger=\"click\">\n\t\t<div class=\"hotspots-interaction\">\n\t\t\t<div class=\"hotspots-image-container\">\n\t<img\n\t\twidth=\"2480\"\n\t\theight=\"2530\"\n\t\tsrc=\"https:\/\/sjbb.fr\/wp-content\/uploads\/2025\/09\/Prier-et-Celebrer.jpg\"\n\t\talt=\"Prier et C\u00e9l\u00e9brer\"\n\t\tclass=\"hotspots-image skip-lazy\"\n\t\tusemap=\"#hotspots-image-18949\"\n\t\tdata-image-title=\"Prier et C\u00e9l\u00e9brer\"\n\t\tdata-image-description=\"\"\n\t\tdata-event-trigger=\"click\"\n\t\tdata-always-visible=\"false\"\n\t\tdata-id=\"18949\"\n\t\tdata-no-lazy=\"1\"\n\t\tdata-lazy-src=\"\"\n\t\tdata-lazy=\"false\"\n\t\tloading=\"eager\"\n\t\tdata-skip-lazy=\"1\"\n\t\t>\n<\/div>\t\t<\/div>\n\t\t<map name=\"hotspots-image-18949\" class=\"hotspots-map\">\n\t\t\t\t\t\t\t\t\t\t\t<area\n\t\t\t\t\tshape=\"polygon\"\n\t\t\t\t\tcoords=\"897,829,897,296,1632,296,1632,829\"\n\t\t\t\t\thref=\"https:\/\/sjbb.fr\/index.php\/ladoration\/\"\n\t\t\t\t\trel=\"\"\n\t\t\t\t\ttitle=\"l&#039;Adoration\"\n\t\t\t\t\talt=\"l&#039;Adoration\"\n\t\t\t\t\tdata-action=\"url\"\n\t\t\t\t\tdata-color-scheme=\"\"\n\t\t\t\t\tdata-id=\"area-hotspot-18949-0\"\n\t\t\t\t\ttarget=\"\"\n\t\t\t\t\tclass=\"url-area\"\n\t\t\t\t\t>\n\t\t\t\t\t\t\t\t\t\t\t<area\n\t\t\t\t\tshape=\"polygon\"\n\t\t\t\t\tcoords=\"900,1415,900,874,1622,874,1622,1415\"\n\t\t\t\t\thref=\"https:\/\/sjbb.fr\/index.php\/temps-de-priere\/\"\n\t\t\t\t\trel=\"\"\n\t\t\t\t\ttitle=\"Chapelet\"\n\t\t\t\t\talt=\"Chapelet\"\n\t\t\t\t\tdata-action=\"url\"\n\t\t\t\t\tdata-color-scheme=\"\"\n\t\t\t\t\tdata-id=\"area-hotspot-18949-1\"\n\t\t\t\t\ttarget=\"\"\n\t\t\t\t\tclass=\"url-area\"\n\t\t\t\t\t>\n\t\t\t\t\t\t\t\t\t\t\t<area\n\t\t\t\t\tshape=\"polygon\"\n\t\t\t\t\tcoords=\"1671,1419,1671,879,2408,879,2408,1419\"\n\t\t\t\t\thref=\"https:\/\/sjbb.fr\/index.php\/groupe-de-priere-et-dintercession\/\"\n\t\t\t\t\trel=\"\"\n\t\t\t\t\ttitle=\"Louange Cenacle\"\n\t\t\t\t\talt=\"Louange Cenacle\"\n\t\t\t\t\tdata-action=\"url\"\n\t\t\t\t\tdata-color-scheme=\"\"\n\t\t\t\t\tdata-id=\"area-hotspot-18949-2\"\n\t\t\t\t\ttarget=\"\"\n\t\t\t\t\tclass=\"url-area\"\n\t\t\t\t\t>\n\t\t\t\t\t<\/map>\n\n\t\t\n\t\t\t\t\t\t\t\t\t\t\t\t<\/div>\n\n\n\n\n<p>Vous pouvez faire c\u00e9l\u00e9brer la messe \u00e0 l\u2019intention d\u2019un proche (vivant ou d\u00e9funt).<br>Votre offrande contribuera \u00e0 la vie mat\u00e9rielle des pr\u00eatres.  <strong>S\u2019adresser \u00e0 l\u2019accueil dans l\u2019\u00e9glise ou t\u00e9l\u00e9phoner \u00e0 la paroisse<\/strong> <\/p>\n\n\n\n<p class=\"has-black-color has-text-color\"><strong><a href=\"http:\/\/sjbb.fr\/index.php\/la-communion\/\">AMITI\u00c9-MALADE : PORTER LA COMMUNION<\/a><\/strong><\/p>\n\n\n\n<p class=\"has-black-color has-text-color\">Si vous \u00eates malades et que vous ne pouvez vous d\u00e9placer, une personne du groupe amiti\u00e9-malade peut venir vous apporter la communion. Dans la vie de ce groupe, des r\u00e9unions vous sont propos\u00e9es pour r\u00e9fl\u00e9chir sur  l\u2019importance de ce service.<br>\u2022<strong> Contact : Bruno de Reviers<\/strong><br><strong> \u2022 T\u00e9l. : 01 42 08 54 54<\/strong><\/p>\n\n\n\n<figure class=\"wp-block-audio\"><audio controls src=\"http:\/\/sjbb.fr\/wp-content\/uploads\/2018\/09\/Demande-de-Messe.mp3\" autoplay loop><\/audio><\/figure>\n\n\n<p><iframe loading=\"lazy\" allowtransparency=\"true\" src=\"https:\/\/hozana.org\/widget\/intentions\/100\" style=\"border: none;background: none;background-color: #f9d852;color: #fff;\" width=\"300\" height=\"470\" frameborder=\"0\"><\/iframe><\/p>\n\n\n\n<figure class=\"wp-block-image alignwide size-large\"><a href=\"https:\/\/sjbb.fr\/wp-content\/uploads\/2023\/09\/PrierCelebrerBas-scaled.jpg\"><img loading=\"lazy\" decoding=\"async\" width=\"1024\" height=\"228\" src=\"https:\/\/sjbb.fr\/wp-content\/uploads\/2023\/09\/PrierCelebrerBas-1024x228.jpg\" alt=\"\" class=\"wp-image-17189\" srcset=\"https:\/\/sjbb.fr\/wp-content\/uploads\/2023\/09\/PrierCelebrerBas-1024x228.jpg 1024w, https:\/\/sjbb.fr\/wp-content\/uploads\/2023\/09\/PrierCelebrerBas-300x67.jpg 300w, https:\/\/sjbb.fr\/wp-content\/uploads\/2023\/09\/PrierCelebrerBas-768x171.jpg 768w, https:\/\/sjbb.fr\/wp-content\/uploads\/2023\/09\/PrierCelebrerBas-1536x342.jpg 1536w, https:\/\/sjbb.fr\/wp-content\/uploads\/2023\/09\/PrierCelebrerBas-2048x456.jpg 2048w, https:\/\/sjbb.fr\/wp-content\/uploads\/2023\/09\/PrierCelebrerBas-900x201.jpg 900w, https:\/\/sjbb.fr\/wp-content\/uploads\/2023\/09\/PrierCelebrerBas-1280x285.jpg 1280w, https:\/\/sjbb.fr\/wp-content\/uploads\/2023\/09\/PrierCelebrerBas-24x5.jpg 24w, https:\/\/sjbb.fr\/wp-content\/uploads\/2023\/09\/PrierCelebrerBas-36x8.jpg 36w, https:\/\/sjbb.fr\/wp-content\/uploads\/2023\/09\/PrierCelebrerBas-48x11.jpg 48w\" sizes=\"auto, (max-width: 1024px) 100vw, 1024px\" \/><\/a><\/figure>\n","protected":false},"excerpt":{"rendered":"<p>Vous pouvez faire c\u00e9l\u00e9brer la messe \u00e0 l\u2019intention d\u2019un proche (vivant ou d\u00e9funt).Votre offrande contribuera \u00e0 la vie mat\u00e9rielle des pr\u00eatres. S\u2019adresser \u00e0 l\u2019accueil dans l\u2019\u00e9glise ou t\u00e9l\u00e9phoner \u00e0 la paroisse AMITI\u00c9-MALADE : PORTER LA COMMUNION Si vous \u00eates malades et que vous ne pouvez vous d\u00e9placer, une personne du groupe amiti\u00e9-malade peut venir vous [&hellip;]<\/p>\n","protected":false},"author":1,"featured_media":17313,"parent":0,"menu_order":0,"comment_status":"closed","ping_status":"closed","template":"","meta":{"footnotes":""},"class_list":["post-254","page","type-page","status-publish","has-post-thumbnail","hentry"],"jetpack_sharing_enabled":true,"_links":{"self":[{"href":"https:\/\/sjbb.fr\/index.php\/wp-json\/wp\/v2\/pages\/254","targetHints":{"allow":["GET"]}}],"collection":[{"href":"https:\/\/sjbb.fr\/index.php\/wp-json\/wp\/v2\/pages"}],"about":[{"href":"https:\/\/sjbb.fr\/index.php\/wp-json\/wp\/v2\/types\/page"}],"author":[{"embeddable":true,"href":"https:\/\/sjbb.fr\/index.php\/wp-json\/wp\/v2\/users\/1"}],"replies":[{"embeddable":true,"href":"https:\/\/sjbb.fr\/index.php\/wp-json\/wp\/v2\/comments?post=254"}],"version-history":[{"count":7,"href":"https:\/\/sjbb.fr\/index.php\/wp-json\/wp\/v2\/pages\/254\/revisions"}],"predecessor-version":[{"id":18954,"href":"https:\/\/sjbb.fr\/index.php\/wp-json\/wp\/v2\/pages\/254\/revisions\/18954"}],"wp:featuredmedia":[{"embeddable":true,"href":"https:\/\/sjbb.fr\/index.php\/wp-json\/wp\/v2\/media\/17313"}],"wp:attachment":[{"href":"https:\/\/sjbb.fr\/index.php\/wp-json\/wp\/v2\/media?parent=254"}],"curies":[{"name":"wp","href":"https:\/\/api.w.org\/{rel}","templated":true}]}}