{"id":257,"date":"2015-11-05T23:47:17","date_gmt":"2015-11-05T22:47:17","guid":{"rendered":"http:\/\/sjbb.fr\/?page_id=257"},"modified":"2025-09-25T16:09:03","modified_gmt":"2025-09-25T15:09:03","slug":"temps-de-priere","status":"publish","type":"page","link":"https:\/\/sjbb.fr\/index.php\/temps-de-priere\/","title":{"rendered":"Le Chapelet"},"content":{"rendered":"\n<h2 class=\"wp-block-heading\"><span style=\"color: #800000;\">Chapelet<\/span> et le myst\u00e8re du rozaire<\/h2>\n\n\n\n<p>Mercredi a 16h30 \u00e0 la chapelle<br><\/p>\n\n\n\n<p><span style=\"color: #800000;\"><strong>CLIQUEZ SUR LA VID\u00c9O<\/strong><\/span><br>Belle m\u00e9ditation sur la Vierge Marie d&rsquo;apr\u00e8s Paul Claudel<br><\/p>\n\n\n\n<figure class=\"wp-block-embed is-type-video is-provider-youtube wp-block-embed-youtube wp-embed-aspect-16-9 wp-has-aspect-ratio\"><div class=\"wp-block-embed__wrapper\">\n<iframe loading=\"lazy\" title=\"LA VIERGE \u00c0 MIDI de Paul CLAUDEL. Jean-Claude GIANADDA\" width=\"629\" height=\"354\" src=\"https:\/\/www.youtube.com\/embed\/ZZK_6fOZNR8?feature=oembed\" frameborder=\"0\" allow=\"accelerometer; autoplay; clipboard-write; encrypted-media; gyroscope; picture-in-picture; web-share\" referrerpolicy=\"strict-origin-when-cross-origin\" allowfullscreen><\/iframe>\n<\/div><\/figure>\n","protected":false},"excerpt":{"rendered":"<p>Chapelet et le myst\u00e8re du rozaire Mercredi a 16h30 \u00e0 la chapelle CLIQUEZ SUR LA VID\u00c9OBelle m\u00e9ditation sur la Vierge Marie d&rsquo;apr\u00e8s Paul Claudel<\/p>\n","protected":false},"author":1,"featured_media":18952,"parent":0,"menu_order":0,"comment_status":"closed","ping_status":"closed","template":"","meta":{"footnotes":""},"class_list":["post-257","page","type-page","status-publish","has-post-thumbnail","hentry"],"jetpack_sharing_enabled":true,"_links":{"self":[{"href":"https:\/\/sjbb.fr\/index.php\/wp-json\/wp\/v2\/pages\/257","targetHints":{"allow":["GET"]}}],"collection":[{"href":"https:\/\/sjbb.fr\/index.php\/wp-json\/wp\/v2\/pages"}],"about":[{"href":"https:\/\/sjbb.fr\/index.php\/wp-json\/wp\/v2\/types\/page"}],"author":[{"embeddable":true,"href":"https:\/\/sjbb.fr\/index.php\/wp-json\/wp\/v2\/users\/1"}],"replies":[{"embeddable":true,"href":"https:\/\/sjbb.fr\/index.php\/wp-json\/wp\/v2\/comments?post=257"}],"version-history":[{"count":2,"href":"https:\/\/sjbb.fr\/index.php\/wp-json\/wp\/v2\/pages\/257\/revisions"}],"predecessor-version":[{"id":18953,"href":"https:\/\/sjbb.fr\/index.php\/wp-json\/wp\/v2\/pages\/257\/revisions\/18953"}],"wp:featuredmedia":[{"embeddable":true,"href":"https:\/\/sjbb.fr\/index.php\/wp-json\/wp\/v2\/media\/18952"}],"wp:attachment":[{"href":"https:\/\/sjbb.fr\/index.php\/wp-json\/wp\/v2\/media?parent=257"}],"curies":[{"name":"wp","href":"https:\/\/api.w.org\/{rel}","templated":true}]}}