{"id":332,"date":"2015-12-15T19:10:42","date_gmt":"2015-12-15T18:10:42","guid":{"rendered":"http:\/\/sjbb.fr\/?page_id=332"},"modified":"2025-09-25T10:15:22","modified_gmt":"2025-09-25T09:15:22","slug":"le-bapteme","status":"publish","type":"page","link":"https:\/\/sjbb.fr\/index.php\/le-bapteme\/","title":{"rendered":"LE BAPT\u00caME"},"content":{"rendered":"\n<h1 class=\"wp-block-heading\"><strong>Comment se pr\u00e9parer ?<\/strong><\/h1>\n\n\n\n<h3 class=\"wp-block-heading\">Pour les enfants de moins de trois ans<\/h3>\n\n\n\n<ul class=\"wp-block-list\">\n<li>Inscription de votre demande \u00e0 l\u2019accueil. Toutes les informations vous seront donn\u00e9es.<\/li>\n\n\n\n<li>Une ou deux rencontres avec le pr\u00eatre c\u00e9l\u00e9brant pour pr\u00e9parer la c\u00e9l\u00e9bration.<\/li>\n\n\n\n<li>Les c\u00e9l\u00e9brations ont lieu soit le samedi \u00e0 16 h 30 soit le dimanche \u00e0 12 h 15.<\/li>\n<\/ul>\n\n\n\n<h3 class=\"wp-block-heading\"><span style=\"color: #800000;\"><strong>Vid\u00e9os:<\/strong><\/span><\/h3>\n\n\n\n<div class=\"jetpack-video-wrapper\"><span class=\"embed-youtube\">&nbsp;&nbsp;&nbsp;&nbsp;&nbsp;&nbsp;&nbsp;&nbsp;&nbsp;&nbsp;&nbsp;&nbsp;&nbsp;&nbsp;&nbsp;&nbsp;&nbsp;&nbsp;&nbsp;&nbsp;&nbsp;&nbsp;&nbsp;&nbsp;&nbsp;&nbsp;&nbsp;&nbsp; <iframe loading=\"lazy\" class=\"youtube-player\" src=\"https:\/\/www.youtube.com\/embed\/lOqiTXNK9bM?version=3&amp;rel=1&amp;fs=1&amp;autohide=2&amp;showsearch=0&amp;showinfo=1&amp;iv_load_policy=1&amp;wmode=transparent\" width=\"300\" height=\"150\" frameborder=\"0\" allowfullscreen=\"allowfullscreen\" data-height=\"705\" data-width=\"1200\" data-ratio=\"0.5875\"><\/iframe><\/span><\/div>\n\n\n\n<h3 class=\"wp-block-heading\"><strong>Pour les enfants de moins de sept ans<\/strong><\/h3>\n\n\n\n<ul class=\"wp-block-list\">\n<li>Inscription de votre demande \u00e0 l\u2019accueil.<\/li>\n\n\n\n<li>Deux rencontres pr\u00e9paratoires dans l\u2019\u00e9glise avec les parents et les enfants, le samedi \u00e0 15 h 30.<\/li>\n\n\n\n<li>Une participation \u00e0 l\u2019\u00e9veil \u00e0 la foi le samedi \u00e0 16 h dans l\u2019\u00e9glise paroissiale, parents et enfants.<\/li>\n\n\n\n<li>C\u00e9l\u00e9bration du bapt\u00eame le samedi suivant \u00e0 16 h 30, dans l\u2019\u00e9glise paroissiale.<\/li>\n<\/ul>\n\n\n\n<h3 class=\"wp-block-heading\"><strong>Pour les jeunes \u00e0 l&rsquo;\u00e2ge du cat\u00e9chisme et de l&rsquo;aum\u00f4nerie<\/strong><\/h3>\n\n\n\n<ul class=\"wp-block-list\">\n<li>Inscription des enfants (primaire) au cat\u00e9chisme, des adolescents (coll\u00e9giens et lyc\u00e9ens) \u00e0 l\u2019aum\u00f4nerie.<\/li>\n\n\n\n<li>L\u2019enfant ou le jeune exprime lui-m\u00eame son d\u00e9sir d\u2019\u00eatre baptis\u00e9.<\/li>\n\n\n\n<li>Accompagnement sur plusieurs mois, selon la d\u00e9marche de chacun.<\/li>\n\n\n\n<li>Des \u00e9tapes sont c\u00e9l\u00e9br\u00e9es avec la communaut\u00e9 pour jalonner ce parcours.<\/li>\n<\/ul>\n\n\n\n<h3 class=\"wp-block-heading\"><strong>Pour les adultes<\/strong><\/h3>\n\n\n\n<ul class=\"wp-block-list\">\n<li>Se pr\u00e9senter \u00e0 l\u2019accueil et en parler avec un pr\u00eatre de la paroisse.<\/li>\n\n\n\n<li>Un chemin d&rsquo;environ deux ans, que l\u2019on nomme cat\u00e9chum\u00e9nat, conduit \u00e0 la c\u00e9l\u00e9bration du bapt\u00eame durant la nuit de P\u00e2ques.<\/li>\n\n\n\n<li>Un accompagnement individuel, une fois par mois environ, avec un membre de la communaut\u00e9.<\/li>\n\n\n\n<li>Une rencontre mensuelle avec l\u2019ensemble de ceux qui se pr\u00e9parent au bapt\u00eame, les cat\u00e9chum\u00e8nes, et leurs accompagnateurs.<\/li>\n<\/ul>\n\n\n\n<p>Bapt\u00eame d&rsquo;Emmanuelle, lors de la veill\u00e9e pascale \u00e0 l&rsquo;\u00e9glise Saint-Jean-Baptiste de Belleville, dans le XIXe arrondissement de Paris, le 19 avril 2014.<\/p>\n\n\n\n<h3 class=\"wp-block-heading\"><strong>Vid\u00e9os:<\/strong><\/h3>\n\n\n\n<div id=\"bodyContent\">\n<div class=\"jetpack-video-wrapper\"><span class=\"embed-youtube\">&nbsp; &nbsp;&nbsp;&nbsp;&nbsp;&nbsp;&nbsp;&nbsp;&nbsp;&nbsp;&nbsp;&nbsp;&nbsp;&nbsp;&nbsp;&nbsp;&nbsp;&nbsp;&nbsp;&nbsp;&nbsp;&nbsp;&nbsp;&nbsp;&nbsp;&nbsp;&nbsp;&nbsp;&nbsp;<iframe loading=\"lazy\" class=\"youtube-player\" src=\"https:\/\/www.youtube.com\/embed\/qC3-EBem7QI?version=3&amp;rel=1&amp;fs=1&amp;autohide=2&amp;showsearch=0&amp;showinfo=1&amp;iv_load_policy=1&amp;wmode=transparent\" width=\"300\" height=\"150\" frameborder=\"0\" allowfullscreen=\"allowfullscreen\" data-height=\"705\" data-width=\"1200\" data-ratio=\"0.5875\"><\/iframe><\/span><\/div>\n<\/div>\n","protected":false},"excerpt":{"rendered":"<p>Comment se pr\u00e9parer ? Pour les enfants de moins de trois ans Vid\u00e9os: &nbsp;&nbsp;&nbsp;&nbsp;&nbsp;&nbsp;&nbsp;&nbsp;&nbsp;&nbsp;&nbsp;&nbsp;&nbsp;&nbsp;&nbsp;&nbsp;&nbsp;&nbsp;&nbsp;&nbsp;&nbsp;&nbsp;&nbsp;&nbsp;&nbsp;&nbsp;&nbsp;&nbsp; Pour les enfants de moins de sept ans Pour les jeunes \u00e0 l&rsquo;\u00e2ge du cat\u00e9chisme et de l&rsquo;aum\u00f4nerie Pour les adultes Bapt\u00eame d&rsquo;Emmanuelle, lors de la veill\u00e9e pascale \u00e0 l&rsquo;\u00e9glise Saint-Jean-Baptiste de Belleville, dans le XIXe arrondissement de Paris, le 19 [&hellip;]<\/p>\n","protected":false},"author":1,"featured_media":0,"parent":0,"menu_order":0,"comment_status":"closed","ping_status":"closed","template":"","meta":{"footnotes":""},"class_list":["post-332","page","type-page","status-publish","hentry"],"jetpack_sharing_enabled":true,"_links":{"self":[{"href":"https:\/\/sjbb.fr\/index.php\/wp-json\/wp\/v2\/pages\/332","targetHints":{"allow":["GET"]}}],"collection":[{"href":"https:\/\/sjbb.fr\/index.php\/wp-json\/wp\/v2\/pages"}],"about":[{"href":"https:\/\/sjbb.fr\/index.php\/wp-json\/wp\/v2\/types\/page"}],"author":[{"embeddable":true,"href":"https:\/\/sjbb.fr\/index.php\/wp-json\/wp\/v2\/users\/1"}],"replies":[{"embeddable":true,"href":"https:\/\/sjbb.fr\/index.php\/wp-json\/wp\/v2\/comments?post=332"}],"version-history":[{"count":2,"href":"https:\/\/sjbb.fr\/index.php\/wp-json\/wp\/v2\/pages\/332\/revisions"}],"predecessor-version":[{"id":18939,"href":"https:\/\/sjbb.fr\/index.php\/wp-json\/wp\/v2\/pages\/332\/revisions\/18939"}],"wp:attachment":[{"href":"https:\/\/sjbb.fr\/index.php\/wp-json\/wp\/v2\/media?parent=332"}],"curies":[{"name":"wp","href":"https:\/\/api.w.org\/{rel}","templated":true}]}}