{"id":336,"date":"2015-12-15T19:11:27","date_gmt":"2015-12-15T18:11:27","guid":{"rendered":"http:\/\/sjbb.fr\/?page_id=336"},"modified":"2025-09-29T10:46:02","modified_gmt":"2025-09-29T09:46:02","slug":"la-communion","status":"publish","type":"page","link":"https:\/\/sjbb.fr\/index.php\/la-communion\/","title":{"rendered":"LA COMMUNION"},"content":{"rendered":"\n<h2 class=\"wp-block-heading\"><span style=\"color: #800000;\"><b>L&rsquo;EUCHARISTIE<\/b><\/span><\/h2>\n\n\n\n<p><span style=\"color: #000000;\">Le sacrement de l&rsquo;eucharistie est le partage du pain et du vin, consacr\u00e9s par le pr\u00eatre, et devenus ainsi le corps et le sang du Christ.<\/span><\/p>\n\n\n\n<p><span style=\"color: #800000;\"><strong>Vid\u00e9os : En 3 questions<\/strong><\/span><\/p>\n\n\n\n<figure class=\"wp-block-embed is-type-rich is-provider-prise-en-charge-des-contenus-embarqu-s wp-block-embed-prise-en-charge-des-contenus-embarqu-s wp-embed-aspect-16-9 wp-has-aspect-ratio\"><div class=\"wp-block-embed__wrapper\">\n<iframe loading=\"lazy\" title=\"L&#039;Eucharistie en trois questions\" width=\"629\" height=\"354\" src=\"https:\/\/www.youtube.com\/embed\/UT4ivAROwCQ?feature=oembed\" frameborder=\"0\" allow=\"accelerometer; autoplay; clipboard-write; encrypted-media; gyroscope; picture-in-picture; web-share\" referrerpolicy=\"strict-origin-when-cross-origin\" allowfullscreen><\/iframe>\n<\/div><\/figure>\n\n\n\n<h3 class=\"wp-block-heading\"><span class=\"mw-headline\" style=\"color: #800000;\">Premi\u00e8re Communion<\/span><\/h3>\n\n\n\n<h4 class=\"wp-block-heading\"><strong>Enfants, coll\u00e9giens et lyc\u00e9ens&nbsp;:<\/strong><\/h4>\n\n\n\n<ul class=\"wp-block-list\">\n<li>S&rsquo;inscrire au cat\u00e9chisme et \u00e0 l\u2019aum\u00f4nerie. Une p\u00e9riode de deux ann\u00e9es scolaires environ est n\u00e9cessaire pour cette pr\u00e9paration.<\/li>\n<\/ul>\n\n\n\n<h4 class=\"wp-block-heading\"><strong>Pour les adultes&nbsp;:<\/strong><\/h4>\n\n\n\n<ul class=\"wp-block-list\">\n<li>Se pr\u00e9senter \u00e0 l\u2019accueil et en parler avec un pr\u00eatre de la paroisse.<\/li>\n\n\n\n<li>Une rencontre mensuelle est propos\u00e9e <span style=\"text-decoration: underline; color: #800000;\">le samedi \u00e0&nbsp; 10h30, <\/span>afin de nous initier ensemble \u00e0 la parole de Dieu et aux sacrements.<\/li>\n<\/ul>\n\n\n\n<h2 class=\"wp-block-heading\"><span class=\"mw-headline\" style=\"color: #800000;\">Communion aux malades<\/span><\/h2>\n\n\n\n<p>Les personnes malades qui ne peuvent se rendre \u00e0 la messe paroissiale, pour un moment ou pour une plus longue dur\u00e9e, peuvent recevoir la communion \u00e0 domicile.<br> Une \u00e9quipe de paroissien, <span style=\"color: #800000;\"><a href=\"http:\/\/sjbb.fr\/index.php\/prier-celebrer-servir\/\">\u00ab AMITI\u00c9 &#8211; MALADES \u00bb<\/a>,<\/span> se rend disponible pour ce service.&nbsp; \u2013&nbsp; Fa\u00eetes simplement conna\u00eetre votre demande \u00e0 l\u2019accueil.<\/p>\n","protected":false},"excerpt":{"rendered":"<p>L&rsquo;EUCHARISTIE Le sacrement de l&rsquo;eucharistie est le partage du pain et du vin, consacr\u00e9s par le pr\u00eatre, et devenus ainsi le corps et le sang du Christ. Vid\u00e9os : En 3 questions Premi\u00e8re Communion Enfants, coll\u00e9giens et lyc\u00e9ens&nbsp;: Pour les adultes&nbsp;: Communion aux malades Les personnes malades qui ne peuvent se rendre \u00e0 la messe [&hellip;]<\/p>\n","protected":false},"author":1,"featured_media":18969,"parent":0,"menu_order":0,"comment_status":"closed","ping_status":"closed","template":"","meta":{"footnotes":""},"class_list":["post-336","page","type-page","status-publish","has-post-thumbnail","hentry"],"jetpack_sharing_enabled":true,"_links":{"self":[{"href":"https:\/\/sjbb.fr\/index.php\/wp-json\/wp\/v2\/pages\/336","targetHints":{"allow":["GET"]}}],"collection":[{"href":"https:\/\/sjbb.fr\/index.php\/wp-json\/wp\/v2\/pages"}],"about":[{"href":"https:\/\/sjbb.fr\/index.php\/wp-json\/wp\/v2\/types\/page"}],"author":[{"embeddable":true,"href":"https:\/\/sjbb.fr\/index.php\/wp-json\/wp\/v2\/users\/1"}],"replies":[{"embeddable":true,"href":"https:\/\/sjbb.fr\/index.php\/wp-json\/wp\/v2\/comments?post=336"}],"version-history":[{"count":2,"href":"https:\/\/sjbb.fr\/index.php\/wp-json\/wp\/v2\/pages\/336\/revisions"}],"predecessor-version":[{"id":18970,"href":"https:\/\/sjbb.fr\/index.php\/wp-json\/wp\/v2\/pages\/336\/revisions\/18970"}],"wp:featuredmedia":[{"embeddable":true,"href":"https:\/\/sjbb.fr\/index.php\/wp-json\/wp\/v2\/media\/18969"}],"wp:attachment":[{"href":"https:\/\/sjbb.fr\/index.php\/wp-json\/wp\/v2\/media?parent=336"}],"curies":[{"name":"wp","href":"https:\/\/api.w.org\/{rel}","templated":true}]}}