{"id":342,"date":"2015-12-15T19:12:55","date_gmt":"2015-12-15T18:12:55","guid":{"rendered":"http:\/\/sjbb.fr\/?page_id=342"},"modified":"2018-07-31T07:58:05","modified_gmt":"2018-07-31T06:58:05","slug":"le-sacrement-de-lordre","status":"publish","type":"page","link":"https:\/\/sjbb.fr\/index.php\/le-sacrement-de-lordre\/","title":{"rendered":"L&rsquo;ORDINATION (\u00c9v\u00eaque, Pr\u00eatre, Diacre)"},"content":{"rendered":"<p><b>Le sacrement de l&rsquo;ordre donne aux diacres et aux pr\u00eatres le pouvoir d&rsquo;exercer leur fonction sacr\u00e9e, c&rsquo;est-\u00e0-dire de produire, par l\u2019\u00c9glise, les sacrements.<\/b><\/p>\n<h4>Benoit, de la culture chr\u00e9tienne familiale \u00e0 un d\u00e9sir de devenir pr\u00eatre<\/h4>\n<div class=\"jetpack-video-wrapper\">\n<div class=\"embed-dailymotion\"><iframe loading=\"lazy\" src=\"https:\/\/www.dailymotion.com\/embed\/video\/xiqv5k\" width=\"553\" height=\"553\" frameborder=\"0\" allowfullscreen=\"allowfullscreen\" data-height=\"674\" data-width=\"1200\" data-ratio=\"0.5616666666666666\"><\/iframe><\/div>\n<\/div>\n<p>&nbsp;<\/p>\n<p style=\"text-align: justify;\"><strong>Les ordinations de pr\u00eatres dioc\u00e9sains ont lieux \u00e0 Paris, habituellement aux alentour du 29 juin, la F\u00eate de Saint Pierre et Saint Paul, \u00e0 la cath\u00e9drale Notre-Dame de Paris.<\/strong><\/p>\n<p style=\"text-align: justify;\"><strong><span style=\"color: #800000;\">ordination Diaconale \u00e0 St Jean-Baptiste de Belleville<\/span><\/strong><\/p>\n<p><a href=\"http:\/\/sjbb.fr\/wp-content\/uploads\/2015\/11\/SBJ_ORDIDIACIO_KV_220913_119B.jpg\" rel=\"attachment wp-att-49\"><img loading=\"lazy\" decoding=\"async\" class=\"wp-image-49 aligncenter\" src=\"http:\/\/sjbb.fr\/wp-content\/uploads\/2015\/11\/SBJ_ORDIDIACIO_KV_220913_119B-300x199.jpg\" alt=\"SBJ_ORDIDIACIO_KV_220913_119B\" width=\"393\" height=\"265\" \/><\/a><\/p>\n<p>Vid\u00e9o d&rsquo;Ollivier de LOTURE, diacre sur St Jean-Baptiste de Belleville en 2016<\/p>\n<div style=\"width: 320px;\" class=\"wp-video\"><video class=\"wp-video-shortcode\" id=\"video-342-1\" width=\"320\" height=\"240\" preload=\"auto\" controls=\"controls\"><source type=\"video\/x-flv\" src=\"http:\/\/sjbb.fr\/wp-content\/uploads\/2016\/06\/Ollivier-de-Loture-appel\u00e9-\u00e0-devenir-pr\u00eatre-pour-l\u00c9glise-de-Paris.flv?_=1\" \/><a href=\"http:\/\/sjbb.fr\/wp-content\/uploads\/2016\/06\/Ollivier-de-Loture-appel\u00e9-\u00e0-devenir-pr\u00eatre-pour-l\u00c9glise-de-Paris.flv\">http:\/\/sjbb.fr\/wp-content\/uploads\/2016\/06\/Ollivier-de-Loture-appel\u00e9-\u00e0-devenir-pr\u00eatre-pour-l\u00c9glise-de-Paris.flv<\/a><\/video><\/div>\n<p>&nbsp;<\/p>\n<p>&nbsp;<\/p>\n<p>&nbsp;<\/p>\n<p>&nbsp;<\/p>\n<p>&nbsp;<\/p>\n","protected":false},"excerpt":{"rendered":"<p>Le sacrement de l&rsquo;ordre donne aux diacres et aux pr\u00eatres le pouvoir d&rsquo;exercer leur fonction sacr\u00e9e, c&rsquo;est-\u00e0-dire de produire, par l\u2019\u00c9glise, les sacrements. Benoit, de la culture chr\u00e9tienne familiale \u00e0 un d\u00e9sir de devenir pr\u00eatre &nbsp; Les ordinations de pr\u00eatres dioc\u00e9sains ont lieux \u00e0 Paris, habituellement aux alentour du 29 juin, la F\u00eate de Saint [&hellip;]<\/p>\n","protected":false},"author":1,"featured_media":0,"parent":0,"menu_order":0,"comment_status":"closed","ping_status":"closed","template":"","meta":{"footnotes":""},"class_list":["post-342","page","type-page","status-publish","hentry"],"jetpack_sharing_enabled":true,"_links":{"self":[{"href":"https:\/\/sjbb.fr\/index.php\/wp-json\/wp\/v2\/pages\/342","targetHints":{"allow":["GET"]}}],"collection":[{"href":"https:\/\/sjbb.fr\/index.php\/wp-json\/wp\/v2\/pages"}],"about":[{"href":"https:\/\/sjbb.fr\/index.php\/wp-json\/wp\/v2\/types\/page"}],"author":[{"embeddable":true,"href":"https:\/\/sjbb.fr\/index.php\/wp-json\/wp\/v2\/users\/1"}],"replies":[{"embeddable":true,"href":"https:\/\/sjbb.fr\/index.php\/wp-json\/wp\/v2\/comments?post=342"}],"version-history":[{"count":0,"href":"https:\/\/sjbb.fr\/index.php\/wp-json\/wp\/v2\/pages\/342\/revisions"}],"wp:attachment":[{"href":"https:\/\/sjbb.fr\/index.php\/wp-json\/wp\/v2\/media?parent=342"}],"curies":[{"name":"wp","href":"https:\/\/api.w.org\/{rel}","templated":true}]}}