{"id":356,"date":"2015-12-15T19:25:13","date_gmt":"2015-12-15T18:25:13","guid":{"rendered":"http:\/\/sjbb.fr\/?page_id=356"},"modified":"2022-06-06T12:38:08","modified_gmt":"2022-06-06T11:38:08","slug":"autre-funerailles","status":"publish","type":"page","link":"https:\/\/sjbb.fr\/index.php\/autre-funerailles\/","title":{"rendered":"AUTRE (Fun\u00e9railles)"},"content":{"rendered":"\n<h2 class=\"wp-block-heading\"><span style=\"text-decoration: underline;\"><strong><span style=\"color: #800000; text-decoration: underline;\">LES OBS\u00c8QUES CHR\u00c9TIENNES<\/span><\/strong><\/span><\/h2>\n\n\n\n<p>La c\u00e9l\u00e9bration des obs\u00e8ques chr\u00e9tiennes veut accueillir dans la foi et l\u2019esp\u00e9rance l\u2019\u00e9v\u00e9nement de la mort et du deuil, rendre honneur au d\u00e9funt et prier pour lui.<\/p>\n\n\n\n<h4 class=\"wp-block-heading\">Les fun\u00e9railles ne sont pas un sacrement :<\/h4>\n\n\n\n<p>les fun\u00e9railles chr\u00e9tiennes sont une c\u00e9l\u00e9bration des catholiques ou de l&rsquo;entourage d&rsquo;un d\u00e9funt chr\u00e9tien catholique, qui se retrouvent pour prier quand meurt l&rsquo;un des leurs.<\/p>\n\n\n<div class=\"wp-block-image\">\n<figure class=\"aligncenter size-large\"><img loading=\"lazy\" decoding=\"async\" width=\"1024\" height=\"768\" src=\"https:\/\/sjbb.fr\/wp-content\/uploads\/2022\/06\/funerailles-1024x768.jpg\" alt=\"\" class=\"wp-image-9679\" srcset=\"https:\/\/sjbb.fr\/wp-content\/uploads\/2022\/06\/funerailles-1024x768.jpg 1024w, https:\/\/sjbb.fr\/wp-content\/uploads\/2022\/06\/funerailles-300x225.jpg 300w, https:\/\/sjbb.fr\/wp-content\/uploads\/2022\/06\/funerailles-768x576.jpg 768w, https:\/\/sjbb.fr\/wp-content\/uploads\/2022\/06\/funerailles-900x675.jpg 900w, https:\/\/sjbb.fr\/wp-content\/uploads\/2022\/06\/funerailles-24x18.jpg 24w, https:\/\/sjbb.fr\/wp-content\/uploads\/2022\/06\/funerailles-36x27.jpg 36w, https:\/\/sjbb.fr\/wp-content\/uploads\/2022\/06\/funerailles-48x36.jpg 48w, https:\/\/sjbb.fr\/wp-content\/uploads\/2022\/06\/funerailles.jpg 1280w\" sizes=\"auto, (max-width: 1024px) 100vw, 1024px\" \/><\/figure>\n<\/div>\n\n\n<h4 class=\"wp-block-heading\"><strong><span style=\"color: #800000;\">Vivre ou Faire c\u00e9l\u00e9brer des Fun\u00e9railles&nbsp;: Quel est le sens des obs\u00e8ques chr\u00e9tiennes&nbsp;? <\/span><\/strong><\/h4>\n\n\n\n<p>A travers cette c\u00e9l\u00e9bration des fun\u00e9railles, les chr\u00e9tiens veulent accueillir dans la foi et l\u2019esp\u00e9rance l\u2019\u00e9v\u00e9nement de la mort et du deuil qu\u2019elle entra\u00eene.<\/p>\n\n\n\n<p>La c\u00e9r\u00e9monie chr\u00e9tienne des fun\u00e9railles a pour but de rendre honneur au d\u00e9funt et de prier pour lui. Elle exprime la dignit\u00e9 de l\u2019homme au moment de sa mort et l\u2019amour du Christ pr\u00e9sent m\u00eame dans les moments les plus difficiles de notre vie. Elle est l\u2019occasion du rassemblement de la famille et des amis du d\u00e9funt, parfois de retrouvailles et m\u00eame de r\u00e9conciliation. Elle aide les uns et les autres \u00e0 commencer le deuil avec un regard d\u2019esp\u00e9rance.<\/p>\n\n\n\n<p>Les obs\u00e8ques religieuses sont parfois demand\u00e9es par des personnes qui reconnaissent leur distance par rapport \u00e0 la foi, mais qui ont gard\u00e9 une certaine relation avec la religion, soucieuses de bien faire ou de respecter la volont\u00e9 de leur d\u00e9funt. \u00ab\u00a0Passer par l\u2019\u00e9glise\u00a0\u00bb n\u2019est pas seulement un acte social traditionnel, c\u2019est aussi l\u2019attente d\u2019une parole de compassion, d\u2019esp\u00e9rance, de paix, de vie\u2026<\/p>\n\n\n\n<h4 class=\"wp-block-heading\"><strong><span style=\"color: #800000;\">Nous ne c\u00e9l\u00e9brons plus beaucoup de fun\u00e9railles catholiques dans les \u00e9glises. Est-ce normal&nbsp;? <\/span><\/strong><\/h4>\n\n\n\n<p>La mort est un sujet qui fait peur. Les chr\u00e9tiens sont appel\u00e9s \u00e0 avoir un regard d\u2019esp\u00e9rance sur cette \u00e9tape de la vie qui les m\u00e8nera dans la maison du P\u00e8re qui les aime. Pr\u00e9parer ses fun\u00e9railles ne doit pas nous surprendre.<\/p>\n\n\n\n<p>Si vous faites partie de la paroisse St Jean-Baptiste de Belleville, je m\u2019adresse \u00e0 vous, fid\u00e8les pratiquants de notre \u00e9glise et je vous invite \u00e0 demander par \u00e9crit, qu\u2019un office religieux soit c\u00e9l\u00e9br\u00e9 \u00e0 cette occasion, dans l\u2019\u00e9glise de St Jean Baptiste de Belleville.<\/p>\n\n\n\n<p>N\u2019oubliez pas de noter cette derni\u00e8re volont\u00e9 sur votre testament ou par un acte \u00e9crit laiss\u00e9 chez vous. Informez, \u00e9ventuellement, les membres de votre famille de ce d\u00e9sir afin que les pompes fun\u00e8bres en soient averties. Ces derni\u00e8res volont\u00e9s seront \u00e0 respecter pour vous comme pour nous. Je vous remercie de m\u2019adresser le bulletin de fun\u00e9railles<strong><br><\/strong><\/p>\n\n\n\n<h2 class=\"wp-block-heading\"><span style=\"color: #800000;\">MES DERNI\u00c8RES VOLONT\u00c9S RELIGIEUSES<\/span><\/h2>\n\n\n\n<p><span style=\"text-decoration: underline;\"><strong><span style=\"color: #800000; text-decoration: underline;\">EXEMPLAIRE A GARDER<\/span><\/strong><\/span> :<\/p>\n\n\n\n<hr class=\"wp-block-separator has-alpha-channel-opacity\"\/>\n\n\n\n<p><strong>LA CELEBRATION DE MES FUN\u00c9RAILLES CATHOLIQUES <\/strong><br><strong>EN L\u2019\u00c9GLISE SAINT JEAN BAPTISTE DE BELLEVILLE<\/strong><\/p>\n\n\n\n<p>Je soussign\u00e9(e) M.\/Mme :<\/p>\n\n\n\n<p>Demeurant actuellement (Adresse) :<br>Demande que mes fun\u00e9railles soient c\u00e9l\u00e9br\u00e9es en l\u2019\u00e9glise St Jean-Baptiste de Belleville. En effet, comme paroissien, je participe \u00e0 la vie de cette paroisse en venant r\u00e9guli\u00e8rement aux offices du dimanche ou de la semaine et en la soutenant par ma participation au Denier de l\u2019\u00c9glise ou d\u2019une autre mani\u00e8re.<\/p>\n\n\n\n<p>Ceci est ma derni\u00e8re volont\u00e9 spirituelle. J\u2019ai pris mes dispositions pour qu\u2019elle soit respect\u00e9e lors de mon d\u00e9c\u00e8s.<br>La paroisse St J-B de Belleville (01 42 08 54 54) en a \u00e9t\u00e9 avertie et en garde un exemplaire.<\/p>\n\n\n\n<p>Fait \u00e0 le Signature<\/p>\n\n\n\n<p>&#8212;&#8212;&#8212;&#8212;&#8212;&#8212;&#8212;&#8212;&#8212;&#8212;&#8212;&#8212;&#8212;&#8212;&#8212;&#8212;&#8212;&#8212;&#8212;&#8212;&#8212;&#8212;&#8212;&#8212;&#8212;&#8212;&#8212;&#8212;&#8211;<\/p>\n\n\n\n<p><span style=\"text-decoration: underline;\"><span style=\"color: #800000;\"><strong>EXEMPLAIRE A REMETTRE A LA PAROISSE<\/strong><\/span><\/span><\/p>\n\n\n\n<p><strong>LA CELEBRATION DE MES FUNERAILLES CATHOLIQUES <\/strong><br><strong>EN L\u2019EGLISE SAINT JEAN BAPTISTE DE BELLEVILLE<\/strong><\/p>\n\n\n\n<hr class=\"wp-block-separator has-alpha-channel-opacity\"\/>\n\n\n\n<p>Je soussign\u00e9(e) M.\/Mme :<\/p>\n\n\n\n<p>Demeurant actuellement (Adresse) :<br>Demande que mes fun\u00e9railles soient c\u00e9l\u00e9br\u00e9es en l\u2019\u00e9glise St Jean-Baptiste de Belleville. En effet, comme paroissien, je participe \u00e0 la vie de cette paroisse en venant r\u00e9guli\u00e8rement aux offices du dimanche ou de la semaine et en la soutenant par ma participation au denier de l\u2019\u00c9glise ou d\u2019une autre mani\u00e8re.<\/p>\n\n\n\n<p>Ceci est ma derni\u00e8re volont\u00e9 spirituelle. J\u2019ai pris mes dispositions pour qu\u2019elle soit respect\u00e9e lors de mon d\u00e9c\u00e8s.<br>La paroisse St J-B de Belleville (01 42 08 54 54) en a \u00e9t\u00e9 avertie et en garde un exemplaire.<\/p>\n\n\n\n<p>Fait \u00e0 le Signature<\/p>\n\n\n\n<hr class=\"wp-block-separator has-alpha-channel-opacity\"\/>\n\n\n\n<p>Ce document sera mis dans un dossier sp\u00e9cial et confidentiel. Il sera transmis \u00e0 mes successeurs. C\u2019est un engagement moral et spirituel que la paroisse prend pour ses membres.<\/p>\n\n\n\n<p><span style=\"color: #800000;\">Si vous souhaitez b\u00e2tir le contenu de la c\u00e9l\u00e9bration, vous pouvez prendre un rendez-vous avec un pr\u00eatre. Nous vous aiderons dans cette \u00e9tape<\/span><\/p>\n\n\n\n<p>Je vous remercie de l\u2019attention que vous porterez \u00e0 ce document et je vous assure de ma fervente pri\u00e8re et de mon amiti\u00e9.<strong>\u00a0<\/strong><\/p>\n\n\n\n<p class=\"has-text-align-right\"><strong>Le P\u00e8re Christian Mah\u00e9as, cur\u00e9<br><\/strong><\/p>\n\n\n<div class=\"wp-block-image\">\n<figure class=\"aligncenter\"><img decoding=\"async\" src=\"http:\/\/ec.cef.fr\/wp-content\/uploads\/sites\/2\/cache\/2014\/05\/logo_fsc\/3382482019.jpg\" alt=\"Afficher l'image d'origine\"\/><\/figure>\n<\/div>\n\n\n<p class=\"has-text-align-right\"><\/p>\n\n\n\n<p class=\"has-text-align-center\"><strong>Pompe fun\u00e8bre catholique de Paris 66, rue Falgui\u00e8re<\/strong>&nbsp;&nbsp; <strong>75015 Paris<\/strong><\/p>\n\n\n\n<p class=\"has-text-align-center\">Vous pouvez nous joindre <strong>24 heures sur 24<\/strong> par t\u00e9l\u00e9phone au :<\/p>\n\n\n\n<p class=\"has-text-align-center\"><strong>01 44 38 80 80<\/strong><br>(fax: 01 44 38 80 89)<\/p>\n","protected":false},"excerpt":{"rendered":"<p>LES OBS\u00c8QUES CHR\u00c9TIENNES La c\u00e9l\u00e9bration des obs\u00e8ques chr\u00e9tiennes veut accueillir dans la foi et l\u2019esp\u00e9rance l\u2019\u00e9v\u00e9nement de la mort et du deuil, rendre honneur au d\u00e9funt et prier pour lui. Les fun\u00e9railles ne sont pas un sacrement : les fun\u00e9railles chr\u00e9tiennes sont une c\u00e9l\u00e9bration des catholiques ou de l&rsquo;entourage d&rsquo;un d\u00e9funt chr\u00e9tien catholique, qui se [&hellip;]<\/p>\n","protected":false},"author":1,"featured_media":0,"parent":0,"menu_order":0,"comment_status":"closed","ping_status":"closed","template":"","meta":{"footnotes":""},"class_list":["post-356","page","type-page","status-publish","hentry"],"jetpack_sharing_enabled":true,"_links":{"self":[{"href":"https:\/\/sjbb.fr\/index.php\/wp-json\/wp\/v2\/pages\/356","targetHints":{"allow":["GET"]}}],"collection":[{"href":"https:\/\/sjbb.fr\/index.php\/wp-json\/wp\/v2\/pages"}],"about":[{"href":"https:\/\/sjbb.fr\/index.php\/wp-json\/wp\/v2\/types\/page"}],"author":[{"embeddable":true,"href":"https:\/\/sjbb.fr\/index.php\/wp-json\/wp\/v2\/users\/1"}],"replies":[{"embeddable":true,"href":"https:\/\/sjbb.fr\/index.php\/wp-json\/wp\/v2\/comments?post=356"}],"version-history":[{"count":0,"href":"https:\/\/sjbb.fr\/index.php\/wp-json\/wp\/v2\/pages\/356\/revisions"}],"wp:attachment":[{"href":"https:\/\/sjbb.fr\/index.php\/wp-json\/wp\/v2\/media?parent=356"}],"curies":[{"name":"wp","href":"https:\/\/api.w.org\/{rel}","templated":true}]}}