{"id":368,"date":"2015-12-15T19:34:27","date_gmt":"2015-12-15T18:34:27","guid":{"rendered":"http:\/\/sjbb.fr\/?page_id=368"},"modified":"2018-09-19T15:22:27","modified_gmt":"2018-09-19T14:22:27","slug":"amitie-salesienne","status":"publish","type":"page","link":"https:\/\/sjbb.fr\/index.php\/amitie-salesienne\/","title":{"rendered":"AMITI\u00c9 SAL\u00c9SIENNE"},"content":{"rendered":"<p style=\"text-align: justify;\"><strong><a href=\"http:\/\/sjbb.fr\/wp-content\/uploads\/2015\/11\/Bouquet-floral-2.jpg\" rel=\"attachment wp-att-135\"><img loading=\"lazy\" decoding=\"async\" class=\"size-medium wp-image-135 alignright\" src=\"http:\/\/sjbb.fr\/wp-content\/uploads\/2015\/11\/Bouquet-floral-2-199x300.jpg\" alt=\"Bouquet floral 2\" width=\"199\" height=\"300\" \/><\/a>Les membres de ce groupe sont accompagn\u00e9s par les <a href=\"http:\/\/sjbb.fr\/index.php\/les-communautes-religieuses\/\">sal\u00e9siennes missionnaires de Marie Immacul\u00e9e <\/a>pour approfondir leur vie et vivre l\u2019\u00c9vangile \u00e0 la lumi\u00e8re de la spiritualit\u00e9 de saint Fran\u00e7ois de Sales. <\/strong><\/p>\n<p style=\"text-align: justify;\"><span style=\"color: #800000;\"><strong>3e dimanche du mois de 15h30-17h.<\/strong><\/span><\/p>\n<p><span style=\"color: #800000;\"><strong>Contact : Soeur Annie et P\u00e8re St\u00e9phane ESCLEF<\/strong><\/span><br \/>\n<span style=\"color: #800000;\"><strong>T\u00e9l. : 01 45 48 50 19<\/strong><\/span><\/p>\n","protected":false},"excerpt":{"rendered":"<p>Les membres de ce groupe sont accompagn\u00e9s par les sal\u00e9siennes missionnaires de Marie Immacul\u00e9e pour approfondir leur vie et vivre l\u2019\u00c9vangile \u00e0 la lumi\u00e8re de la spiritualit\u00e9 de saint Fran\u00e7ois de Sales. 3e dimanche du mois de 15h30-17h. Contact : Soeur Annie et P\u00e8re St\u00e9phane ESCLEF T\u00e9l. : 01 45 48 50 19<\/p>\n","protected":false},"author":1,"featured_media":0,"parent":0,"menu_order":0,"comment_status":"closed","ping_status":"closed","template":"","meta":{"footnotes":""},"class_list":["post-368","page","type-page","status-publish","hentry"],"jetpack_sharing_enabled":true,"_links":{"self":[{"href":"https:\/\/sjbb.fr\/index.php\/wp-json\/wp\/v2\/pages\/368","targetHints":{"allow":["GET"]}}],"collection":[{"href":"https:\/\/sjbb.fr\/index.php\/wp-json\/wp\/v2\/pages"}],"about":[{"href":"https:\/\/sjbb.fr\/index.php\/wp-json\/wp\/v2\/types\/page"}],"author":[{"embeddable":true,"href":"https:\/\/sjbb.fr\/index.php\/wp-json\/wp\/v2\/users\/1"}],"replies":[{"embeddable":true,"href":"https:\/\/sjbb.fr\/index.php\/wp-json\/wp\/v2\/comments?post=368"}],"version-history":[{"count":0,"href":"https:\/\/sjbb.fr\/index.php\/wp-json\/wp\/v2\/pages\/368\/revisions"}],"wp:attachment":[{"href":"https:\/\/sjbb.fr\/index.php\/wp-json\/wp\/v2\/media?parent=368"}],"curies":[{"name":"wp","href":"https:\/\/api.w.org\/{rel}","templated":true}]}}