{"id":372,"date":"2015-12-15T19:35:00","date_gmt":"2015-12-15T18:35:00","guid":{"rendered":"http:\/\/sjbb.fr\/?page_id=372"},"modified":"2019-09-14T21:29:15","modified_gmt":"2019-09-14T20:29:15","slug":"mission-parvis","status":"publish","type":"page","link":"https:\/\/sjbb.fr\/index.php\/mission-parvis\/","title":{"rendered":"MISSIONS PARVIS"},"content":{"rendered":"<p style=\"text-align: justify;\"><strong><a href=\"http:\/\/sjbb.fr\/wp-content\/uploads\/2015\/11\/SJB_CALAVANT_KV_301114_087B.jpg\" rel=\"attachment wp-att-83\"><img loading=\"lazy\" decoding=\"async\" class=\" wp-image-83 alignleft\" src=\"http:\/\/sjbb.fr\/wp-content\/uploads\/2015\/11\/SJB_CALAVANT_KV_301114_087B-300x199.jpg\" alt=\"SJB_CALAVANT_KV_301114_087B\" width=\"240\" height=\"162\" \/><\/a>Des samedis dans l\u2019ann\u00e9e, de 15h \u00e0 17h30, devant l\u2019\u00e9glise, nous allons \u00e0 la rencontre des gens de notre quartier.\u00a0 Un verre de l\u2019amiti\u00e9 est propos\u00e9 ainsi qu\u2019une possible d\u00e9marche dans l\u2019\u00e9glise. Durant ce temps missionnaire le Saint Sacrement est expos\u00e9. Cette rencontre est pr\u00e9c\u00e9d\u00e9e, pour les paroissiens, d\u2019un temps de louange.<\/strong><\/p>\n<h3 style=\"text-align: center;\"><span style=\"color: #800000;\"><strong>2 novembre 2019 <em>(D\u00e9funts)<\/em><br \/>\n<\/strong><\/span><\/h3>\n<h3 style=\"text-align: center;\"><span style=\"color: #800000;\"><strong>14 d\u00e9cembre \u00a0 <em>(No\u00ebl)<\/em> <\/strong><\/span><br \/>\n<em><span style=\"color: #800000;\"><strong>journ\u00e9e communautaire<\/strong><\/span><\/em><\/h3>\n<h3 style=\"text-align: center;\"><strong><span style=\"color: #800000;\">2 f\u00e9vrier 2020\u00a0 <em>(Lumi\u00e8re)<\/em><\/span> <\/strong><\/h3>\n<h3 style=\"text-align: center;\"><span style=\"color: #800000;\"><strong>6 juin 2020 \u00a0 <em>(Ste Genevi\u00e8ve)<\/em><\/strong><\/span><br \/>\n<em><span style=\"color: #800000;\"><strong>journ\u00e9e communautaire<\/strong><\/span><\/em><\/h3>\n<h3 style=\"text-align: center;\"><span style=\"color: #800000;\"><strong>20 juin 2020 <em>(St Jean-Baptiste)<\/em><br \/>\n<\/strong><\/span><\/h3>\n<p style=\"text-align: center;\"><span style=\"color: #800000;\"><strong>Contact : P\u00e8re St\u00e9phane ESCLEF<\/strong><\/span><br \/>\n<span style=\"color: #800000;\"><strong>T\u00e9l. : 01 42 08 54 54<\/strong><\/span><\/p>\n","protected":false},"excerpt":{"rendered":"<p>Des samedis dans l\u2019ann\u00e9e, de 15h \u00e0 17h30, devant l\u2019\u00e9glise, nous allons \u00e0 la rencontre des gens de notre quartier.\u00a0 Un verre de l\u2019amiti\u00e9 est propos\u00e9 ainsi qu\u2019une possible d\u00e9marche dans l\u2019\u00e9glise. Durant ce temps missionnaire le Saint Sacrement est expos\u00e9. Cette rencontre est pr\u00e9c\u00e9d\u00e9e, pour les paroissiens, d\u2019un temps de louange. 2 novembre 2019 [&hellip;]<\/p>\n","protected":false},"author":1,"featured_media":0,"parent":0,"menu_order":0,"comment_status":"closed","ping_status":"closed","template":"","meta":{"footnotes":""},"class_list":["post-372","page","type-page","status-publish","hentry"],"jetpack_sharing_enabled":true,"_links":{"self":[{"href":"https:\/\/sjbb.fr\/index.php\/wp-json\/wp\/v2\/pages\/372","targetHints":{"allow":["GET"]}}],"collection":[{"href":"https:\/\/sjbb.fr\/index.php\/wp-json\/wp\/v2\/pages"}],"about":[{"href":"https:\/\/sjbb.fr\/index.php\/wp-json\/wp\/v2\/types\/page"}],"author":[{"embeddable":true,"href":"https:\/\/sjbb.fr\/index.php\/wp-json\/wp\/v2\/users\/1"}],"replies":[{"embeddable":true,"href":"https:\/\/sjbb.fr\/index.php\/wp-json\/wp\/v2\/comments?post=372"}],"version-history":[{"count":0,"href":"https:\/\/sjbb.fr\/index.php\/wp-json\/wp\/v2\/pages\/372\/revisions"}],"wp:attachment":[{"href":"https:\/\/sjbb.fr\/index.php\/wp-json\/wp\/v2\/media?parent=372"}],"curies":[{"name":"wp","href":"https:\/\/api.w.org\/{rel}","templated":true}]}}