{"id":378,"date":"2015-12-15T19:36:23","date_gmt":"2015-12-15T18:36:23","guid":{"rendered":"http:\/\/sjbb.fr\/?page_id=378"},"modified":"2018-09-19T15:31:33","modified_gmt":"2018-09-19T14:31:33","slug":"ccfd-terre-solidaire","status":"publish","type":"page","link":"https:\/\/sjbb.fr\/index.php\/ccfd-terre-solidaire\/","title":{"rendered":"CCFD &#8211; TERRE SOLIDAIRE"},"content":{"rendered":"<h3><span style=\"color: #800000;\"><strong><a href=\"http:\/\/sjbb.fr\/wp-content\/uploads\/2015\/12\/8CCFDTerreSolidaire.jpg\" rel=\"attachment wp-att-685\"><img loading=\"lazy\" decoding=\"async\" class=\"aligncenter size-full wp-image-685\" src=\"http:\/\/sjbb.fr\/wp-content\/uploads\/2015\/12\/8CCFDTerreSolidaire.jpg\" alt=\"8CCFDTerreSolidaire\" width=\"230\" height=\"117\" \/><\/a>Comit\u00e9 Catholique contre la Faim et pour le D\u00e9veloppement, terre solidaire<\/strong><\/span><\/h3>\n<div id=\"contenu-01\">\n<p style=\"text-align: justify;\">Constitu\u00e9 en association, reconnu d&rsquo;utilit\u00e9 publique en 1984, le CCFD-Terre Solidaire (Comit\u00e9 Catholique contre la Faim et pour le d\u00e9veloppement &#8211; Terre Solidaire) a re\u00e7u en 1993 le label Grande Cause Nationale.<\/p>\n<p style=\"text-align: justify;\">Il a le statut de consultant aupr\u00e8s du Conseil \u00e9conomique et social des Nations unies et est, aujourd&rsquo;hui, la premi\u00e8re ONG fran\u00e7aise de d\u00e9veloppement. Il est compos\u00e9 de 28 Mouvements et Services d&rsquo;\u00c9glise. Une structure permanente de 170 salari\u00e9s, \u00e0 Paris et en r\u00e9gion, est charg\u00e9e de mettre en oeuvre les missions du CCFD-Terre Solidaire.<\/p>\n<p style=\"text-align: justify;\">Le CCFD-Terre Solidaire s&rsquo;appuie sur son r\u00e9seau de 15 000 b\u00e9n\u00e9voles r\u00e9partis dans 99 comit\u00e9s dioc\u00e9sains et 1500 \u00e9quipes locales.<\/p>\n<p style=\"text-align: justify;\">Le CCFD-Terre Solidaire se consid\u00e8re comme un acteur dans le champ politique, pr\u00e9sent dans l&rsquo;espace public national et international, susceptible de faire changer les mentalit\u00e9s en profondeur, pour plus de justice et pour davantage de solidarit\u00e9.<\/p>\n<\/div>\n<p style=\"text-align: justify;\"><a href=\"http:\/\/sjbb.fr\/wp-content\/uploads\/2015\/12\/Z-2013-Campagne-CCFD.jpg\" rel=\"attachment wp-att-686\"><img loading=\"lazy\" decoding=\"async\" class=\"aligncenter size-medium wp-image-686\" src=\"http:\/\/sjbb.fr\/wp-content\/uploads\/2015\/12\/Z-2013-Campagne-CCFD-300x193.jpg\" alt=\"Z-2013-Campagne-CCFD\" width=\"300\" height=\"193\" \/><\/a><br \/>\n<strong>Une \u00e9quipe paroissiale r\u00e9percute sur la paroisse les propositions de cet organisme eccl\u00e9sial. <\/strong><strong>Elle sensibilise aux nombreuses questions touchant au d\u00e9veloppement, \u00e0 la mondialisation \u00e0 l\u2019occasion du Car\u00eame et du march\u00e9 de No\u00ebl.<\/strong><br \/>\n<span style=\"color: #800000;\"><strong>Contact : Monique KONTE<\/strong><\/span><br \/>\n<span style=\"color: #800000;\"><strong>T\u00e9l. : 01 42 08 54 54<br \/>\n<\/strong><\/span><\/p>\n","protected":false},"excerpt":{"rendered":"<p>Comit\u00e9 Catholique contre la Faim et pour le D\u00e9veloppement, terre solidaire Constitu\u00e9 en association, reconnu d&rsquo;utilit\u00e9 publique en 1984, le CCFD-Terre Solidaire (Comit\u00e9 Catholique contre la Faim et pour le d\u00e9veloppement &#8211; Terre Solidaire) a re\u00e7u en 1993 le label Grande Cause Nationale. Il a le statut de consultant aupr\u00e8s du Conseil \u00e9conomique et social [&hellip;]<\/p>\n","protected":false},"author":1,"featured_media":0,"parent":0,"menu_order":0,"comment_status":"closed","ping_status":"closed","template":"","meta":{"footnotes":""},"class_list":["post-378","page","type-page","status-publish","hentry"],"jetpack_sharing_enabled":true,"_links":{"self":[{"href":"https:\/\/sjbb.fr\/index.php\/wp-json\/wp\/v2\/pages\/378","targetHints":{"allow":["GET"]}}],"collection":[{"href":"https:\/\/sjbb.fr\/index.php\/wp-json\/wp\/v2\/pages"}],"about":[{"href":"https:\/\/sjbb.fr\/index.php\/wp-json\/wp\/v2\/types\/page"}],"author":[{"embeddable":true,"href":"https:\/\/sjbb.fr\/index.php\/wp-json\/wp\/v2\/users\/1"}],"replies":[{"embeddable":true,"href":"https:\/\/sjbb.fr\/index.php\/wp-json\/wp\/v2\/comments?post=378"}],"version-history":[{"count":0,"href":"https:\/\/sjbb.fr\/index.php\/wp-json\/wp\/v2\/pages\/378\/revisions"}],"wp:attachment":[{"href":"https:\/\/sjbb.fr\/index.php\/wp-json\/wp\/v2\/media?parent=378"}],"curies":[{"name":"wp","href":"https:\/\/api.w.org\/{rel}","templated":true}]}}