{"id":394,"date":"2015-12-15T19:43:10","date_gmt":"2015-12-15T18:43:10","guid":{"rendered":"http:\/\/sjbb.fr\/?page_id=394"},"modified":"2020-10-03T11:11:55","modified_gmt":"2020-10-03T10:11:55","slug":"les-autres-communautes","status":"publish","type":"page","link":"https:\/\/sjbb.fr\/index.php\/les-autres-communautes\/","title":{"rendered":"AUTRES COMMUNAUT\u00c9S"},"content":{"rendered":"\n<figure class=\"wp-block-gallery columns-3 is-cropped wp-block-gallery-1 is-layout-flex wp-block-gallery-is-layout-flex\"><ul class=\"blocks-gallery-grid\"><li class=\"blocks-gallery-item\"><figure><img loading=\"lazy\" decoding=\"async\" width=\"622\" height=\"933\" src=\"https:\/\/sjbb.fr\/wp-content\/uploads\/2020\/10\/Enseignement-catholique.jpg\" alt=\"\" data-id=\"7508\" data-full-url=\"https:\/\/sjbb.fr\/wp-content\/uploads\/2020\/10\/Enseignement-catholique.jpg\" data-link=\"https:\/\/sjbb.fr\/index.php\/les-autres-communautes\/enseignement-catholique-2\/\" class=\"wp-image-7508\" srcset=\"https:\/\/sjbb.fr\/wp-content\/uploads\/2020\/10\/Enseignement-catholique.jpg 622w, https:\/\/sjbb.fr\/wp-content\/uploads\/2020\/10\/Enseignement-catholique-200x300.jpg 200w, https:\/\/sjbb.fr\/wp-content\/uploads\/2020\/10\/Enseignement-catholique-16x24.jpg 16w, https:\/\/sjbb.fr\/wp-content\/uploads\/2020\/10\/Enseignement-catholique-24x36.jpg 24w, https:\/\/sjbb.fr\/wp-content\/uploads\/2020\/10\/Enseignement-catholique-32x48.jpg 32w\" sizes=\"auto, (max-width: 622px) 100vw, 622px\" \/><figcaption class=\"blocks-gallery-item__caption\"><a href=\"http:\/\/sjbb.fr\/index.php\/enseignement-catholique\/\">ENSEIGNEMENT CATHOLIQUE<\/a><\/figcaption><\/figure><\/li><li class=\"blocks-gallery-item\"><figure><img loading=\"lazy\" decoding=\"async\" width=\"622\" height=\"933\" src=\"https:\/\/sjbb.fr\/wp-content\/uploads\/2020\/10\/Communautes-religieuses.jpg\" alt=\"\" data-id=\"7509\" data-full-url=\"https:\/\/sjbb.fr\/wp-content\/uploads\/2020\/10\/Communautes-religieuses.jpg\" data-link=\"https:\/\/sjbb.fr\/index.php\/les-autres-communautes\/communautes-religieuses\/\" class=\"wp-image-7509\" srcset=\"https:\/\/sjbb.fr\/wp-content\/uploads\/2020\/10\/Communautes-religieuses.jpg 622w, https:\/\/sjbb.fr\/wp-content\/uploads\/2020\/10\/Communautes-religieuses-200x300.jpg 200w, https:\/\/sjbb.fr\/wp-content\/uploads\/2020\/10\/Communautes-religieuses-16x24.jpg 16w, https:\/\/sjbb.fr\/wp-content\/uploads\/2020\/10\/Communautes-religieuses-24x36.jpg 24w, https:\/\/sjbb.fr\/wp-content\/uploads\/2020\/10\/Communautes-religieuses-32x48.jpg 32w\" sizes=\"auto, (max-width: 622px) 100vw, 622px\" \/><figcaption class=\"blocks-gallery-item__caption\"><a href=\"http:\/\/sjbb.fr\/index.php\/les-communautes-religieuses\/\">COMMUNAUT\u00c9S RELIGIEUSE<\/a><\/figcaption><\/figure><\/li><li class=\"blocks-gallery-item\"><figure><img loading=\"lazy\" decoding=\"async\" width=\"622\" height=\"933\" src=\"https:\/\/sjbb.fr\/wp-content\/uploads\/2020\/10\/Mission-polonaise.jpg\" alt=\"\" data-id=\"7510\" data-full-url=\"https:\/\/sjbb.fr\/wp-content\/uploads\/2020\/10\/Mission-polonaise.jpg\" data-link=\"https:\/\/sjbb.fr\/index.php\/les-autres-communautes\/mission-polonaise\/\" class=\"wp-image-7510\" srcset=\"https:\/\/sjbb.fr\/wp-content\/uploads\/2020\/10\/Mission-polonaise.jpg 622w, https:\/\/sjbb.fr\/wp-content\/uploads\/2020\/10\/Mission-polonaise-200x300.jpg 200w, https:\/\/sjbb.fr\/wp-content\/uploads\/2020\/10\/Mission-polonaise-16x24.jpg 16w, https:\/\/sjbb.fr\/wp-content\/uploads\/2020\/10\/Mission-polonaise-24x36.jpg 24w, https:\/\/sjbb.fr\/wp-content\/uploads\/2020\/10\/Mission-polonaise-32x48.jpg 32w\" sizes=\"auto, (max-width: 622px) 100vw, 622px\" \/><figcaption class=\"blocks-gallery-item__caption\"><a href=\"http:\/\/sjbb.fr\/index.php\/la-mission-polonaise\/\">LA MISSION POLONAISE<\/a><\/figcaption><\/figure><\/li><\/ul><\/figure>\n\n\n\n<p class=\"has-text-align-center\"><strong>Notre paroisse accueille, sur son territoires, diff\u00e9rentes communaut\u00e9s de vie qui trouvent tout \u00e0 fait leur place au sein de notre communaut\u00e9.<\/strong><\/p>\n","protected":false},"excerpt":{"rendered":"<p>Notre paroisse accueille, sur son territoires, diff\u00e9rentes communaut\u00e9s de vie qui trouvent tout \u00e0 fait leur place au sein de notre communaut\u00e9.<\/p>\n","protected":false},"author":14,"featured_media":0,"parent":0,"menu_order":0,"comment_status":"closed","ping_status":"closed","template":"","meta":{"footnotes":""},"class_list":["post-394","page","type-page","status-publish","hentry"],"jetpack_sharing_enabled":true,"_links":{"self":[{"href":"https:\/\/sjbb.fr\/index.php\/wp-json\/wp\/v2\/pages\/394","targetHints":{"allow":["GET"]}}],"collection":[{"href":"https:\/\/sjbb.fr\/index.php\/wp-json\/wp\/v2\/pages"}],"about":[{"href":"https:\/\/sjbb.fr\/index.php\/wp-json\/wp\/v2\/types\/page"}],"author":[{"embeddable":true,"href":"https:\/\/sjbb.fr\/index.php\/wp-json\/wp\/v2\/users\/14"}],"replies":[{"embeddable":true,"href":"https:\/\/sjbb.fr\/index.php\/wp-json\/wp\/v2\/comments?post=394"}],"version-history":[{"count":0,"href":"https:\/\/sjbb.fr\/index.php\/wp-json\/wp\/v2\/pages\/394\/revisions"}],"wp:attachment":[{"href":"https:\/\/sjbb.fr\/index.php\/wp-json\/wp\/v2\/media?parent=394"}],"curies":[{"name":"wp","href":"https:\/\/api.w.org\/{rel}","templated":true}]}}