{"id":398,"date":"2015-12-15T19:45:25","date_gmt":"2015-12-15T18:45:25","guid":{"rendered":"http:\/\/sjbb.fr\/?page_id=398"},"modified":"2016-07-20T21:44:17","modified_gmt":"2016-07-20T20:44:17","slug":"les-communautes-religieuses","status":"publish","type":"page","link":"https:\/\/sjbb.fr\/index.php\/les-communautes-religieuses\/","title":{"rendered":"LES COMMUNAUT\u00c9S RELIGIEUSES"},"content":{"rendered":"<p style=\"text-align: justify;\"><a href=\"http:\/\/sjbb.fr\/wp-content\/uploads\/2016\/07\/SJB_MESSE0102_KBA_010215_096B.jpg\" rel=\"attachment wp-att-2156\"><img loading=\"lazy\" decoding=\"async\" class=\"aligncenter wp-image-2156\" src=\"http:\/\/sjbb.fr\/wp-content\/uploads\/2016\/07\/SJB_MESSE0102_KBA_010215_096B-1024x674.jpg\" alt=\"SJB_MESSE0102_KBA_010215_096B\" width=\"532\" height=\"353\" \/><\/a><\/p>\n<p style=\"text-align: justify;\"><strong>Notre paroisse a la chance de rendre pr\u00e9sent la vie consacr\u00e9e gr\u00e2ce \u00e0 trois communaut\u00e9s religieuses qui \u0153uvrent pour rendre pr\u00e9sent la dimension baptismale et caritative\u00a0 sur notre quartier.<\/strong><\/p>\n<h3><span style=\"color: #800000;\"><strong>Fraternit\u00e9s des petites s\u0153urs de J\u00e9sus<a href=\"http:\/\/sjbb.fr\/wp-content\/uploads\/2015\/11\/VKp9G3pMkzluZas5Q8lAecCvNna0egxuBTcQWvIrFg4bxOysj1fBsTZW5ZUujGNXOmmiBinnHhE-LabLkMUF28.jpg\" rel=\"attachment wp-att-25\"><img loading=\"lazy\" decoding=\"async\" class=\"alignleft wp-image-25 size-full\" src=\"http:\/\/sjbb.fr\/wp-content\/uploads\/2015\/11\/VKp9G3pMkzluZas5Q8lAecCvNna0egxuBTcQWvIrFg4bxOysj1fBsTZW5ZUujGNXOmmiBinnHhE-LabLkMUF28.jpg\" alt=\"VKp9G3pMkzluZas5Q8lAecCvNna0egxuBTcQWvIrFg4,bxOysj1fBsTZW5ZUujGNXOmmiBinnHhE-LabLkMUF28\" width=\"636\" height=\"960\" \/><\/a><\/strong><\/span><\/h3>\n<p><strong>1, rue du 7e Art &#8211; 75019 Paris.<\/strong><br \/>\n<strong> T\u00e9l: 01 42 41 28 70<\/strong><\/p>\n<p style=\"text-align: justify;\">Nous sommes trois <b>Petites S\u0153urs<\/b> et nous vivons sur la paroisse Saint Jean-Baptiste de Belleville depuis l&rsquo;\u00e9t\u00e9 2007.<\/p>\n<p style=\"text-align: justify;\">Nous avons v\u00e9cu de nombreuses ann\u00e9es dans des pays et insertions bien diff\u00e9rentes et maintenant nous sommes l\u00e0 partageant la vie des gens de ce quartier\u00a0:\u00a0 <i>La pri\u00e8re et la vie c\u2019est un tout.<\/i><\/p>\n<p>&nbsp;<\/p>\n<h6 style=\"text-align: center;\">Pour en savoir plus, veuillez voir\u00a0:\u00a0 <a class=\"external text\" title=\"http:\/\/petitessoeursjesus.catholique.fr\" href=\"http:\/\/petitessoeursjesus.catholique.fr\" target=\"_blank\" rel=\"nofollow\">petitessoeursjesus.catholique.fr<\/a><\/h6>\n<p style=\"text-align: center;\"><b>NOUVEAU\u00a0:\u00a0 <a class=\"external text\" title=\"http:\/\/www.youtube.com\/watch?v=CIuiOFBGF_g&amp;feature=channel\" href=\"http:\/\/www.youtube.com\/watch?v=CIuiOFBGF_g&amp;feature=channel\" target=\"_blank\" rel=\"nofollow\">\u00ab\u00a0Esp\u00e9rance, t&rsquo;es o\u00f9\u00a0?\u00a0\u00bb\u00a0<\/a><br \/>\n<\/b> Un vid\u00e9o de sept minutes sur YouTube.<\/p>\n<h3><span style=\"color: #800000;\">S\u0153urs Sal\u00e9siennes<a href=\"http:\/\/sjbb.fr\/wp-content\/uploads\/2015\/11\/WP_001968.jpg\" rel=\"attachment wp-att-90\"><img loading=\"lazy\" decoding=\"async\" class=\"alignright wp-image-90 size-medium\" src=\"http:\/\/sjbb.fr\/wp-content\/uploads\/2015\/11\/WP_001968-225x300.jpg\" alt=\"WP_001968\" width=\"225\" height=\"300\" \/><\/a><\/span><br \/>\n<span style=\"color: #800000;\">Missionnaires de Marie Immacul\u00e9e<\/span><\/h3>\n<p><strong>5, rue de Crim\u00e9e &#8211; T\u00e9l: 01 45 48 50 19<\/strong><\/p>\n<p>Notre congr\u00e9gation des <b>S\u0153urs Sal\u00e9siennes Missionnaires de Marie Immacul\u00e9e<\/b> (SMMI) est un Institut de Droit Pontifical, au sein de la <b><a class=\"external text\" title=\"http:\/\/www.francoisdesales.com\/-Filles-de-Saint-Francois-de-Sales-.html\" href=\"http:\/\/www.francoisdesales.com\/-Filles-de-Saint-Francois-de-Sales-.html\" target=\"_blank\" rel=\"nofollow\">Soci\u00e9t\u00e9 des Filles de Saint Fran\u00e7ois de Sales<\/a><\/b>.<br \/>\nNous vivons la spiritualit\u00e9 de Saint Fran\u00e7ois de Sales.<\/p>\n<p style=\"text-align: justify;\">Press\u00e9es par \u00ab\u00a0un amour passionn\u00e9 pour J\u00e9sus et sa mission, comme Marie enti\u00e8rement disponible, nous allons au-del\u00e0 de nos fronti\u00e8res dans une option pr\u00e9f\u00e9rentielle pour la femme et les plus pauvres\u00a0\u00bb (Charte SMMI).<\/p>\n<p style=\"text-align: justify;\"><a href=\"http:\/\/sjbb.fr\/wp-content\/uploads\/2015\/11\/SJB_MESSERELIG_KBA_100515_010B.jpg\" rel=\"attachment wp-att-59\"><img loading=\"lazy\" decoding=\"async\" class=\"aligncenter wp-image-59 \" src=\"http:\/\/sjbb.fr\/wp-content\/uploads\/2015\/11\/SJB_MESSERELIG_KBA_100515_010B-1024x690.jpg\" alt=\"SJB_MESSERELIG_KBA_100515_010B\" width=\"524\" height=\"356\" \/><\/a><\/p>\n<p style=\"text-align: justify;\">Elle se compose en partie de s\u0153urs revenues de missions lointaines et de plus jeunes venues nous aider et se donner \u00e0 la mission ici en France. A elle seule cette communaut\u00e9 repr\u00e9sente diff\u00e9rents pays d\u2019adoption\u00a0: l\u2019Alg\u00e9rie, Madagascar, l\u2019Inde, le Bangladesh, le Chili, la Chine\u2026 ce qui lui donne une grande ouverture sur le monde.<\/p>\n<p style=\"text-align: justify;\">Malgr\u00e9 le grand \u00e2ge de la majorit\u00e9 des s\u0153urs, la communaut\u00e9 reste tr\u00e8s dynamique\u00a0! Chacune poursuit la mission dans ce qui lui est possible\u00a0: visites de personnes isol\u00e9es ou malades, accueil \u00e0 la paroisse, cat\u00e9ch\u00e8se, atelier m\u00e9moire, Secours Catholique, timbres, traductions, apprentissage du fran\u00e7ais \u00e0 des chinois, alphab\u00e9tisation\u2026 plus tous les petits services que comporte la bonne marche d\u2019une maison.<\/p>\n<p style=\"text-align: justify;\">Tous les moyens sont bons pour participer \u00e0 l\u2019\u00e9dification d\u2019un monde d\u2019amour\u2026 il suffit d\u2019y mettre le c\u0153ur et de rester dans l\u2019Esprit de J\u00e9sus\u00a0!<\/p>\n<p style=\"text-align: justify;\">\u00a0Sur la paroisse, elle accompagnent, entre autre, <a href=\"http:\/\/sjbb.fr\/index.php\/amitie-salesienne\/\">un groupe d&rsquo;amiti\u00e9 sal\u00e9sienne <\/a>ou chacun peut partager, r\u00e9fl\u00e9chir sur sa foi dans l&rsquo;Esprit de St Fran\u00e7ois de Sale.<\/p>\n<h3><span style=\"color: #800000;\">S\u0153urs du Tr\u00e8s Saint-<\/span><span style=\"color: #800000;\">Sacrement et de la Charit\u00e9<\/span><\/h3>\n<p><strong>1-3, rue Henri-Ribi\u00e8re &#8211; B\u00e2t. L1 bo\u00eete 55<\/strong><br \/>\n<strong> 75019 paris &#8211; T\u00e9l. : 01 43 56 21 15<\/strong><\/p>\n<p class=\"documentDescription\" style=\"text-align: justify;\">Congr\u00e9gation d&rsquo;origine dioc\u00e9saine dont la Maison-m\u00e8re est situ\u00e9e au 21 de la rue Antoine Moreau \u00e0 Bourges.<\/p>\n<p id=\"viewlet-above-content-body\" style=\"text-align: justify;\">\u00a0La Congr\u00e9gation des S\u0153urs du Tr\u00e8s Saint Sacrement et de la Charit\u00e9 a \u00e9t\u00e9 fond\u00e9e au XVIIe si\u00e8cle par le p\u00e8re Antoine Moreau, cur\u00e9 de Montoire s\/ Le Loir, petite ville du Loir et Cher. Durant les premi\u00e8res ann\u00e9es de son activit\u00e9 , il vit toute une s\u00e9rie de calamit\u00e9s s&rsquo;abattre sur la population. Il se d\u00e9pensa sans compter aupr\u00e8s de tous les malheureux, mais il lui fallait trouver de l&rsquo;aide.<\/p>\n<div id=\"content-core\">\n<div id=\"parent-fieldname-text-787f7e2d82e0486e92d7107d6bce6665\" class=\"\">\n<p style=\"text-align: justify;\">Apr\u00e8s Marguerite Delbeau de la Touche, tomb\u00e9e victime de son h\u00e9ro\u00efque charit\u00e9, il sollicita le d\u00e9vouement de Ren\u00e9e Barbier \u00e0 qui il communiqua <em>\u00ab\u00a0le dessein qu&rsquo;il avait depuis longtemps d&rsquo;\u00e9tablir dans sa paroisse des personnes pour soigner les malades pauvres et instruire la jeunesse. \u00ab\u00a0<\/em> Sans h\u00e9siter, Ren\u00e9e Barbier acc\u00e9da \u00e0 son d\u00e9sir. Autour d&rsquo;elle se group\u00e8rent bient\u00f4t plusieurs filles g\u00e9n\u00e9reuses et, au bout de neuf ans, le 21 Novembre 1671, en la f\u00eate de la Pr\u00e9sentation de la Sainte Vierge, les S\u0153urs prononc\u00e8rent leurs premiers v\u0153ux.<\/p>\n<p style=\"text-align: justify;\">Ainsi la Congr\u00e9gation nomm\u00e9e d&rsquo;abord des \u00ab\u00a0Filles du Saint Sacrement\u00a0\u00bb, leur fondateur leur ayant donn\u00e9 <em>\u00ab\u00a0pour but et derni\u00e8re fin d&rsquo;honorer le Tr\u00e8s Saint Sacrement de l&rsquo;Autel en toutes mani\u00e8res.\u00a0\u00bb<\/em> Bient\u00f4t le d\u00e9vouement des S\u0153urs pour les pauvres, les malades, l&rsquo;\u00e9ducation des enfants du peuple dans les \u00ab\u00a0petites \u00e9coles\u00a0\u00bb, fit qu&rsquo;on les appela \u00ab\u00a0S\u0153urs de la Charit\u00e9\u00a0\u00bb<\/p>\n<h4 style=\"text-align: justify;\"><span style=\"color: #800000;\"><strong><span class=\"texte-vert\">Charisme<\/span><\/strong><\/span><\/h4>\n<p style=\"text-align: justify;\">L&rsquo;Adoration en \u00ab\u00a0toutes mani\u00e8res\u00a0\u00bb du Christ dans l&rsquo;Eucharistie prend toute la vie, tout ce qui fait le quotidien de la S\u0153ur du tr\u00e8s Saint Sacrement et de la Charit\u00e9.<br \/>\nDans l&rsquo;Adoration et la C\u00e9l\u00e9bration Eucharistiques, elle communie \u00e0 l&rsquo;Amour du Christ et le laisse p\u00e9n\u00e9trer au plus profond d&rsquo;elle-m\u00eame. C&rsquo;est cet Amour puis\u00e9 dans l&rsquo;Adoration qu&rsquo;elle veut partager avec ses fr\u00e8res qui la conduit vers les enfants, les jeunes, les pauvres, les malades, les personnes \u00e2g\u00e9es, les migrants.<\/p>\n<h4><span class=\"texte-vert\" style=\"color: #800000;\"><strong>Communaut\u00e9s<\/strong><\/span><\/h4>\n<p style=\"text-align: justify;\">Elles sont pr\u00e9sentes dans les dioc\u00e8ses de Bourges, Blois et Paris et vivent en petites communaut\u00e9s.<\/p>\n<\/div>\n<\/div>\n<p>&nbsp;<\/p>\n","protected":false},"excerpt":{"rendered":"<p>Notre paroisse a la chance de rendre pr\u00e9sent la vie consacr\u00e9e gr\u00e2ce \u00e0 trois communaut\u00e9s religieuses qui \u0153uvrent pour rendre pr\u00e9sent la dimension baptismale et caritative\u00a0 sur notre quartier. Fraternit\u00e9s des petites s\u0153urs de J\u00e9sus 1, rue du 7e Art &#8211; 75019 Paris. T\u00e9l: 01 42 41 28 70 Nous sommes trois Petites S\u0153urs et [&hellip;]<\/p>\n","protected":false},"author":1,"featured_media":0,"parent":0,"menu_order":0,"comment_status":"closed","ping_status":"closed","template":"","meta":{"footnotes":""},"class_list":["post-398","page","type-page","status-publish","hentry"],"jetpack_sharing_enabled":true,"_links":{"self":[{"href":"https:\/\/sjbb.fr\/index.php\/wp-json\/wp\/v2\/pages\/398","targetHints":{"allow":["GET"]}}],"collection":[{"href":"https:\/\/sjbb.fr\/index.php\/wp-json\/wp\/v2\/pages"}],"about":[{"href":"https:\/\/sjbb.fr\/index.php\/wp-json\/wp\/v2\/types\/page"}],"author":[{"embeddable":true,"href":"https:\/\/sjbb.fr\/index.php\/wp-json\/wp\/v2\/users\/1"}],"replies":[{"embeddable":true,"href":"https:\/\/sjbb.fr\/index.php\/wp-json\/wp\/v2\/comments?post=398"}],"version-history":[{"count":0,"href":"https:\/\/sjbb.fr\/index.php\/wp-json\/wp\/v2\/pages\/398\/revisions"}],"wp:attachment":[{"href":"https:\/\/sjbb.fr\/index.php\/wp-json\/wp\/v2\/media?parent=398"}],"curies":[{"name":"wp","href":"https:\/\/api.w.org\/{rel}","templated":true}]}}