{"id":400,"date":"2015-12-15T19:45:38","date_gmt":"2015-12-15T18:45:38","guid":{"rendered":"http:\/\/sjbb.fr\/?page_id=400"},"modified":"2020-10-03T11:13:56","modified_gmt":"2020-10-03T10:13:56","slug":"la-mission-polonaise","status":"publish","type":"page","link":"https:\/\/sjbb.fr\/index.php\/la-mission-polonaise\/","title":{"rendered":"LA MISSION POLONAISE"},"content":{"rendered":"\n<div class=\"wp-block-image\"><figure class=\"aligncenter size-large\"><a href=\"http:\/\/sjbb.fr\/wp-content\/uploads\/2015\/12\/DSC_3460.jpg\" rel=\"attachment wp-att-884\"><img loading=\"lazy\" decoding=\"async\" width=\"1024\" height=\"498\" src=\"https:\/\/sjbb.fr\/wp-content\/uploads\/2020\/10\/Mission-polonaise-3-1024x498.jpg\" alt=\"\" class=\"wp-image-7513\" srcset=\"https:\/\/sjbb.fr\/wp-content\/uploads\/2020\/10\/Mission-polonaise-3-1024x498.jpg 1024w, https:\/\/sjbb.fr\/wp-content\/uploads\/2020\/10\/Mission-polonaise-3-300x146.jpg 300w, https:\/\/sjbb.fr\/wp-content\/uploads\/2020\/10\/Mission-polonaise-3-768x373.jpg 768w, https:\/\/sjbb.fr\/wp-content\/uploads\/2020\/10\/Mission-polonaise-3-900x437.jpg 900w, https:\/\/sjbb.fr\/wp-content\/uploads\/2020\/10\/Mission-polonaise-3-24x12.jpg 24w, https:\/\/sjbb.fr\/wp-content\/uploads\/2020\/10\/Mission-polonaise-3-36x17.jpg 36w, https:\/\/sjbb.fr\/wp-content\/uploads\/2020\/10\/Mission-polonaise-3-48x23.jpg 48w, https:\/\/sjbb.fr\/wp-content\/uploads\/2020\/10\/Mission-polonaise-3.jpg 1280w\" sizes=\"auto, (max-width: 1024px) 100vw, 1024px\" \/><\/a><\/figure><\/div>\n\n\n\n<h3 class=\"has-text-align-center wp-block-heading\"><strong>La mission polonaise se retrouve r\u00e9guli\u00e8rement, <\/strong><\/h3>\n\n\n\n<h3 class=\"has-text-align-center wp-block-heading\"><strong>accompagn\u00e9e par&nbsp; <\/strong><\/h3>\n\n\n\n<h3 class=\"has-text-align-center wp-block-heading\"><strong><span style=\"color: #800000;\"> le P\u00e8re Mateusz CHEJZDRAL.<\/span> <\/strong><\/h3>\n\n\n\n<div class=\"wp-block-image\"><figure class=\"aligncenter size-large\"><a href=\"http:\/\/sjbb.fr\/wp-content\/uploads\/2016\/09\/WP_004039.jpg\" rel=\"attachment wp-att-2278\"><img loading=\"lazy\" decoding=\"async\" width=\"622\" height=\"933\" src=\"https:\/\/sjbb.fr\/wp-content\/uploads\/2020\/10\/Mission-polonaise.jpg\" alt=\"\" class=\"wp-image-7510\" srcset=\"https:\/\/sjbb.fr\/wp-content\/uploads\/2020\/10\/Mission-polonaise.jpg 622w, https:\/\/sjbb.fr\/wp-content\/uploads\/2020\/10\/Mission-polonaise-200x300.jpg 200w, https:\/\/sjbb.fr\/wp-content\/uploads\/2020\/10\/Mission-polonaise-16x24.jpg 16w, https:\/\/sjbb.fr\/wp-content\/uploads\/2020\/10\/Mission-polonaise-24x36.jpg 24w, https:\/\/sjbb.fr\/wp-content\/uploads\/2020\/10\/Mission-polonaise-32x48.jpg 32w\" sizes=\"auto, (max-width: 622px) 100vw, 622px\" \/><\/a><figcaption>COMMUNAUT\u00c9S POLONAISE<\/figcaption><\/figure><\/div>\n\n\n\n<h2 class=\"has-text-align-center wp-block-heading\">Informacje praktyczne<\/h2>\n\n\n\n<p><strong><span style=\"color: #800000;\">adres<\/span><\/strong><br><strong><span style=\"color: #800000;\"> <i>Kaplica Matki Bo\u017cej z Bellevillu \u2013 Kr\u00f3lowej Rodzin<br>5 all\u00e9e Gabrielle D\u2019Estr\u00e9e.<br>Wej\u015bcie od <a href=\"http:\/\/sjbb.fr\/wp-content\/uploads\/2018\/10\/Carte-rue-Rampal.jpg\">3 rue Rampal.<\/a> Kod 9172<\/i><\/span><\/strong><\/p>\n\n\n\n<dl>\n<dt>\n<div>\n<p><span style=\"text-decoration: underline;\"><span style=\"color: #800000;\"><strong>Msze \u015aw.<\/strong><\/span><\/span><\/p>\n<\/div>\n<\/dt>\n<dd><b>Niedziela:<\/b><br><i>9.00 i 11.30<\/i><br><b> W tygodniu<\/b><br><i>\u015broda, &nbsp;pi\u0105tek-19.00 Sobota- 18.00<\/i><br><b>Spowied\u017a:<\/b><br><i>Przed Msz\u0105 \u015aw. i w Pierwszy Piatek Miesiaca od 18h30.<\/i><br><b>R\u00f3\u017caniec:<\/b><br><i>\u015aroda 18h30<\/i><br><b>Koronka do Bo\u017cego Mi\u0142osierdzia:<\/b><br><i>Niedziela 11h15<\/i><i><\/i><br><b>Nabo\u017ce\u0144stwo Fatimskie:<\/b><br><i>13-ty dzien. miesi\u0105ca od maja do pa\u017adziernika<\/i><br><b>Nabo\u017ce\u0144stwa okresowe:<\/b><br><i>R\u00f3\u017ca\u0144cowe \u2013 Pa\u017adziernik, Wspominkowe \u2013 Listopad, Drogi Krzy\u017cowej \u2013 Wielki Post, Do Matki Bo\u017cej \u2013 Maj i do Serca Pana Jezusa \u2013 Czerwiec: o 18h30.<\/i><br><b>Roraty:<\/b><br><i>Soboty Adwentu o 7h00,<\/i><br><b>Gorzkie \u017bale:<\/b><br><i>Niedziele Wielkiego Postu o 12h30.<\/i><\/dd>\n<dd><i><a href=\"http:\/\/sjbb.fr\/wp-content\/uploads\/2015\/12\/DSC04914.jpg\" rel=\"attachment wp-att-885\"><img loading=\"lazy\" decoding=\"async\" class=\"wp-image-885 aligncenter\" src=\"http:\/\/sjbb.fr\/wp-content\/uploads\/2015\/12\/DSC04914-201x300.jpg\" alt=\"SONY DSC\" width=\"162\" height=\"238\"><\/a><\/i><\/dd>\n<\/dl>\n\n\n\n<p><strong><span style=\"color: #800000;\">5 all\u00e9e Gabrielle d\u2019Estr\u00e9es 75019 Paris&nbsp; &#8211;&nbsp; <\/span><\/strong><strong><span style=\"color: #800000;\">bellevilleski@gmail.com<\/span><\/strong><\/p>\n\n\n\n<h4 class=\"has-text-align-center wp-block-heading\"><strong><span style=\"color: #800000;\"><a href=\"http:\/\/www.parafiabelleville.fr\/\">www.parafiabelleville.fr<\/a><br><\/span><\/strong><\/h4>\n\n\n\n<figure class=\"wp-block-embed-youtube wp-block-embed is-type-video is-provider-youtube wp-embed-aspect-16-9 wp-has-aspect-ratio\"><div class=\"wp-block-embed__wrapper\">\n<iframe loading=\"lazy\" title=\"Jase\u0142ka belleville\" width=\"629\" height=\"354\" src=\"https:\/\/www.youtube.com\/embed\/3Ro3HTOzGK0?feature=oembed\" frameborder=\"0\" allow=\"accelerometer; autoplay; clipboard-write; encrypted-media; gyroscope; picture-in-picture; web-share\" referrerpolicy=\"strict-origin-when-cross-origin\" allowfullscreen><\/iframe>\n<\/div><\/figure>\n","protected":false},"excerpt":{"rendered":"<p>La mission polonaise se retrouve r\u00e9guli\u00e8rement, accompagn\u00e9e par&nbsp; le P\u00e8re Mateusz CHEJZDRAL. Informacje praktyczne adres Kaplica Matki Bo\u017cej z Bellevillu \u2013 Kr\u00f3lowej Rodzin5 all\u00e9e Gabrielle D\u2019Estr\u00e9e.Wej\u015bcie od 3 rue Rampal. Kod 9172 Msze \u015aw. Niedziela:9.00 i 11.30 W tygodniu\u015broda, &nbsp;pi\u0105tek-19.00 Sobota- 18.00Spowied\u017a:Przed Msz\u0105 \u015aw. i w Pierwszy Piatek Miesiaca od 18h30.R\u00f3\u017caniec:\u015aroda 18h30Koronka do Bo\u017cego Mi\u0142osierdzia:Niedziela [&hellip;]<\/p>\n","protected":false},"author":1,"featured_media":0,"parent":0,"menu_order":0,"comment_status":"closed","ping_status":"closed","template":"","meta":{"footnotes":""},"class_list":["post-400","page","type-page","status-publish","hentry"],"jetpack_sharing_enabled":true,"_links":{"self":[{"href":"https:\/\/sjbb.fr\/index.php\/wp-json\/wp\/v2\/pages\/400","targetHints":{"allow":["GET"]}}],"collection":[{"href":"https:\/\/sjbb.fr\/index.php\/wp-json\/wp\/v2\/pages"}],"about":[{"href":"https:\/\/sjbb.fr\/index.php\/wp-json\/wp\/v2\/types\/page"}],"author":[{"embeddable":true,"href":"https:\/\/sjbb.fr\/index.php\/wp-json\/wp\/v2\/users\/1"}],"replies":[{"embeddable":true,"href":"https:\/\/sjbb.fr\/index.php\/wp-json\/wp\/v2\/comments?post=400"}],"version-history":[{"count":0,"href":"https:\/\/sjbb.fr\/index.php\/wp-json\/wp\/v2\/pages\/400\/revisions"}],"wp:attachment":[{"href":"https:\/\/sjbb.fr\/index.php\/wp-json\/wp\/v2\/media?parent=400"}],"curies":[{"name":"wp","href":"https:\/\/api.w.org\/{rel}","templated":true}]}}