{"id":404,"date":"2015-12-15T19:46:39","date_gmt":"2015-12-15T18:46:39","guid":{"rendered":"http:\/\/sjbb.fr\/?page_id=404"},"modified":"2018-08-02T08:27:28","modified_gmt":"2018-08-02T07:27:28","slug":"enseignement-catholique","status":"publish","type":"page","link":"https:\/\/sjbb.fr\/index.php\/enseignement-catholique\/","title":{"rendered":"L&rsquo;ENSEIGNEMENT CATHOLIQUE"},"content":{"rendered":"<h3>\u00c9cole Saint-Jean-Baptiste de-Belleville<\/h3>\n<p><strong>31, rue Clavel 75019<\/strong><\/p>\n<p>A deux pas du parc des Buttes Chaumont dans le 19\u00e8me arrondissement de Paris, <strong>Saint Jean Baptiste de Belleville est une \u00e9cole priv\u00e9e sous contrat d\u2019association avec l\u2019\u00e9tat.<\/strong><br \/>\nSaint Jean-Baptiste de Belleville est une \u00e9cole de quartier, mixte, qui accueille 170 \u00e9l\u00e8ves r\u00e9partis de la Maternelle au CM2. Nous proposons une classe par niveau en primaire, et avons la sp\u00e9cificit\u00e9 d&rsquo;avoir une classe de Maternelle avec les trois sections confondues.De plain-pied, notre \u00e9cole permet l&rsquo;accueil et la scolarisation des enfants \u00e0 mobilit\u00e9 r\u00e9duite.<br \/>\n<strong>Nous sommes heureux de vous ouvrir les portes de notre \u00e9cole.<\/strong><\/p>\n<div class=\"n diyfeLiveArea\">\n<p><strong>Venez d\u00e9couvrir sa structure, ses activit\u00e9s, ses projets et ses \u00e9v\u00e8nements.<\/strong><\/p>\n<div class=\"n diyfeLiveArea\">\n<h3><span style=\"text-decoration: underline;\"><span class=\"diyfeDecoration\" style=\"color: #800000; text-decoration: underline;\">Nous contacter<\/span><\/span><\/h3>\n<\/div>\n<div class=\"n diyfeLiveArea\">\n<p>Un accueil t\u00e9l\u00e9phonique est \u00e0 votre disposition aux horaires d&rsquo;ouverture du secr\u00e9tariat.<br \/>\n<strong>T\u00e9l\u00e9phone : 01 42 41 29 45<\/strong><br \/>\nEn-dehors de ces horaires, vous pouvez nous laisser un message t\u00e9l\u00e9phonique ou nous \u00e9crire:<\/p>\n<p><strong>Email : ec.stjeanbaptiste@wanadoo.fr<\/strong><\/p>\n<\/div>\n<\/div>\n<h3>\u00c9cole, coll\u00e8ge et lyc\u00e9e Sainte-Louise<\/h3>\n<p><a href=\"http:\/\/sjbb.fr\/wp-content\/uploads\/2015\/12\/Carnaval-2013-010.jpg\" rel=\"attachment wp-att-907\"><br \/>\n<img loading=\"lazy\" decoding=\"async\" class=\"size-medium wp-image-907 alignleft\" src=\"http:\/\/sjbb.fr\/wp-content\/uploads\/2015\/12\/Carnaval-2013-010-300x200.jpg\" alt=\"Carnaval-2013-010\" width=\"300\" height=\"200\" \/><\/a><br \/>\n73, rue de la Mare 75020<br \/>\n<strong>T\u00e9l. : 01 47 97 07 04<\/strong><\/p>\n<p><strong><a href=\"http:\/\/sainte-louise.com\">http:\/\/sainte-louise.com<\/a><a href=\"http:\/\/sjbb.fr\/wp-content\/uploads\/2015\/12\/20150924_180933.jpg\" rel=\"attachment wp-att-908\"><img loading=\"lazy\" decoding=\"async\" class=\"aligncenter size-medium wp-image-908\" src=\"http:\/\/sjbb.fr\/wp-content\/uploads\/2015\/12\/20150924_180933-300x225.jpg\" alt=\"20150924_180933\" width=\"300\" height=\"225\" \/><\/a><\/strong><\/p>\n<p style=\"text-align: center;\"><strong>directionsaintelouise@orange.fr<br \/>\n<\/strong><\/p>\n<p>&nbsp;<\/p>\n","protected":false},"excerpt":{"rendered":"<p>\u00c9cole Saint-Jean-Baptiste de-Belleville 31, rue Clavel 75019 A deux pas du parc des Buttes Chaumont dans le 19\u00e8me arrondissement de Paris, Saint Jean Baptiste de Belleville est une \u00e9cole priv\u00e9e sous contrat d\u2019association avec l\u2019\u00e9tat. Saint Jean-Baptiste de Belleville est une \u00e9cole de quartier, mixte, qui accueille 170 \u00e9l\u00e8ves r\u00e9partis de la Maternelle au CM2. [&hellip;]<\/p>\n","protected":false},"author":1,"featured_media":0,"parent":0,"menu_order":0,"comment_status":"closed","ping_status":"closed","template":"","meta":{"footnotes":""},"class_list":["post-404","page","type-page","status-publish","hentry"],"jetpack_sharing_enabled":true,"_links":{"self":[{"href":"https:\/\/sjbb.fr\/index.php\/wp-json\/wp\/v2\/pages\/404","targetHints":{"allow":["GET"]}}],"collection":[{"href":"https:\/\/sjbb.fr\/index.php\/wp-json\/wp\/v2\/pages"}],"about":[{"href":"https:\/\/sjbb.fr\/index.php\/wp-json\/wp\/v2\/types\/page"}],"author":[{"embeddable":true,"href":"https:\/\/sjbb.fr\/index.php\/wp-json\/wp\/v2\/users\/1"}],"replies":[{"embeddable":true,"href":"https:\/\/sjbb.fr\/index.php\/wp-json\/wp\/v2\/comments?post=404"}],"version-history":[{"count":0,"href":"https:\/\/sjbb.fr\/index.php\/wp-json\/wp\/v2\/pages\/404\/revisions"}],"wp:attachment":[{"href":"https:\/\/sjbb.fr\/index.php\/wp-json\/wp\/v2\/media?parent=404"}],"curies":[{"name":"wp","href":"https:\/\/api.w.org\/{rel}","templated":true}]}}