{"id":411,"date":"2015-12-15T19:52:38","date_gmt":"2015-12-15T18:52:38","guid":{"rendered":"http:\/\/sjbb.fr\/?page_id=411"},"modified":"2025-09-24T13:26:56","modified_gmt":"2025-09-24T12:26:56","slug":"ce1","status":"publish","type":"page","link":"https:\/\/sjbb.fr\/index.php\/ce1\/","title":{"rendered":"Cat\u00e9chisme CE1"},"content":{"rendered":"\n<h3 class=\"wp-block-heading\">&nbsp;<\/h3>\n\n\n\n<h2 class=\"wp-block-heading\">Rencontres : 2 samedis par mois<br>de 9h45 \u00e0 11h au 8 rue de Palestine.<\/h2>\n\n\n\n<h3 class=\"wp-block-heading\"><span style=\"text-decoration: underline;\"><strong><span style=\"color: #9e0303; text-decoration: underline;\">Calendrier des rencontres<\/span><\/strong><\/span><\/h3>\n\n\n<div class=\"wp-block-image\">\n<figure class=\"alignright size-full is-resized\"><a href=\"https:\/\/sjbb.fr\/wp-content\/uploads\/2022\/11\/KT-CE1.jpg\"><img loading=\"lazy\" decoding=\"async\" width=\"606\" height=\"465\" src=\"https:\/\/sjbb.fr\/wp-content\/uploads\/2022\/11\/KT-CE1.jpg\" alt=\"\" class=\"wp-image-16418\" style=\"width:303px;height:233px\" srcset=\"https:\/\/sjbb.fr\/wp-content\/uploads\/2022\/11\/KT-CE1.jpg 606w, https:\/\/sjbb.fr\/wp-content\/uploads\/2022\/11\/KT-CE1-300x230.jpg 300w, https:\/\/sjbb.fr\/wp-content\/uploads\/2022\/11\/KT-CE1-24x18.jpg 24w, https:\/\/sjbb.fr\/wp-content\/uploads\/2022\/11\/KT-CE1-36x28.jpg 36w, https:\/\/sjbb.fr\/wp-content\/uploads\/2022\/11\/KT-CE1-48x37.jpg 48w\" sizes=\"auto, (max-width: 606px) 100vw, 606px\" \/><\/a><\/figure>\n<\/div>\n\n\n<ul class=\"wp-block-list\">\n<li>17 septembre\n<ul class=\"wp-block-list\">\n<li><\/li>\n<\/ul>\n<\/li>\n\n\n\n<li>1 octobre<\/li>\n\n\n\n<li>15 octobre<\/li>\n\n\n\n<li>19 novembre<\/li>\n\n\n\n<li>3 d\u00e9cembre<\/li>\n\n\n\n<li>7 janvier<\/li>\n\n\n\n<li>21 janvier<\/li>\n\n\n\n<li>11 f\u00e9vrier<\/li>\n\n\n\n<li>18 mars<\/li>\n\n\n\n<li>1 avril<\/li>\n\n\n\n<li>15 avril<\/li>\n\n\n\n<li>13 mai<\/li>\n\n\n\n<li>10 juin<\/li>\n<\/ul>\n\n\n\n<p>Votre enfant va entrer en classe de CE1.&nbsp; Pour grandir dans la foi avec d&rsquo;autres enfants, il est invit\u00e9 \u00e0 commencer le cat\u00e9chisme d\u00e8s maintenant, dans un rythme plus l\u00e9ger : <strong>14 rencontres dans l&rsquo;ann\u00e9e.<\/strong><\/p>\n\n\n\n<p>Cela lui permettra de se familiariser avec la vie de J\u00e9sus, et de le rencontrer dans la pri\u00e8re. L&rsquo;ambiance ludique des rencontre est recherch\u00e9e pour aider l&rsquo;enfant \u00e0 associer la foi avec la joie. Ces rencontres sont anim\u00e9es par Anne-Laure et Jackie.<\/p>\n\n\n\n<p><strong>Contact et information<\/strong> : <a href=\"mailto:ktsjbb1@gmail.com\">ktsjbb1@gmail.com<\/a><\/p>\n\n\n\n<p><\/p>\n\n\n<div class=\"wp-block-image\">\n<figure class=\"aligncenter size-full\"><a href=\"https:\/\/sjbb.fr\/wp-content\/uploads\/2021\/09\/La_lecon_de_cathechisme.jpg\"><img loading=\"lazy\" decoding=\"async\" width=\"953\" height=\"723\" src=\"https:\/\/sjbb.fr\/wp-content\/uploads\/2021\/09\/La_lecon_de_cathechisme.jpg\" alt=\"\" class=\"wp-image-8160\" srcset=\"https:\/\/sjbb.fr\/wp-content\/uploads\/2021\/09\/La_lecon_de_cathechisme.jpg 953w, https:\/\/sjbb.fr\/wp-content\/uploads\/2021\/09\/La_lecon_de_cathechisme-300x228.jpg 300w, https:\/\/sjbb.fr\/wp-content\/uploads\/2021\/09\/La_lecon_de_cathechisme-768x583.jpg 768w, https:\/\/sjbb.fr\/wp-content\/uploads\/2021\/09\/La_lecon_de_cathechisme-900x683.jpg 900w, https:\/\/sjbb.fr\/wp-content\/uploads\/2021\/09\/La_lecon_de_cathechisme-24x18.jpg 24w, https:\/\/sjbb.fr\/wp-content\/uploads\/2021\/09\/La_lecon_de_cathechisme-36x27.jpg 36w, https:\/\/sjbb.fr\/wp-content\/uploads\/2021\/09\/La_lecon_de_cathechisme-48x36.jpg 48w\" sizes=\"auto, (max-width: 953px) 100vw, 953px\" \/><\/a><\/figure>\n<\/div>","protected":false},"excerpt":{"rendered":"<p>&nbsp; Rencontres : 2 samedis par moisde 9h45 \u00e0 11h au 8 rue de Palestine. Calendrier des rencontres Votre enfant va entrer en classe de CE1.&nbsp; Pour grandir dans la foi avec d&rsquo;autres enfants, il est invit\u00e9 \u00e0 commencer le cat\u00e9chisme d\u00e8s maintenant, dans un rythme plus l\u00e9ger : 14 rencontres dans l&rsquo;ann\u00e9e. Cela lui [&hellip;]<\/p>\n","protected":false},"author":1,"featured_media":0,"parent":0,"menu_order":0,"comment_status":"closed","ping_status":"closed","template":"","meta":{"footnotes":""},"class_list":["post-411","page","type-page","status-publish","hentry"],"jetpack_sharing_enabled":true,"_links":{"self":[{"href":"https:\/\/sjbb.fr\/index.php\/wp-json\/wp\/v2\/pages\/411","targetHints":{"allow":["GET"]}}],"collection":[{"href":"https:\/\/sjbb.fr\/index.php\/wp-json\/wp\/v2\/pages"}],"about":[{"href":"https:\/\/sjbb.fr\/index.php\/wp-json\/wp\/v2\/types\/page"}],"author":[{"embeddable":true,"href":"https:\/\/sjbb.fr\/index.php\/wp-json\/wp\/v2\/users\/1"}],"replies":[{"embeddable":true,"href":"https:\/\/sjbb.fr\/index.php\/wp-json\/wp\/v2\/comments?post=411"}],"version-history":[{"count":2,"href":"https:\/\/sjbb.fr\/index.php\/wp-json\/wp\/v2\/pages\/411\/revisions"}],"predecessor-version":[{"id":18917,"href":"https:\/\/sjbb.fr\/index.php\/wp-json\/wp\/v2\/pages\/411\/revisions\/18917"}],"wp:attachment":[{"href":"https:\/\/sjbb.fr\/index.php\/wp-json\/wp\/v2\/media?parent=411"}],"curies":[{"name":"wp","href":"https:\/\/api.w.org\/{rel}","templated":true}]}}