{"id":4726,"date":"2018-09-21T12:55:59","date_gmt":"2018-09-21T11:55:59","guid":{"rendered":"http:\/\/sjbb.fr\/?page_id=4726"},"modified":"2025-10-16T14:29:31","modified_gmt":"2025-10-16T13:29:31","slug":"jeunes-18-25-ans","status":"publish","type":"page","link":"https:\/\/sjbb.fr\/index.php\/jeunes-18-25-ans\/","title":{"rendered":"Groupe Frassati &#8211; Terminale\/Bac+1 \u00e0 Bac+3"},"content":{"rendered":"\n<h3 class=\"wp-block-heading\">Quel sens donn\u00e9 \u00e0 ma vie? <br>pour les \u00e9tudiant de 18 \u00e0 22 ans<\/h3>\n\n\n\n<p class=\"has-text-align-center\">Une rencontre toutes les deux semaines (environ) pour partager un repas, suivi d&rsquo;un enseignement ou d&rsquo;un t\u00e9moignage sur un th\u00e8me d&rsquo;actualit\u00e9.<br><strong>Ces rencontres sont les dimanches soir apr\u00e8s la messe de 18H30 de 19h45 \u00e0 22h <\/strong><br><strong>au 8 rue de Palestine.<\/strong><\/p>\n\n\n\n<p class=\"has-text-align-center has-accent-color has-text-color has-large-font-size\"><strong>REPRISE DES RENCONTRES <\/strong><\/p>\n\n\n\n<p class=\"has-text-align-center has-accent-color has-text-color\" style=\"font-size:21px\"><strong>LE DIMANCHE 22 SEPTEMBRE 2024<\/strong>, <strong><em>Salle du Jardin, pour un barbecue<\/em> \u00e0 19h45<\/strong>,<\/p>\n\n\n\n<figure class=\"wp-block-image size-large\"><a href=\"https:\/\/sjbb.fr\/wp-content\/uploads\/2025\/10\/WhatsApp-Image-2025-10-16-at-15.28.58.jpeg\"><img loading=\"lazy\" decoding=\"async\" width=\"724\" height=\"1024\" src=\"https:\/\/sjbb.fr\/wp-content\/uploads\/2025\/10\/WhatsApp-Image-2025-10-16-at-15.28.58-724x1024.jpeg\" alt=\"\" class=\"wp-image-19011\" srcset=\"https:\/\/sjbb.fr\/wp-content\/uploads\/2025\/10\/WhatsApp-Image-2025-10-16-at-15.28.58-724x1024.jpeg 724w, https:\/\/sjbb.fr\/wp-content\/uploads\/2025\/10\/WhatsApp-Image-2025-10-16-at-15.28.58-212x300.jpeg 212w, https:\/\/sjbb.fr\/wp-content\/uploads\/2025\/10\/WhatsApp-Image-2025-10-16-at-15.28.58-768x1086.jpeg 768w, https:\/\/sjbb.fr\/wp-content\/uploads\/2025\/10\/WhatsApp-Image-2025-10-16-at-15.28.58-1086x1536.jpeg 1086w, https:\/\/sjbb.fr\/wp-content\/uploads\/2025\/10\/WhatsApp-Image-2025-10-16-at-15.28.58-900x1273.jpeg 900w, https:\/\/sjbb.fr\/wp-content\/uploads\/2025\/10\/WhatsApp-Image-2025-10-16-at-15.28.58-1280x1810.jpeg 1280w, https:\/\/sjbb.fr\/wp-content\/uploads\/2025\/10\/WhatsApp-Image-2025-10-16-at-15.28.58-17x24.jpeg 17w, https:\/\/sjbb.fr\/wp-content\/uploads\/2025\/10\/WhatsApp-Image-2025-10-16-at-15.28.58-25x36.jpeg 25w, https:\/\/sjbb.fr\/wp-content\/uploads\/2025\/10\/WhatsApp-Image-2025-10-16-at-15.28.58-34x48.jpeg 34w, https:\/\/sjbb.fr\/wp-content\/uploads\/2025\/10\/WhatsApp-Image-2025-10-16-at-15.28.58.jpeg 1414w\" sizes=\"auto, (max-width: 724px) 100vw, 724px\" \/><\/a><\/figure>\n\n\n\n<p class=\"has-text-align-center\"><strong><em>Contact :<\/em> Paroisse saint Jean-Baptiste de Belleville <\/strong><\/p>\n\n\n\n<p class=\"has-text-align-center\"><strong>(Contact : Abb\u00e9 Bruno de Mas Latrie, <strong>frassati.sjbb@gmail.com<\/strong>)<\/strong><\/p>\n\n\n\n<p class=\"wpcf7-contact-form-not-found\"><strong>Erreur\u00a0:<\/strong> Formulaire de contact non trouv\u00e9\u00a0!<\/p>\n\n\n\n<figure class=\"wp-block-image\"><img loading=\"lazy\" decoding=\"async\" width=\"641\" height=\"232\" src=\"http:\/\/sjbb.fr\/wp-content\/uploads\/2019\/06\/Protection-des-donn\u00e9es.jpg\" alt=\"\" class=\"wp-image-5982\" srcset=\"https:\/\/sjbb.fr\/wp-content\/uploads\/2019\/06\/Protection-des-donn\u00e9es.jpg 641w, https:\/\/sjbb.fr\/wp-content\/uploads\/2019\/06\/Protection-des-donn\u00e9es-300x109.jpg 300w, https:\/\/sjbb.fr\/wp-content\/uploads\/2019\/06\/Protection-des-donn\u00e9es-24x9.jpg 24w, https:\/\/sjbb.fr\/wp-content\/uploads\/2019\/06\/Protection-des-donn\u00e9es-36x13.jpg 36w, https:\/\/sjbb.fr\/wp-content\/uploads\/2019\/06\/Protection-des-donn\u00e9es-48x17.jpg 48w\" sizes=\"auto, (max-width: 641px) 100vw, 641px\" \/><\/figure>\n","protected":false},"excerpt":{"rendered":"<p>Quel sens donn\u00e9 \u00e0 ma vie? pour les \u00e9tudiant de 18 \u00e0 22 ans Une rencontre toutes les deux semaines (environ) pour partager un repas, suivi d&rsquo;un enseignement ou d&rsquo;un t\u00e9moignage sur un th\u00e8me d&rsquo;actualit\u00e9.Ces rencontres sont les dimanches soir apr\u00e8s la messe de 18H30 de 19h45 \u00e0 22h au 8 rue de Palestine. REPRISE [&hellip;]<\/p>\n","protected":false},"author":14,"featured_media":18922,"parent":0,"menu_order":0,"comment_status":"closed","ping_status":"closed","template":"","meta":{"footnotes":""},"class_list":["post-4726","page","type-page","status-publish","has-post-thumbnail","hentry"],"jetpack_sharing_enabled":true,"_links":{"self":[{"href":"https:\/\/sjbb.fr\/index.php\/wp-json\/wp\/v2\/pages\/4726","targetHints":{"allow":["GET"]}}],"collection":[{"href":"https:\/\/sjbb.fr\/index.php\/wp-json\/wp\/v2\/pages"}],"about":[{"href":"https:\/\/sjbb.fr\/index.php\/wp-json\/wp\/v2\/types\/page"}],"author":[{"embeddable":true,"href":"https:\/\/sjbb.fr\/index.php\/wp-json\/wp\/v2\/users\/14"}],"replies":[{"embeddable":true,"href":"https:\/\/sjbb.fr\/index.php\/wp-json\/wp\/v2\/comments?post=4726"}],"version-history":[{"count":10,"href":"https:\/\/sjbb.fr\/index.php\/wp-json\/wp\/v2\/pages\/4726\/revisions"}],"predecessor-version":[{"id":19012,"href":"https:\/\/sjbb.fr\/index.php\/wp-json\/wp\/v2\/pages\/4726\/revisions\/19012"}],"wp:featuredmedia":[{"embeddable":true,"href":"https:\/\/sjbb.fr\/index.php\/wp-json\/wp\/v2\/media\/18922"}],"wp:attachment":[{"href":"https:\/\/sjbb.fr\/index.php\/wp-json\/wp\/v2\/media?parent=4726"}],"curies":[{"name":"wp","href":"https:\/\/api.w.org\/{rel}","templated":true}]}}