{"id":5875,"date":"2019-04-15T09:24:07","date_gmt":"2019-04-15T08:24:07","guid":{"rendered":"http:\/\/sjbb.fr\/?page_id=5875"},"modified":"2019-04-15T09:39:51","modified_gmt":"2019-04-15T08:39:51","slug":"kyrie-eleison","status":"publish","type":"page","link":"https:\/\/sjbb.fr\/index.php\/kyrie-eleison\/","title":{"rendered":"KYRIE ELEISON"},"content":{"rendered":"\n<p>LETTRE DES PR\u00caTRES DE LA PAROISSE <br>ST JEAN-BAPTISTE DE BELLEVILLE <br>SUR TOUS LES ABUS, AU SEIN DE L\u2019\u00c9GLISE.<\/p>\n\n\n\n<p>APPROUV\u00c9E PAR LE CONSEIL PASTORAL PAROISSIAL.<\/p>\n\n\n\n<h3 class=\"wp-block-heading\">\u00ab KYRIE ELEISON* \u00bb<\/h3>\n\n\n\n<p>Fr\u00e8res et S\u0153urs en Christ, chers fid\u00e8les,<\/p>\n\n\n\n<p>Nous voici arriv\u00e9s \u00e0 l\u2019or\u00e9e de la Semaine Sainte et, dans quelques jours, les chr\u00e9tiens du monde entier f\u00eateront la P\u00e2que du Seigneur, la victoire du Christ sur le p\u00e9ch\u00e9 et sur la mort.<\/p>\n\n\n\n<p style=\"font-size:12px;text-align:right\">*<strong>Seigneur prend piti\u00e9<\/strong><\/p>\n\n\n\n<p><strong>Le car\u00eame qui s\u2019ach\u00e8ve n\u2019a pas \u00e9t\u00e9 un car\u00eame comme les autres.<\/strong><\/p>\n\n\n\n<p>Ces nouvelles qui se sont succ\u00e9d\u00e9es \u00e0 une vitesse vertigineuse, concernant le fonctionnement de l\u2019\u00c9glise et ses d\u00e9rives, nous ont fait fr\u00e9mir, vous, comme nous.<\/p>\n\n\n\n<p><strong>Nous tenons \u00e0 vous dire que nous portons fortement cette situation, dans notre pri\u00e8re de pr\u00eatre.<\/strong><\/p>\n\n\n\n<p>Ce mal vient de l\u2019int\u00e9rieur du Corps qu\u2019est l\u2019\u00c9glise et nous, les ministres de cette \u00c9glise, nous devons tout faire pour lutter contre cela et nous convertir, m\u00eame si nous n\u2019avons rien \u00e0 nous reprocher dans ce domaine.<\/p>\n\n\n\n<p>C\u2019est pourquoi, avant de f\u00eater ensemble le myst\u00e8re pascal, les P\u00e8res Louis, Baptiste et moi-m\u00eame, votre cur\u00e9, souhaitons vous dire, qu\u2019en cette paroisse St Jean-Baptiste de Belleville, avec vous et gr\u00e2ce \u00e0 vous, jour apr\u00e8s jour, nous essayons d\u2019annoncer et de vivre le myst\u00e8re de l\u2019\u00c9vangile ensemble, chacun dans la mission et le service qu\u2019il a re\u00e7us.<\/p>\n\n\n\n<p><br><strong>Cette fraternit\u00e9 nous la vivons r\u00e9ellement entre nous pr\u00eatres, mais pas seulement. C\u2019est aussi avec vous qu\u2019elle se construit, qu\u2019elle grandit.<\/strong><\/p>\n\n\n\n<p>D\u00e9j\u00e0, pour cela, nous voulions vous remercier du plus profond de notre c\u0153ur.<br>Ainsi, nous avons voulu vous \u00e9crire comme \u00e0 des amis, des fr\u00e8res qui se partagent ce qu\u2019ils ont sur le c\u0153ur.<\/p>\n\n\n\n<p>Devant ces horreurs et ses scandales \u00e0 r\u00e9p\u00e9tition, nous ne comprenons pas tout. C\u2019est la raison pour laquelle, nous pouvons comprendre votre d\u00e9sarroi et votre r\u00e9volte. <\/p>\n\n\n\n<p>Beno\u00eet XVI avait d\u00e9j\u00e0 pos\u00e9 un diagnostic clair sur ces situations et prescrit des rem\u00e8des efficaces, pour un chemin de gu\u00e9rison, de renouveau et de r\u00e9paration.<\/p>\n\n\n\n<p>Fin ao\u00fbt, le pape Fran\u00e7ois a \u00e9crit au peuple de Dieu, nous invitant \u00e0 lutter contre ces fl\u00e9aux, afin qu\u2019ils ne se reproduisent plus et \u00e0 avoir le courage de la parole de v\u00e9rit\u00e9 qui rend libre.<\/p>\n\n\n\n<p>Dans sa lettre, il constate l\u2019ampleur du d\u00e9sastre pour les victimes, les proches et tous les croyants. <br>Il appelle \u00e0 un mouvement solidaire de toute l\u2019\u00c9glise pour se pr\u00e9munir de tels drames et prot\u00e9ger les enfants.<\/p>\n\n\n\n<p>Il d\u00e9sire que la transformation passe par <strong>l\u2019engagement de tous<\/strong>, \u00e0 tous les niveaux, pour sortir d\u2019une logique cl\u00e9ricale, car en s\u00e9parant le peuple et la t\u00eate, la t\u00eate se retrouve en abus d\u2019autorit\u00e9, dans laquelle peuvent se glisser les  abus envers les personnes faibles : \u201c<strong>Dire non aux abus, c\u2019est dire non, de fa\u00e7on cat\u00e9gorique, \u00e0 toute forme de cl\u00e9ricalisme<\/strong> \u201d.<\/p>\n\n\n\n<p>C\u2019est donc un appel \u00e0 vivre de l\u2019Esprit-Saint \u00e0 tous les niveaux. <\/p>\n\n\n\n<p>Enfin, le pape appelle toute l\u2019\u00e9glise \u00e0 <strong>je\u00fbner et prier<\/strong>, pour les personnes bless\u00e9es, pour demander pardon pour nous et les autres, et r\u00e9agir face au p\u00e9ch\u00e9 en s\u2019ouvrant d\u2019avantage au cri des petits. \u00ab <strong>Si un membre souffre, tous les membres souffrent avec lui<\/strong> \u00bb.<\/p>\n\n\n\n<p>Notre communaut\u00e9 s\u2019y est associ\u00e9e, imm\u00e9diatement, en proposant de participer \u00e0 la messe du 14 septembre 2018, f\u00eate de la Croix Glorieuse, pour demander \u00e0 Dieu son secours et sa mis\u00e9ricorde. Un je\u00fbne a \u00e9t\u00e9 propos\u00e9 \u00e0 chacun. Les pr\u00eatres, suivis ensuite des fid\u00e8les, ont humblement port\u00e9 dans leur pri\u00e8re et  devant la Croix du Seigneur, toutes ces souffrances, particuli\u00e8rement celles des victimes de ces abus : <strong>Kyrie Eleison<\/strong>.<\/p>\n\n\n\n<p>Combattre ce fl\u00e9au, c\u2019est le combat de tous, de toute l\u2019\u00c9glise, de tout le peuple de Dieu.<\/p>\n\n\n\n<p>Plus nous vivrons, ensemble, en v\u00e9rit\u00e9 au service de l\u2019\u00c9vangile et de celui nos fr\u00e8res et s\u0153urs en humanit\u00e9, en particulier les plus pauvres, plus nous trouverons un chemin de bonheur. <\/p>\n\n\n\n<p>Avec le conseil pastoral, depuis le mois de septembre 2018, nous r\u00e9fl\u00e9chissons \u00e0 la fa\u00e7on de r\u00e9agir, de lutter contre le cl\u00e9ricalisme et de permettre une parole vraie, une parole qui ne soit pas une r\u00e9action imm\u00e9diate \u00e0 l\u2019emballement m\u00e9diatique. <strong>Dire l\u2019indicible est toujours un risque. Mais ce risque, nous devons le prendre.<\/strong><\/p>\n\n\n\n<p>Plusieurs fois, lors des hom\u00e9lies, dans les \u00e9ditoriaux du \u00ab Belleville\u2013Dimanche \u00bb, \u00e0 l\u2019occasion de rencontres en \u00e9quipe, notamment avec les parents qui nous ont confi\u00e9 leurs enfants ou lors d\u2019\u00e9changes informels, la question a \u00e9t\u00e9 abord\u00e9e simplement. <strong>Si vous souhaitez vivre d\u2019autres initiatives sur notre paroisse, n\u2019h\u00e9sitez pas \u00e0 nous en faire part.<\/strong><\/p>\n\n\n\n<p><strong>Cependant, sommes-nous tous au clair sur les mesures r\u00e9elles \u00e0 prendre ?<\/strong> <\/p>\n\n\n\n<p><strong>Connaissons-nous les proc\u00e9dures qui ont \u00e9t\u00e9 mises en place au sein de notre dioc\u00e8se pour lutter contre ces scandales ? <\/strong><\/p>\n\n\n\n<p>La premi\u00e8re chose concerne tous ceux qui s\u2019occupent des enfants dans notre paroisse afin qu\u2019ils soient form\u00e9s \u00e0 r\u00e9agir en cas de risque provenant de comportements inappropri\u00e9s de tel ou tel adulte.<\/p>\n\n\n\n<p>Les \u00e9v\u00eaques de France ont publi\u00e9 un guide \u201c<strong>LUTTER CONTRE LA P\u00c9DOPHILIE<\/strong>\u201d avec des mesures pr\u00e9cises.<\/p>\n\n\n\n<p>Nous tenons \u00e0 vous informer que nous les mettons d\u2019ores et d\u00e9j\u00e0 en pratique.<\/p>\n\n\n\n<p>Mais nous pouvons et nous devons tous nous sentir concern\u00e9s et r\u00e9agir face \u00e0 l\u2019observation d\u2019attitudes \u00e9quivoques. <\/p>\n\n\n\n<p>Si vous jugez avoir \u00e9t\u00e9 t\u00e9moins de quelque chose d\u2019anormal au sein de l\u2019\u00c9glise, vous \u00eates invit\u00e9s \u00e0 le signaler : soit \u00e0 un responsable de la paroisse, soit au dioc\u00e8se de Paris qui travaille, depuis plusieurs ann\u00e9es, \u00e0 la pr\u00e9vention et \u00e0 la prise en charge des cas de p\u00e9dophilie et d\u2019agressions sexuelles. <\/p>\n\n\n\n<p>Toutes les personnes qui s\u2019adresseraient au dioc\u00e8se trouveront un v\u00e9ritable soutien, afin que leur souffrance puisse s\u2019exprimer et \u00eatre entendue. <br> (Cf. \u00e0 la fin)<\/p>\n\n\n\n<p><strong>Nous vos pr\u00eatres, sommes \u00e0 votre service, au service de votre foi, de votre joie d\u2019aimer et de servir le Seigneur et vos fr\u00e8res. <\/strong><\/p>\n\n\n\n<p style=\"text-align:center\" class=\"has-text-color has-background has-black-color has-white-background-color\"> Si vous le souhaitez, VOUS POUVEZ VENIR NOUS PARLER.<br>Cette parole portera plus de fruits. <br><strong>LE CONSEIL PASTORAL<\/strong> <br>EST LA, AUSSI, POUR \u00caTRE A VOTRE \u00c9COUTE. <br>Il est un relais de ce qui se vit <br>au c\u0153ur m\u00eame de notre communaut\u00e9. <br>N\u2019h\u00e9sitez pas \u00e0 l\u2019interpeller <br>ou \u00e0 lui laisser un message \u00e9crit pour qu\u2019il vous recontacte <br>ou \u00e9crire un courriel \u00e0 l\u2019adresse de la paroisse.<\/p>\n\n\n\n<p>Cette crise, que nous traversons, nous permettra d\u2019avancer tous ensemble, sur un chemin \u00e9vang\u00e9lique de r\u00e9surrection. <br>Avec l\u2019esp\u00e9rance qu\u2019au bout de ce chemin, nous retrouverons notre \u00c9glise purifi\u00e9e, pour t\u00e9moigner pleinement de la beaut\u00e9 de l\u2019\u00c9vangile.<\/p>\n\n\n\n<p>En cette Semaine Sainte, prions en tout premier lieu pour les victimes, pour la conversion de ceux qui ont commis ces actes ignobles. Que justice soit faite. Prions pour notre \u00c9glise. <\/p>\n\n\n\n<p>Que Dieu vous b\u00e9nisse tous et vous apporte sa paix.<\/p>\n\n\n\n<p style=\"font-size:12px;text-align:right\"><strong>L\u2019\u00e9quipe des pr\u00eatres de la paroisse St Jean Baptiste de Belleville<br> et le Conseil Pastoral Paroissial.<\/strong><\/p>\n\n\n\n<p style=\"background-color:#8d0a03;font-size:19px;text-align:center\" class=\"has-text-color has-background has-white-color\"><strong>LE DIOC\u00c8SE DE PARIS S\u2019ENGAGE<\/strong><br> \u00e0 vous accueillir, vous \u00e9couter, vous accompagner <br> et \u00e0 vous soutenir sur ces sujets douloureux, <br> en toute confiance.<br> Pour contacter le dioc\u00e8se de Paris en toute confidentialit\u00e9 :<br><strong> signalement@diocese-paris.net<\/strong><br> Il vous encourage \u00e9galement <br> \u00e0 vous adresser \u00e0 la justice,<br> soit en contactant directement la Brigade <br> de Protection des Mineurs (Police Judiciaire de Paris)<br> 01 49 96 32 50<br> ou en d\u00e9posant un signalement <br> ou une plainte directement <br> aupr\u00e8s du Procureur de la R\u00e9publique de Paris.<\/p>\n\n\n\n<p style=\"background-color:#66d1ff;text-align:center\" class=\"has-background\">POUR NOUS CONTACTER<br> OU LAISSER UN MESSAGE <br> AUX MEMBRES DU CONSEIL PASTORAL<br> <strong>Paroisse St jean Baptiste de Belleville<\/strong><br> 139 rue de Belleville 75019<br> 15 rue Lassus 75019 (Adresse postale)<br> T\u00e9l. 01 42 08 54 54  &#8211;  Site Paroissial : sjbb.fr<br> Courriel : st.jean-baptiste.belleville@wanadoo.fr<\/p>\n","protected":false},"excerpt":{"rendered":"<p>LETTRE DES PR\u00caTRES DE LA PAROISSE ST JEAN-BAPTISTE DE BELLEVILLE SUR TOUS LES ABUS, AU SEIN DE L\u2019\u00c9GLISE. APPROUV\u00c9E PAR LE CONSEIL PASTORAL PAROISSIAL. \u00ab KYRIE ELEISON* \u00bb Fr\u00e8res et S\u0153urs en Christ, chers fid\u00e8les, Nous voici arriv\u00e9s \u00e0 l\u2019or\u00e9e de la Semaine Sainte et, dans quelques jours, les chr\u00e9tiens du monde entier f\u00eateront la [&hellip;]<\/p>\n","protected":false},"author":14,"featured_media":5877,"parent":0,"menu_order":0,"comment_status":"closed","ping_status":"closed","template":"","meta":{"footnotes":""},"class_list":["post-5875","page","type-page","status-publish","has-post-thumbnail","hentry"],"jetpack_sharing_enabled":true,"_links":{"self":[{"href":"https:\/\/sjbb.fr\/index.php\/wp-json\/wp\/v2\/pages\/5875","targetHints":{"allow":["GET"]}}],"collection":[{"href":"https:\/\/sjbb.fr\/index.php\/wp-json\/wp\/v2\/pages"}],"about":[{"href":"https:\/\/sjbb.fr\/index.php\/wp-json\/wp\/v2\/types\/page"}],"author":[{"embeddable":true,"href":"https:\/\/sjbb.fr\/index.php\/wp-json\/wp\/v2\/users\/14"}],"replies":[{"embeddable":true,"href":"https:\/\/sjbb.fr\/index.php\/wp-json\/wp\/v2\/comments?post=5875"}],"version-history":[{"count":0,"href":"https:\/\/sjbb.fr\/index.php\/wp-json\/wp\/v2\/pages\/5875\/revisions"}],"wp:featuredmedia":[{"embeddable":true,"href":"https:\/\/sjbb.fr\/index.php\/wp-json\/wp\/v2\/media\/5877"}],"wp:attachment":[{"href":"https:\/\/sjbb.fr\/index.php\/wp-json\/wp\/v2\/media?parent=5875"}],"curies":[{"name":"wp","href":"https:\/\/api.w.org\/{rel}","templated":true}]}}