{"id":7588,"date":"2020-10-08T10:28:32","date_gmt":"2020-10-08T09:28:32","guid":{"rendered":"https:\/\/sjbb.fr\/?page_id=7588"},"modified":"2020-10-08T10:28:48","modified_gmt":"2020-10-08T09:28:48","slug":"laurent-jochum-organiste","status":"publish","type":"page","link":"https:\/\/sjbb.fr\/index.php\/laurent-jochum-organiste\/","title":{"rendered":"Laurent Jochum organiste"},"content":{"rendered":"\n<figure class=\"wp-block-embed-youtube wp-block-embed is-type-video is-provider-youtube wp-embed-aspect-16-9 wp-has-aspect-ratio\"><div class=\"wp-block-embed__wrapper\">\n<iframe loading=\"lazy\" title=\"C\u00e9sar Franck Pi\u00e8ce h\u00e9roique Laurent Jochum \u00e0 l&#039;orgue Saint-Jean-Baptiste de Belleville\" width=\"629\" height=\"354\" src=\"https:\/\/www.youtube.com\/embed\/3O9Pn9pa5tc?feature=oembed\" frameborder=\"0\" allow=\"accelerometer; autoplay; clipboard-write; encrypted-media; gyroscope; picture-in-picture; web-share\" referrerpolicy=\"strict-origin-when-cross-origin\" allowfullscreen><\/iframe>\n<\/div><\/figure>\n\n\n\n<p>Laurent Jochum est organiste titulaire des grandes orgues Cavaill\u00e9-Coll de l&rsquo;\u00e9glise Saint-Jean Baptiste de Belleville et de l&rsquo;orgue de la Chapelle du coll\u00e8ge et lyc\u00e9e Saint-Louis de Gonzague \u00e0 Paris.<\/p>\n\n\n\n<p>Apr\u00e8s avoir \u00e9tudi\u00e9 l&rsquo;orgue dans sa ville natale aupr\u00e8s de Rapha\u00eblle Garreau de Labarre, il est l&rsquo;\u00e9l\u00e8ve d&rsquo;Andr\u00e9 Stricker au Conservatoire National de R\u00e9gion (CNR) de Strasbourg, puis de Louis Robillard au CNR de Lyon, o\u00f9 il obtient un premier prix avec f\u00e9licitations \u00e0 l&rsquo;unanimit\u00e9 du jury en 1997 et un premier prix de perfectionnement l&rsquo;ann\u00e9e suivante. Au cours de diff\u00e9rents stages et acad\u00e9mies, il travaille avec des professeurs comme Vincent Warnier, Jean-Charles Ablitzer, Jean Boyer et Thierry Escaich. Il remporte le concours international d&rsquo;orgue de Lorraine et, en 1999, le grand prix d&rsquo;orgue inter-conservatoires Jean-Louis Florentz-Acad\u00e9mie des Beaux Arts d&rsquo;Angers, d\u00e9cern\u00e9 par un jury que pr\u00e9side Thierry Escaich.<\/p>\n\n\n\n<p>Accompagnateur pendant plusieurs ann\u00e9es des petits chanteurs de la basilique de Fourvi\u00e8re \u00e0 Lyon, il a \u00e9t\u00e9 dans le cadre de son service national, pianiste et organiste du Choeur de l&rsquo;Arm\u00e9e Fran\u00e7aise en 2000. Actuellement il travaille avec la ma\u00eetrise Saint-Louis de Gonzague de R\u00e9mi Gousseau, ainsi qu&rsquo;avec d&rsquo;autres choeurs (choeurs d&rsquo;enfants, jeune choeur et ensemble vocal d&rsquo;Ile-de-France de Fran\u00e7ois Bardot \u00e0 Paris), ce qui l&rsquo;am\u00e8ne \u00e0 se produire au sein de tr\u00e8s beaux otchestres (Orchestre Colonne, Orchestre Bel&rsquo;Arte).<\/p>\n\n\n\n<p>Luarent Jochum se produit r\u00e9guli\u00e8rement en r\u00e9cital ou avec diverses formations instrumentales et vocales, en France et \u00e0 l&rsquo;\u00e9tranger. Il a jou\u00e9 notamment \u00e0 de prestigieuses tribunes parisiennes (Cath\u00e9drale Notre-Dame, Saint-Etienne-du-Mont, La Madeleine, Sainte-Clotilde, Saint-S\u00e9verin), \u00e0 la basilique Notre-Dame de Fourvi\u00e8re (Lyon), \u00e0 Saint-Thomas (Strasbourg), aux cath\u00e9drales d&rsquo;Agen, Albi, Annecy, Bordeaux, Chamb\u00e9ry, Gap, Langres, Montpellier, P\u00e9rigueux, Rodez, Verdun, et lors de festivals \u00e0 Saint-Pierre de Chaillot (Paris), Bordeaux, Gu\u00eetres, Saint-R\u00e9my de Provence, Roquevaire, Saint-Malo, Thionville, Saint-Bertrand de Comminges, ainsi qu&rsquo;en R\u00e9publique Tch\u00e8que (Prague et Odry), en Angleterre (Guernesey), en Suisse, en Italie, au Luxemebourg, en Azerbaidjian, et r\u00e9cemment aux Etats-Unis (Washington, Boston, Cape Cod, Stamford, Philadelphie). En 2013, une nouvelle tourn\u00e9e l&rsquo;am\u00e8nera \u00e0 se produire \u00e0 nouveau aux Etats-Unis et au Canada.<br>Il apporte \u00e9galement sa contribution musicale \u00e0 des oeuvres caritatives, la lutte contre le cancer, terre d&rsquo;enfants,\u2026 et lors de la remise des prix de civisme en 2008.<\/p>\n\n\n\n<p>Servi par une excellente technique, son r\u00e9pertoire s&rsquo;\u00e9tend de la musique baroque aux grands chefs d&rsquo;oeuvres contemporains, en passant par la musique romantique et symphonique du XIX\u00e8me si\u00e8cle.<\/p>\n\n\n\n<p>Il a enregistr\u00e9 plusieurs disques avec choeurs ou en soliste.<\/p>\n","protected":false},"excerpt":{"rendered":"<p>Laurent Jochum est organiste titulaire des grandes orgues Cavaill\u00e9-Coll de l&rsquo;\u00e9glise Saint-Jean Baptiste de Belleville et de l&rsquo;orgue de la Chapelle du coll\u00e8ge et lyc\u00e9e Saint-Louis de Gonzague \u00e0 Paris. Apr\u00e8s avoir \u00e9tudi\u00e9 l&rsquo;orgue dans sa ville natale aupr\u00e8s de Rapha\u00eblle Garreau de Labarre, il est l&rsquo;\u00e9l\u00e8ve d&rsquo;Andr\u00e9 Stricker au Conservatoire National de R\u00e9gion (CNR) [&hellip;]<\/p>\n","protected":false},"author":14,"featured_media":0,"parent":0,"menu_order":0,"comment_status":"closed","ping_status":"closed","template":"","meta":{"footnotes":""},"class_list":["post-7588","page","type-page","status-publish","hentry"],"jetpack_sharing_enabled":true,"_links":{"self":[{"href":"https:\/\/sjbb.fr\/index.php\/wp-json\/wp\/v2\/pages\/7588","targetHints":{"allow":["GET"]}}],"collection":[{"href":"https:\/\/sjbb.fr\/index.php\/wp-json\/wp\/v2\/pages"}],"about":[{"href":"https:\/\/sjbb.fr\/index.php\/wp-json\/wp\/v2\/types\/page"}],"author":[{"embeddable":true,"href":"https:\/\/sjbb.fr\/index.php\/wp-json\/wp\/v2\/users\/14"}],"replies":[{"embeddable":true,"href":"https:\/\/sjbb.fr\/index.php\/wp-json\/wp\/v2\/comments?post=7588"}],"version-history":[{"count":0,"href":"https:\/\/sjbb.fr\/index.php\/wp-json\/wp\/v2\/pages\/7588\/revisions"}],"wp:attachment":[{"href":"https:\/\/sjbb.fr\/index.php\/wp-json\/wp\/v2\/media?parent=7588"}],"curies":[{"name":"wp","href":"https:\/\/api.w.org\/{rel}","templated":true}]}}