{"id":790,"date":"2016-02-07T19:58:59","date_gmt":"2016-02-07T18:58:59","guid":{"rendered":"http:\/\/sjbb.fr\/?page_id=790"},"modified":"2016-02-16T23:25:13","modified_gmt":"2016-02-16T22:25:13","slug":"la-paroisse","status":"publish","type":"page","link":"https:\/\/sjbb.fr\/index.php\/la-paroisse\/","title":{"rendered":"LA PAROISSE"},"content":{"rendered":"<h2 style=\"text-align: justify;\"><strong><span class=\"mw-headline\" style=\"color: #800000;\"><a href=\"http:\/\/sjbb.fr\/wp-content\/uploads\/2015\/11\/WP_002909.jpg\" rel=\"attachment wp-att-125\"><img loading=\"lazy\" decoding=\"async\" class=\"size-medium wp-image-125 alignleft\" src=\"http:\/\/sjbb.fr\/wp-content\/uploads\/2015\/11\/WP_002909-225x300.jpg\" alt=\"WP_002909\" width=\"225\" height=\"300\" \/><\/a>La paroisse<\/span><\/strong><\/h2>\n<p style=\"text-align: justify;\"><strong>La premi\u00e8re mention de \u00ab\u00a0Belleville\u00a0\u00bb appara\u00eet dans un acte \u00e9piscopal de 1543\u00a0: les habitants du village de Belleville-sur-Sablon re\u00e7oivent l&rsquo;autorisation d&rsquo;avoir un autel portatif afin qu&rsquo;un pr\u00eatre, vicaire de saint Merry, vienne c\u00e9l\u00e9brer la messe. Jusqu\u2019en 1802, Belleville rel\u00e8ve de la paroisse Saint Merry, des vicaires perp\u00e9tuels \u00e9tant charg\u00e9s de son \u00e9glise. En 1645, une nouvelle \u00e9glise est construite: lors des travaux de 1854, la premi\u00e8re pierre de l\u2019\u00e9glise \u00e9difi\u00e9e en 1645 a \u00e9t\u00e9 retrouv\u00e9e. Elle portait cette inscription\u00a0: \u00ab\u00a0Cette premi\u00e8re pierre a est\u00e9 poz\u00e9e par M. Charles de Hillerin, docteur en th\u00e9ologie, cur\u00e9 et chevecier de Saint-M\u00e9d\u00e9ric, \u00e0 Paris, le IIIe jour de juillet 1645.\u00a0\u00bb<\/strong><br \/>\n<strong> Le cardinal Jean-Baptiste de Belloy \u00e9rige Belleville en cure le 7 mai 1802.<\/strong><\/p>\n<dl>\n<dt>\n<h3><span style=\"color: #800000;\"><strong>Cur\u00e9s de la paroisse<\/strong><\/span><\/h3>\n<\/dt>\n<\/dl>\n<ul style=\"text-align: justify;\">\n<li><strong>1802-1832 &#8211; Charles Dumoitier\u00a0;<\/strong><\/li>\n<li><strong>1832-1833 &#8211; Pierre Faudet\u00a0;<\/strong><\/li>\n<li><strong>1833-1859 &#8211; Charles Longbois. Il fonde \u00e0 M\u00e9nilmontant la chapelle Notre-Dame de la Croix et il \u00e9difie la nouvelle \u00e9glise de Belleville. L\u2019archev\u00eaque de Paris Mgr Marie Dominique Sibour b\u00e9nit la premi\u00e8re pierre de la nouvelle \u00e9glise le 24 juin 1854\u00a0;<\/strong><\/li>\n<li><strong>1859-1873 &#8211; Jacques Olympe Demures. L\u2019archev\u00eaque de Paris le cardinal Fran\u00e7ois Nicolas Morlot consacre la nouvelle \u00e9glise le 11 ao\u00fbt 1859\u00a0;<\/strong><\/li>\n<li><strong>1873-1878 &#8211; Alexandre Caux\u00a0;<\/strong><\/li>\n<li><strong>1878-1890 &#8211; Louis Rossignol\u00a0;<\/strong><\/li>\n<li><strong>1890-1897 &#8211; Henri Adam\u00a0;<\/strong><\/li>\n<li><strong>1897-1900 &#8211; Georges Guillon\u00a0;<\/strong><\/li>\n<li><strong>1900-1905 &#8211; Urma Sara\u00a0;<\/strong><\/li>\n<li><strong>1905-1910 &#8211; Charles Leblanc\u00a0;<\/strong><\/li>\n<li><strong>1910-1916 &#8211; Ars\u00e8ne Rimbault\u00a0;<\/strong><\/li>\n<li><strong>1916-1921 &#8211; Maxime Sabatier\u00a0;<\/strong><\/li>\n<li><strong>1921-1936 &#8211; Georges Mouraux\u00a0;<\/strong><\/li>\n<li><strong>1937 &#8211; Georges Marie\u00a0;<\/strong><\/li>\n<\/ul>\n<dl>\n<dt>\n<h4><span style=\"text-decoration: underline; color: #800000;\"><strong>La paroisse fut confi\u00e9e aux Fils de la Charit\u00e9 de 1937 \u00e0 2003.<\/strong><\/span><\/h4>\n<\/dt>\n<\/dl>\n<ul style=\"text-align: justify;\">\n<li><strong>1937-1956 &#8211; Jean Le Bihan\u00a0;<\/strong><\/li>\n<li><strong>1956-1966 &#8211; Georges Michonneau\u00a0;<\/strong><\/li>\n<li><strong>1966-1971 &#8211; Norbert Marchand\u00a0;<\/strong><\/li>\n<li><strong>1971-1983 &#8211; Roger Chabrel\u00a0;<\/strong><\/li>\n<li><strong>1983-1995 &#8211; Paul Uzureau\u00a0;<\/strong><\/li>\n<li><strong>1995-1998 &#8211; Ren\u00e9 Rey\u00a0;<\/strong><\/li>\n<li><strong>1998-2003 &#8211; Jean Guellerin\u00a0;<\/strong><\/li>\n<\/ul>\n<dl>\n<dt>\n<h4><span style=\"text-decoration: underline; color: #800000;\"><strong>En 2003, la paroisse fut \u00e0 nouveau confi\u00e9e au clerg\u00e9 dioc\u00e9sain.<\/strong><\/span><\/h4>\n<\/dt>\n<\/dl>\n<ul style=\"text-align: justify;\">\n<li><strong>2003-2012 &#8211; \u00c9ric Morin\u00a0;<\/strong><\/li>\n<li><strong>2012 &#8211; St\u00e9phane Esclef\u00a0;<\/strong><\/li>\n<\/ul>\n<h2 style=\"text-align: justify;\"><strong><span class=\"mw-headline\" style=\"color: #800000;\">Sources et r\u00e9f\u00e9rences<\/span><\/strong><\/h2>\n<ul style=\"text-align: justify;\">\n<li><strong>Pr\u00e9fecture du d\u00e9partement de Paris, Inventaire g\u00e9n\u00e9ral des oeuvres d&rsquo;art appartenant \u00e0 la Ville de Paris, Edifices religieux, tome 4, Paris, 1886, p. 225-231.<\/strong><\/li>\n<li><strong>Inventaire g\u00e9n\u00e9ral des richesses d&rsquo;art de la France. Paris. Monuments religieux, tome 2, Paris, Plon, 1888, p. 351-362.<\/strong><\/li>\n<li><strong><a class=\"extiw\" title=\"wikipedia:fr:Jean-Michel Leniaud\" href=\"http:\/\/en.wikipedia.org\/wiki\/fr:Jean-Michel_Leniaud\">Jean-Michel Leniaud<\/a>, <i>Jean-Baptiste Lassus, 1807-1857, ou le temps retrouv\u00e9 des cath\u00e9drales<\/i>, Gen\u00e8ve, Droz, 1980.<\/strong><\/li>\n<li><strong>Jean-Claude Caron, \u00ab\u00a0Jacques-Olivier Boudon, Paris, capitale religieuse sous le Second Empire\u00a0\u00bb,Revue d&rsquo;histoire du XIXe si\u00e8cle, 2002.<\/strong><\/li>\n<li><strong>Martine Callias Bey, \u00ab\u00a0Les \u00e9difices n\u00e9ogothiques parisiens et leurs verri\u00e8res\u00a0: \u00e9glises et chapelles catholiques\u00a0\u00bb, In Situ n\u00b011, 22\/07\/2009.<\/strong><\/li>\n<\/ul>\n<p style=\"text-align: justify;\"><strong><i>Source de cette page\u00a0:\u00a0<\/i> L&rsquo;article Wikip\u00e9dia sur l&rsquo;<a class=\"extiw\" title=\"wikipedia:fr:\u00c9glise Saint-Jean-Baptiste de Belleville\" href=\"http:\/\/en.wikipedia.org\/wiki\/fr:%C3%89glise_Saint-Jean-Baptiste_de_Belleville\">\u00e9glise Saint-Jean-Baptiste de Belleville<\/a> dans sa <a class=\"external text\" title=\"http:\/\/fr.wikipedia.org\/w\/index.php?title=%C3%89glise_Saint-Jean-Baptiste_de_Belleville&amp;oldid=54379672\" href=\"http:\/\/fr.wikipedia.org\/w\/index.php?title=%C3%89glise_Saint-Jean-Baptiste_de_Belleville&amp;oldid=54379672\" target=\"_blank\" rel=\"nofollow\">version du 17 juin 2010\u00a0<\/a>.\u00a0 Licenci\u00e9 sous <a class=\"external text\" title=\"http:\/\/creativecommons.org\/licenses\/by-sa\/3.0\/deed.fr\" href=\"http:\/\/creativecommons.org\/licenses\/by-sa\/3.0\/deed.fr\" target=\"_blank\" rel=\"nofollow\">CreativeCommons\u00a0<\/a>.<\/strong><\/p>\n","protected":false},"excerpt":{"rendered":"<p>La paroisse La premi\u00e8re mention de \u00ab\u00a0Belleville\u00a0\u00bb appara\u00eet dans un acte \u00e9piscopal de 1543\u00a0: les habitants du village de Belleville-sur-Sablon re\u00e7oivent l&rsquo;autorisation d&rsquo;avoir un autel portatif afin qu&rsquo;un pr\u00eatre, vicaire de saint Merry, vienne c\u00e9l\u00e9brer la messe. Jusqu\u2019en 1802, Belleville rel\u00e8ve de la paroisse Saint Merry, des vicaires perp\u00e9tuels \u00e9tant charg\u00e9s de son \u00e9glise. En [&hellip;]<\/p>\n","protected":false},"author":1,"featured_media":0,"parent":0,"menu_order":0,"comment_status":"closed","ping_status":"closed","template":"","meta":{"footnotes":""},"class_list":["post-790","page","type-page","status-publish","hentry"],"jetpack_sharing_enabled":true,"_links":{"self":[{"href":"https:\/\/sjbb.fr\/index.php\/wp-json\/wp\/v2\/pages\/790","targetHints":{"allow":["GET"]}}],"collection":[{"href":"https:\/\/sjbb.fr\/index.php\/wp-json\/wp\/v2\/pages"}],"about":[{"href":"https:\/\/sjbb.fr\/index.php\/wp-json\/wp\/v2\/types\/page"}],"author":[{"embeddable":true,"href":"https:\/\/sjbb.fr\/index.php\/wp-json\/wp\/v2\/users\/1"}],"replies":[{"embeddable":true,"href":"https:\/\/sjbb.fr\/index.php\/wp-json\/wp\/v2\/comments?post=790"}],"version-history":[{"count":0,"href":"https:\/\/sjbb.fr\/index.php\/wp-json\/wp\/v2\/pages\/790\/revisions"}],"wp:attachment":[{"href":"https:\/\/sjbb.fr\/index.php\/wp-json\/wp\/v2\/media?parent=790"}],"curies":[{"name":"wp","href":"https:\/\/api.w.org\/{rel}","templated":true}]}}