{"id":8442,"date":"2021-10-18T12:50:08","date_gmt":"2021-10-18T11:50:08","guid":{"rendered":"https:\/\/sjbb.fr\/?page_id=8442"},"modified":"2021-10-18T12:53:14","modified_gmt":"2021-10-18T11:53:14","slug":"tiberiade","status":"publish","type":"page","link":"https:\/\/sjbb.fr\/index.php\/tiberiade\/","title":{"rendered":"TIB\u00c9RIADE"},"content":{"rendered":"\n<p class=\"has-text-align-center\"><strong><em>Tib\u00e9riade est une association cr\u00e9\u00e9e en 1987<br>par le dioc\u00e8se de Paris.<\/em><\/strong><\/p>\n\n\n\n<p>Tib\u00e9riade est aujourd\u2019hui un lieu d\u2019\u00e9coute, de convivialit\u00e9 et de socialisation pour des personnes en fragilit\u00e9 psychique sortant d\u2019hospitalisation, en traitement de longue dur\u00e9e (maladie chronique invalidante) ou en grande solitude.<\/p>\n\n\n\n<div class=\"wp-block-columns is-layout-flex wp-container-core-columns-is-layout-9d6595d7 wp-block-columns-is-layout-flex\">\n<div class=\"wp-block-column is-layout-flow wp-block-column-is-layout-flow\" style=\"flex-basis:33.33%\">\n<figure class=\"wp-block-image size-full\"><a href=\"https:\/\/sjbb.fr\/wp-content\/uploads\/2021\/10\/Tiberiade-Logo.jpg\"><img loading=\"lazy\" decoding=\"async\" width=\"318\" height=\"307\" src=\"https:\/\/sjbb.fr\/wp-content\/uploads\/2021\/10\/Tiberiade-Logo.jpg\" alt=\"\" class=\"wp-image-8446\" srcset=\"https:\/\/sjbb.fr\/wp-content\/uploads\/2021\/10\/Tiberiade-Logo.jpg 318w, https:\/\/sjbb.fr\/wp-content\/uploads\/2021\/10\/Tiberiade-Logo-300x290.jpg 300w, https:\/\/sjbb.fr\/wp-content\/uploads\/2021\/10\/Tiberiade-Logo-24x24.jpg 24w, https:\/\/sjbb.fr\/wp-content\/uploads\/2021\/10\/Tiberiade-Logo-36x36.jpg 36w, https:\/\/sjbb.fr\/wp-content\/uploads\/2021\/10\/Tiberiade-Logo-48x46.jpg 48w\" sizes=\"auto, (max-width: 318px) 100vw, 318px\" \/><\/a><\/figure>\n<\/div>\n\n\n\n<div class=\"wp-block-column is-layout-flow wp-block-column-is-layout-flow\" style=\"flex-basis:66.66%\">\n<p>En 2021 la pand\u00e9mie de la Covid 19 laisse des personnes de tout \u00e2ge et de toute condition d\u00e9sorient\u00e9es ; Tib\u00e9riade veut incarner un message d\u2019Esp\u00e9rance qui remet debout.<\/p>\n\n\n\n<p>\u00ab Il y a dans la crise que nous traversons aujourd\u2019hui, la pr\u00e9sence d\u2019un autre virus tout autant cach\u00e9 : le virus de la d\u00e9sesp\u00e9rance qui attaque \u00e0 la fois notre rapport \u00e0 l\u2019avenir et notre confiance en l\u2019autre et en nous-m\u00eames. \u00bb (P\u00e8re B-M Duff\u00e9 \u2013 La Vie\/25 F\u00e9vrier 2021)<\/p>\n<\/div>\n<\/div>\n\n\n\n<p>L\u2019\u00e9quipe de Tib\u00e9riade est toujours pr\u00e9sente pour stimuler et renforcer l\u2019\u00e9lan de vie. Des b\u00e9n\u00e9voles form\u00e9s \u00e0 l\u2019\u00e9coute re\u00e7oivent toute personne fragilis\u00e9e par la solitude ou la maladie. L\u2019\u00e9quipe en place, anim\u00e9e par une foi commune au Christ, a la conviction qu\u2019une \u00e9coute chaleureuse peut redonner confiance, aider \u00e0 renouer des relations, et stimuler avec attention et discr\u00e9tion le d\u00e9sir de vivre.<\/p>\n\n\n\n<p>Nous souhaitons manifester la mis\u00e9ricorde de Dieu aux personnes afflig\u00e9es par notre fraternit\u00e9.<\/p>\n\n\n\n<p>Pas besoin de rendez-vous !\u2026<\/p>\n\n\n\n<p>Pas besoin de justificatifs, il suffit de venir et nous faciliterons la rencontre : Tib\u00e9riade est un lieu de convivialit\u00e9 et un espace d\u2019accueil inconditionnel et gratuit.<\/p>\n\n\n\n<p>Quotidiennement des activit\u00e9s de cr\u00e9ativit\u00e9 et de dynamisation sont propos\u00e9es, sans oublier les \u00e9changes informels autour d\u2019un caf\u00e9, de jeux de soci\u00e9t\u00e9 ou de journaux et des sorties culturelles.<\/p>\n\n\n\n<p>Tib\u00e9riade invite \u00e0 retrouver la paix int\u00e9rieure par un soutien spirituel sans pros\u00e9lytisme.<\/p>\n\n\n\n<p>Association Tib\u00e9riade 25 rue Fessart 75019 Paris<br><code><span id=\"eeb-745426-132590\"><\/span><script type=\"text\/javascript\">(function() {var ml=\"0953.7681\",mi=\"08473416412451\",o=\"\";for(var j=0,l=mi.length;j<l;j++) {o+=ml.charAt(mi.charCodeAt(j)-48);}document.getElementById(\"eeb-745426-132590\").innerHTML = decodeURIComponent(o);}());<\/script><noscript>*protected email*<\/noscript><\/code> tiberiadeasso@gmail.com<\/p>\n","protected":false},"excerpt":{"rendered":"<p>Tib\u00e9riade est une association cr\u00e9\u00e9e en 1987par le dioc\u00e8se de Paris. Tib\u00e9riade est aujourd\u2019hui un lieu d\u2019\u00e9coute, de convivialit\u00e9 et de socialisation pour des personnes en fragilit\u00e9 psychique sortant d\u2019hospitalisation, en traitement de longue dur\u00e9e (maladie chronique invalidante) ou en grande solitude. En 2021 la pand\u00e9mie de la Covid 19 laisse des personnes de tout [&hellip;]<\/p>\n","protected":false},"author":11,"featured_media":8443,"parent":0,"menu_order":0,"comment_status":"closed","ping_status":"closed","template":"","meta":{"footnotes":""},"class_list":["post-8442","page","type-page","status-publish","has-post-thumbnail","hentry"],"jetpack_sharing_enabled":true,"_links":{"self":[{"href":"https:\/\/sjbb.fr\/index.php\/wp-json\/wp\/v2\/pages\/8442","targetHints":{"allow":["GET"]}}],"collection":[{"href":"https:\/\/sjbb.fr\/index.php\/wp-json\/wp\/v2\/pages"}],"about":[{"href":"https:\/\/sjbb.fr\/index.php\/wp-json\/wp\/v2\/types\/page"}],"author":[{"embeddable":true,"href":"https:\/\/sjbb.fr\/index.php\/wp-json\/wp\/v2\/users\/11"}],"replies":[{"embeddable":true,"href":"https:\/\/sjbb.fr\/index.php\/wp-json\/wp\/v2\/comments?post=8442"}],"version-history":[{"count":0,"href":"https:\/\/sjbb.fr\/index.php\/wp-json\/wp\/v2\/pages\/8442\/revisions"}],"wp:featuredmedia":[{"embeddable":true,"href":"https:\/\/sjbb.fr\/index.php\/wp-json\/wp\/v2\/media\/8443"}],"wp:attachment":[{"href":"https:\/\/sjbb.fr\/index.php\/wp-json\/wp\/v2\/media?parent=8442"}],"curies":[{"name":"wp","href":"https:\/\/api.w.org\/{rel}","templated":true}]}}