{"id":8452,"date":"2021-10-18T13:28:48","date_gmt":"2021-10-18T12:28:48","guid":{"rendered":"https:\/\/sjbb.fr\/?page_id=8452"},"modified":"2025-11-03T08:39:29","modified_gmt":"2025-11-03T07:39:29","slug":"maraudes","status":"publish","type":"page","link":"https:\/\/sjbb.fr\/index.php\/maraudes\/","title":{"rendered":"Maraudes"},"content":{"rendered":"\n<h2 class=\"wp-block-heading\">Activit\u00e9 maraude<\/h2>\n\n\n\n<div class=\"wp-block-columns is-layout-flex wp-container-core-columns-is-layout-9d6595d7 wp-block-columns-is-layout-flex\">\n<div class=\"wp-block-column is-layout-flow wp-block-column-is-layout-flow\" style=\"flex-basis:33.33%\">\n<figure class=\"wp-block-image size-large is-resized\"><a href=\"https:\/\/sjbb.fr\/wp-content\/uploads\/2021\/10\/MaraudeLogo.png\"><img loading=\"lazy\" decoding=\"async\" width=\"1024\" height=\"1024\" src=\"https:\/\/sjbb.fr\/wp-content\/uploads\/2021\/10\/MaraudeLogo-1024x1024.png\" alt=\"\" class=\"wp-image-8454\" style=\"width:110px;height:110px\" srcset=\"https:\/\/sjbb.fr\/wp-content\/uploads\/2021\/10\/MaraudeLogo-1024x1024.png 1024w, https:\/\/sjbb.fr\/wp-content\/uploads\/2021\/10\/MaraudeLogo-300x300.png 300w, https:\/\/sjbb.fr\/wp-content\/uploads\/2021\/10\/MaraudeLogo-150x150.png 150w, https:\/\/sjbb.fr\/wp-content\/uploads\/2021\/10\/MaraudeLogo-768x768.png 768w, https:\/\/sjbb.fr\/wp-content\/uploads\/2021\/10\/MaraudeLogo-144x144.png 144w, https:\/\/sjbb.fr\/wp-content\/uploads\/2021\/10\/MaraudeLogo-88x88.png 88w, https:\/\/sjbb.fr\/wp-content\/uploads\/2021\/10\/MaraudeLogo-900x900.png 900w, https:\/\/sjbb.fr\/wp-content\/uploads\/2021\/10\/MaraudeLogo-24x24.png 24w, https:\/\/sjbb.fr\/wp-content\/uploads\/2021\/10\/MaraudeLogo-36x36.png 36w, https:\/\/sjbb.fr\/wp-content\/uploads\/2021\/10\/MaraudeLogo-48x48.png 48w, https:\/\/sjbb.fr\/wp-content\/uploads\/2021\/10\/MaraudeLogo.png 1200w\" sizes=\"auto, (max-width: 1024px) 100vw, 1024px\" \/><\/a><\/figure>\n<\/div>\n\n\n\n<div class=\"wp-block-column is-layout-flow wp-block-column-is-layout-flow\" style=\"flex-basis:66.66%\">\n<p>Initi\u00e9e en octobre 2020, la Mauraude de St Jean Baptiste de Belleville a \u00e9t\u00e9 cr\u00e9\u00e9e dans le but d\u2019aller \u00e0 la rencontre et \u00e0 l\u2019 \u00e9coute de nos fr\u00e8res et s\u0153urs dans la rue mais aussi de leurs apporter un peu de nourriture, de v\u00eatements propres et de produits d\u2019hygi\u00e8ne corporelle.<\/p>\n<\/div>\n<\/div>\n\n\n\n<p>Notre \u00e9quipe est constitu\u00e9e d\u2019une trentaine de participants, regroupant des personnes de tous horizons et de tous \u00e2ges.<\/p>\n\n\n\n<p>Nos maraudeurs, tous volontaires et b\u00e9n\u00e9voles, se d\u00e9ploient par petits groupes dans les rues et squares environnant l\u2019\u00e9glise Saint Jean Baptiste de Belleville. Sans distinction aucune nous allons discuter et prenons le temps de partager un repas (les fameuses soupes de nouilles instantan\u00e9es) ou un simple caf\u00e9 afin d\u2019instaurer un dialogue et de cr\u00e9er une relation de confiance.<\/p>\n\n\n\n<p>Nos \u00e9quipes sillonnent plusieurs fois par semaine (avec une plus forte affluence le dimanche soirs) les rues de notre quartier permettant ainsi \u00e0 nos fr\u00e8res et nos s\u0153urs dans la rue de garder un lien social et un point de contact en cas de besoin.<\/p>\n\n\n\n<p>N\u2019h\u00e9sitez pas \u00e0 venir participer \u00e0 ces Maraudes, nous avons toujours besoin de nouveaux maraudeurs : aucun engagement, aucune obligation, rejoignez-nous en fonction de vos disponibilit\u00e9s.<\/p>\n\n\n\n<p class=\"has-text-align-center\"><strong>Les<\/strong> <strong>Maraudes de SJBB ont besoin <\/strong>:<strong><\/strong><\/p>\n\n\n\n<p class=\"has-text-align-center\">Des <strong>petits g\u00e2teaux en sachets individuels, soupes chinoises ou Bolino<\/strong>, de <strong>sardines \u00e0 l\u2019huile<\/strong>, de <strong>maquereaux<\/strong>, de <strong>gel douche<\/strong>, de la <strong>mousse \u00e0 raser<\/strong>, des gobelets en carton, des petites bouteilles d\u2019eaux .\u00a0 <strong>Merci pour votre g\u00e9n\u00e9rosit\u00e9.\u00a0<\/strong><\/p>\n","protected":false},"excerpt":{"rendered":"<p>Activit\u00e9 maraude Initi\u00e9e en octobre 2020, la Mauraude de St Jean Baptiste de Belleville a \u00e9t\u00e9 cr\u00e9\u00e9e dans le but d\u2019aller \u00e0 la rencontre et \u00e0 l\u2019 \u00e9coute de nos fr\u00e8res et s\u0153urs dans la rue mais aussi de leurs apporter un peu de nourriture, de v\u00eatements propres et de produits d\u2019hygi\u00e8ne corporelle. Notre \u00e9quipe [&hellip;]<\/p>\n","protected":false},"author":11,"featured_media":19056,"parent":0,"menu_order":0,"comment_status":"closed","ping_status":"closed","template":"","meta":{"footnotes":""},"class_list":["post-8452","page","type-page","status-publish","has-post-thumbnail","hentry"],"jetpack_sharing_enabled":true,"_links":{"self":[{"href":"https:\/\/sjbb.fr\/index.php\/wp-json\/wp\/v2\/pages\/8452","targetHints":{"allow":["GET"]}}],"collection":[{"href":"https:\/\/sjbb.fr\/index.php\/wp-json\/wp\/v2\/pages"}],"about":[{"href":"https:\/\/sjbb.fr\/index.php\/wp-json\/wp\/v2\/types\/page"}],"author":[{"embeddable":true,"href":"https:\/\/sjbb.fr\/index.php\/wp-json\/wp\/v2\/users\/11"}],"replies":[{"embeddable":true,"href":"https:\/\/sjbb.fr\/index.php\/wp-json\/wp\/v2\/comments?post=8452"}],"version-history":[{"count":1,"href":"https:\/\/sjbb.fr\/index.php\/wp-json\/wp\/v2\/pages\/8452\/revisions"}],"predecessor-version":[{"id":19057,"href":"https:\/\/sjbb.fr\/index.php\/wp-json\/wp\/v2\/pages\/8452\/revisions\/19057"}],"wp:featuredmedia":[{"embeddable":true,"href":"https:\/\/sjbb.fr\/index.php\/wp-json\/wp\/v2\/media\/19056"}],"wp:attachment":[{"href":"https:\/\/sjbb.fr\/index.php\/wp-json\/wp\/v2\/media?parent=8452"}],"curies":[{"name":"wp","href":"https:\/\/api.w.org\/{rel}","templated":true}]}}