{"id":8460,"date":"2021-10-18T15:41:17","date_gmt":"2021-10-18T14:41:17","guid":{"rendered":"https:\/\/sjbb.fr\/?page_id=8460"},"modified":"2025-09-24T11:26:49","modified_gmt":"2025-09-24T10:26:49","slug":"hiver-solidaire-a-paris","status":"publish","type":"page","link":"https:\/\/sjbb.fr\/index.php\/hiver-solidaire-a-paris\/","title":{"rendered":"Hiver Solidaire \u00e0 Paris"},"content":{"rendered":"\n<p>A Paris, la grande exclusion est particuli\u00e8rement visible et pr\u00e9occupante. Des hommes, mais aussi des enfants, des jeunes et des femmes se retrouvent dans les rues, \u00e9t\u00e9 comme hiver. Dans ce contexte, le Vicariat \u00e0 la solidarit\u00e9 du Dioc\u00e8se de Paris a lanc\u00e9 en 2007 l\u2019op\u00e9ration Hiver Solidaire qui fait maintenant partie du dispositif d\u2019accueil des personnes sans-abri au sein de la ville de Paris. Il propose une mise \u00e0 l\u2019abri des personnes exclues dans les locaux des paroisses participantes tous les soirs durant les mois d\u2019hiver, de d\u00e9cembre \u00e0 mars.<\/p>\n\n\n\n<div class=\"wp-block-columns alignwide is-layout-flex wp-container-core-columns-is-layout-9d6595d7 wp-block-columns-is-layout-flex\">\n<div class=\"wp-block-column is-layout-flow wp-block-column-is-layout-flow\" style=\"flex-basis:33.33%\">\n<figure class=\"wp-block-image size-full\"><a href=\"https:\/\/sjbb.fr\/wp-content\/uploads\/2021\/10\/HiverSolidaire1.jpg\"><img loading=\"lazy\" decoding=\"async\" width=\"300\" height=\"240\" src=\"https:\/\/sjbb.fr\/wp-content\/uploads\/2021\/10\/HiverSolidaire1.jpg\" alt=\"\" class=\"wp-image-8463\" srcset=\"https:\/\/sjbb.fr\/wp-content\/uploads\/2021\/10\/HiverSolidaire1.jpg 300w, https:\/\/sjbb.fr\/wp-content\/uploads\/2021\/10\/HiverSolidaire1-24x19.jpg 24w, https:\/\/sjbb.fr\/wp-content\/uploads\/2021\/10\/HiverSolidaire1-36x29.jpg 36w, https:\/\/sjbb.fr\/wp-content\/uploads\/2021\/10\/HiverSolidaire1-48x38.jpg 48w\" sizes=\"auto, (max-width: 300px) 100vw, 300px\" \/><\/a><figcaption>Accueillir les personnes de la rue dans les paroisses de Paris<\/figcaption><\/figure>\n<\/div>\n\n\n\n<div class=\"wp-block-column is-layout-flow wp-block-column-is-layout-flow\" style=\"flex-basis:66.66%\">\n<p>La priorit\u00e9 donn\u00e9e au lien fraternel conjugu\u00e9 \u00e0 l\u2019exp\u00e9rience et au savoir-faire des \u00e9quipes paroissiales est maintenant reconnue par l\u2019\u00c9tat qui finance deux postes de travailleurs sociaux au sein de l\u2019association Aux captifs, la lib\u00e9ration. Leur mission est d\u2019aider les \u00e9quipes de b\u00e9n\u00e9voles dans le suivi des personnes accueillies et pr\u00e9parer ainsi avec elles, l\u2019apr\u00e8s Hiver solidaire.<\/p>\n<\/div>\n<\/div>\n\n\n\n<div class=\"wp-block-columns alignwide is-layout-flex wp-container-core-columns-is-layout-9d6595d7 wp-block-columns-is-layout-flex\">\n<div class=\"wp-block-column is-layout-flow wp-block-column-is-layout-flow\" style=\"flex-basis:66.66%\">\n<p>En 2007, les paroisses de Paris ont commenc\u00e9 \u00e0 offrir un h\u00e9bergement \u00e0 des personnes isol\u00e9es dans la rue, souvent connues des paroissiens. Aujourd\u2019hui, se cr\u00e9\u00e9e dans ces paroisses une relation d\u2019amiti\u00e9 fraternelle entre les habitants du quartier et les gens de leurs rues. Un lit dans un endroit chaud, un d\u00eener et un petit d\u00e9jeuner, pendant plusieurs semaines : chaque paroisse s\u2019organise \u00e0 sa fa\u00e7on, en fonction de ses possibilit\u00e9s mat\u00e9rielles et humaines. Hiver Solidaire irrigue la paroisse et parfois met en mouvement tout un quartier, certains b\u00e9n\u00e9voles n\u2019\u00e9tant pas des habitu\u00e9s de la paroisse. Pendant l\u2019accueil, la pr\u00e9sence d\u2019un pr\u00eatre est souvent appr\u00e9ci\u00e9e des personnes accueillies.<\/p>\n<\/div>\n\n\n\n<div class=\"wp-block-column is-layout-flow wp-block-column-is-layout-flow\" style=\"flex-basis:33.33%\">\n<figure class=\"wp-block-image size-full\"><a href=\"https:\/\/sjbb.fr\/wp-content\/uploads\/2021\/10\/HiverSolidaire2.jpg\"><img loading=\"lazy\" decoding=\"async\" width=\"300\" height=\"225\" src=\"https:\/\/sjbb.fr\/wp-content\/uploads\/2021\/10\/HiverSolidaire2.jpg\" alt=\"\" class=\"wp-image-8464\" srcset=\"https:\/\/sjbb.fr\/wp-content\/uploads\/2021\/10\/HiverSolidaire2.jpg 300w, https:\/\/sjbb.fr\/wp-content\/uploads\/2021\/10\/HiverSolidaire2-24x18.jpg 24w, https:\/\/sjbb.fr\/wp-content\/uploads\/2021\/10\/HiverSolidaire2-36x27.jpg 36w, https:\/\/sjbb.fr\/wp-content\/uploads\/2021\/10\/HiverSolidaire2-48x36.jpg 48w\" sizes=\"auto, (max-width: 300px) 100vw, 300px\" \/><\/a><figcaption>\u00ab Comme en famille \u00bb<\/figcaption><\/figure>\n<\/div>\n<\/div>\n\n\n\n<p>Les accueillis sont peu nombreux (3-8), tout comme les b\u00e9n\u00e9voles des paroisses qui se relaient chaque soir pour d\u00eener et dormir avec eux. Autour de la table, on discute, on partage le repas et ses histoires, puis on joue aux cartes. C\u00f4t\u00e9 b\u00e9n\u00e9voles, c\u2019est g\u00e9n\u00e9ralement une pr\u00e9sence \u00ab \u00e0 la carte \u00bb : un ou plusieurs repas, une ou plusieurs nuits, mais aussi des intentions ou une veill\u00e9e de pri\u00e8res\u2026 C\u00f4t\u00e9 accueillis, le respect de certaines r\u00e8gles est indispensable, notamment concernant l\u2019alcool et la violence. Une charte est \u00e9tablie.<\/p>\n\n\n\n<figure class=\"wp-block-pullquote has-background is-style-solid-color\" style=\"background-color:#ffeecf\"><blockquote class=\"has-text-color\" style=\"color:#330f73\"><p>L\u2019\u00eatre humain est fragile. S\u2019il n\u2019est pas entour\u00e9, il meurt. Ici, je me sens aim\u00e9.<\/p><cite>Omar<\/cite><\/blockquote><\/figure>\n","protected":false},"excerpt":{"rendered":"<p>A Paris, la grande exclusion est particuli\u00e8rement visible et pr\u00e9occupante. Des hommes, mais aussi des enfants, des jeunes et des femmes se retrouvent dans les rues, \u00e9t\u00e9 comme hiver. Dans ce contexte, le Vicariat \u00e0 la solidarit\u00e9 du Dioc\u00e8se de Paris a lanc\u00e9 en 2007 l\u2019op\u00e9ration Hiver Solidaire qui fait maintenant partie du dispositif d\u2019accueil [&hellip;]<\/p>\n","protected":false},"author":11,"featured_media":8461,"parent":0,"menu_order":0,"comment_status":"closed","ping_status":"closed","template":"","meta":{"footnotes":""},"class_list":["post-8460","page","type-page","status-publish","has-post-thumbnail","hentry"],"jetpack_sharing_enabled":true,"_links":{"self":[{"href":"https:\/\/sjbb.fr\/index.php\/wp-json\/wp\/v2\/pages\/8460","targetHints":{"allow":["GET"]}}],"collection":[{"href":"https:\/\/sjbb.fr\/index.php\/wp-json\/wp\/v2\/pages"}],"about":[{"href":"https:\/\/sjbb.fr\/index.php\/wp-json\/wp\/v2\/types\/page"}],"author":[{"embeddable":true,"href":"https:\/\/sjbb.fr\/index.php\/wp-json\/wp\/v2\/users\/11"}],"replies":[{"embeddable":true,"href":"https:\/\/sjbb.fr\/index.php\/wp-json\/wp\/v2\/comments?post=8460"}],"version-history":[{"count":1,"href":"https:\/\/sjbb.fr\/index.php\/wp-json\/wp\/v2\/pages\/8460\/revisions"}],"predecessor-version":[{"id":18911,"href":"https:\/\/sjbb.fr\/index.php\/wp-json\/wp\/v2\/pages\/8460\/revisions\/18911"}],"wp:featuredmedia":[{"embeddable":true,"href":"https:\/\/sjbb.fr\/index.php\/wp-json\/wp\/v2\/media\/8461"}],"wp:attachment":[{"href":"https:\/\/sjbb.fr\/index.php\/wp-json\/wp\/v2\/media?parent=8460"}],"curies":[{"name":"wp","href":"https:\/\/api.w.org\/{rel}","templated":true}]}}