{"id":8555,"date":"2021-10-30T13:20:24","date_gmt":"2021-10-30T12:20:24","guid":{"rendered":"https:\/\/sjbb.fr\/?page_id=8555"},"modified":"2021-10-30T13:40:48","modified_gmt":"2021-10-30T12:40:48","slug":"catechumenat-des-adultes","status":"publish","type":"page","link":"https:\/\/sjbb.fr\/index.php\/catechumenat-des-adultes\/","title":{"rendered":"Cat\u00e9chum\u00e9nat des Adultes"},"content":{"rendered":"\n<h2 class=\"has-text-align-center wp-block-heading\"><em>Un chemin de VIE<\/em><\/h2>\n\n\n\n<p>Pas d&rsquo; \u00e2ge pour demander \u00e0 recevoir le BAPT\u00caME, la CONFIRMATION et L&rsquo;EUCHARISTIE, les trois sacrements de \u00ab\u00a0l&rsquo;initiation chr\u00e9tienne\u00a0\u00bb.<br>Pas de connaissances pr\u00e9alables.<br>Juste se donner du TEMPS (en moyenne 2 ans) pour CHEMINER et d\u00e9couvrir le contenu de la FOI.<\/p>\n\n\n\n<h2 class=\"wp-block-heading\">Comment cela se passe ?<\/h2>\n\n\n\n<ul class=\"wp-block-list\"><li>Une rencontre de 2 heures par mois le jeudi soir.<\/li><li>Un week-end par an de pri\u00e8re et de partage dans une abbaye<\/li><li>Un accompagnement personnel par un membre de la communaut\u00e9<\/li><\/ul>\n\n\n\n<h2 class=\"wp-block-heading\"><strong>O\u00f9 s&rsquo;adresser ?<\/strong><\/h2>\n\n\n\n<ul class=\"wp-block-list\"><li>A l&rsquo;accueil de la paroisse<\/li><li>Aupr\u00e8s d&rsquo;un pr\u00eatre de la paroisse<\/li><\/ul>\n\n\n\n<div class=\"wp-block-contact-form-7-contact-form-selector\">\n<div class=\"wpcf7 no-js\" id=\"wpcf7-f8557-o1\" lang=\"fr-FR\" dir=\"ltr\" data-wpcf7-id=\"8557\">\n<div class=\"screen-reader-response\"><p role=\"status\" aria-live=\"polite\" aria-atomic=\"true\"><\/p> <ul><\/ul><\/div>\n<form action=\"\/index.php\/wp-json\/wp\/v2\/pages\/8555#wpcf7-f8557-o1\" method=\"post\" class=\"wpcf7-form init\" aria-label=\"Formulaire de contact\" novalidate=\"novalidate\" data-status=\"init\">\n<fieldset class=\"hidden-fields-container\"><input type=\"hidden\" name=\"_wpcf7\" value=\"8557\" \/><input type=\"hidden\" name=\"_wpcf7_version\" value=\"6.1.5\" \/><input type=\"hidden\" name=\"_wpcf7_locale\" value=\"fr_FR\" \/><input type=\"hidden\" name=\"_wpcf7_unit_tag\" value=\"wpcf7-f8557-o1\" \/><input type=\"hidden\" name=\"_wpcf7_container_post\" value=\"0\" \/><input type=\"hidden\" name=\"_wpcf7_posted_data_hash\" value=\"\" \/>\n<\/fieldset>\n<p><label> Votre nom <span class=\"wpcf7-form-control-wrap\" data-name=\"your-name\"><input size=\"40\" maxlength=\"400\" class=\"wpcf7-form-control wpcf7-text wpcf7-validates-as-required\" aria-required=\"true\" aria-invalid=\"false\" value=\"\" type=\"text\" name=\"your-name\" \/><\/span> <\/label><br \/>\n<label> Votre e-mail <span class=\"wpcf7-form-control-wrap\" data-name=\"your-email\"><input size=\"40\" maxlength=\"400\" class=\"wpcf7-form-control wpcf7-email wpcf7-validates-as-required wpcf7-text wpcf7-validates-as-email\" aria-required=\"true\" aria-invalid=\"false\" value=\"\" type=\"email\" name=\"your-email\" \/><\/span> <\/label><br \/>\n<label> Objet Cat\u00e9chum\u00e9nat : <span class=\"wpcf7-form-control-wrap\" data-name=\"your-subject\"><input size=\"40\" maxlength=\"400\" class=\"wpcf7-form-control wpcf7-text wpcf7-validates-as-required\" aria-required=\"true\" aria-invalid=\"false\" value=\"\" type=\"text\" name=\"your-subject\" \/><\/span> <\/label><br \/>\n<label> Votre message<br \/>\n<span class=\"wpcf7-form-control-wrap\" data-name=\"your-message\"><textarea cols=\"40\" rows=\"10\" maxlength=\"2000\" class=\"wpcf7-form-control wpcf7-textarea wpcf7-validates-as-required\" aria-required=\"true\" aria-invalid=\"false\" name=\"your-message\"><\/textarea><\/span> <\/label>\n<\/p>\n<p><input class=\"wpcf7-form-control wpcf7-submit has-spinner\" type=\"submit\" value=\"Envoyer\" \/>\n<\/p><div class=\"wpcf7-response-output\" aria-hidden=\"true\"><\/div>\n<\/form>\n<\/div>\n<\/div>\n","protected":false},"excerpt":{"rendered":"<p>Un chemin de VIE Pas d&rsquo; \u00e2ge pour demander \u00e0 recevoir le BAPT\u00caME, la CONFIRMATION et L&rsquo;EUCHARISTIE, les trois sacrements de \u00ab\u00a0l&rsquo;initiation chr\u00e9tienne\u00a0\u00bb.Pas de connaissances pr\u00e9alables.Juste se donner du TEMPS (en moyenne 2 ans) pour CHEMINER et d\u00e9couvrir le contenu de la FOI. Comment cela se passe ? Une rencontre de 2 heures par mois [&hellip;]<\/p>\n","protected":false},"author":11,"featured_media":8556,"parent":0,"menu_order":0,"comment_status":"closed","ping_status":"closed","template":"","meta":{"footnotes":""},"class_list":["post-8555","page","type-page","status-publish","has-post-thumbnail","hentry"],"jetpack_sharing_enabled":true,"_links":{"self":[{"href":"https:\/\/sjbb.fr\/index.php\/wp-json\/wp\/v2\/pages\/8555","targetHints":{"allow":["GET"]}}],"collection":[{"href":"https:\/\/sjbb.fr\/index.php\/wp-json\/wp\/v2\/pages"}],"about":[{"href":"https:\/\/sjbb.fr\/index.php\/wp-json\/wp\/v2\/types\/page"}],"author":[{"embeddable":true,"href":"https:\/\/sjbb.fr\/index.php\/wp-json\/wp\/v2\/users\/11"}],"replies":[{"embeddable":true,"href":"https:\/\/sjbb.fr\/index.php\/wp-json\/wp\/v2\/comments?post=8555"}],"version-history":[{"count":0,"href":"https:\/\/sjbb.fr\/index.php\/wp-json\/wp\/v2\/pages\/8555\/revisions"}],"wp:featuredmedia":[{"embeddable":true,"href":"https:\/\/sjbb.fr\/index.php\/wp-json\/wp\/v2\/media\/8556"}],"wp:attachment":[{"href":"https:\/\/sjbb.fr\/index.php\/wp-json\/wp\/v2\/media?parent=8555"}],"curies":[{"name":"wp","href":"https:\/\/api.w.org\/{rel}","templated":true}]}}