{"id":9868,"date":"2022-09-19T09:24:11","date_gmt":"2022-09-19T08:24:11","guid":{"rendered":"https:\/\/sjbb.fr\/?page_id=9868"},"modified":"2024-09-13T08:48:39","modified_gmt":"2024-09-13T07:48:39","slug":"groupe-doraison-bethanie","status":"publish","type":"page","link":"https:\/\/sjbb.fr\/index.php\/groupe-doraison-bethanie\/","title":{"rendered":"Groupe d&rsquo;Oraison B\u00e9thanie"},"content":{"rendered":"\n<h1 class=\"wp-block-heading\">Ann\u00e9e 2024-25<\/h1>\n\n\n\n<p style=\"font-size:20px\">Les horaires ont chang\u00e9es, le groupe se retrouvera les jeudis \u00e0 partir de <strong>19h30 <\/strong>apr\u00e8s la messe de 19h00.<\/p>\n\n\n\n<p style=\"font-size:20px\">Nous pratiquerons l&rsquo;oraison ensemble \u00e0 ce moment l\u00e0 pendant une demi heure, et apr\u00e8s le notre p\u00e8re final, nous quitterons l&rsquo;\u00e9glise en silence.<\/p>\n\n\n\n<hr class=\"wp-block-separator has-alpha-channel-opacity is-style-wide\"\/>\n\n\n\n<h2 class=\"wp-block-heading\"><strong>DANS LE VACARME<\/strong><\/h2>\n\n\n\n<p>Avant d\u2019entrer en oraison, avec le groupe B\u00e9thanie, nous chantons souvent&nbsp;: &nbsp;\u00ab <em>J\u00e9sus, me voici devant toi, tout simplement, dans le silence.<\/em> \u00bb Oui, le silence r\u00e8gne alors dans la chapelle ou dans ce beau lieu autour du baptist\u00e8re o\u00f9 nous sommes r\u00e9unis. Il r\u00e8gne de la m\u00eame mani\u00e8re dans mon coin de chambre o\u00f9 il m\u2019arrive de faire oraison en solitaire. Un silence que les bruits ext\u00e9rieurs \u2013 voix dans la rue, craquement de chaise ou raclement de gorge \u2013 ne font que souligner sans r\u00e9ussir \u00e0 le troubler.<\/p>\n\n\n\n<p>Mais les bruits int\u00e9rieurs! Toutes ces pens\u00e9es envahissantes que je m\u2019efforce de tenir \u00e9loign\u00e9es et <em>\u00ab qui reviennent battre contre les parois de mon \u00e2me<\/em>&nbsp;\u00bb, comme le dit joliment la s\u0153ur Jeanne d\u2019Arc&nbsp; dans une belle pri\u00e8re sur\u2026 les difficult\u00e9s de la pri\u00e8re! Elles produisent parfois en moi un tel vacarme que je ne m\u2019entends plus prier. Je t\u00e2che alors de trouver un subterfuge : remplacer ce discours importun par des paroles plus appropri\u00e9es. Si je peine \u00e0 en inventer, je n\u2019h\u00e9site pas \u00e0 les emprunter \u00e0 mes psaumes pr\u00e9f\u00e9r\u00e9s. Et \u00e0 r\u00e9p\u00e9ter par exemple en boucle un verset propre \u00e0 restaurer le calme dans mon esprit agit\u00e9 : \u00ab <em>Seigneur (\u2026) je tiens mon \u00e2me en paix et en silence<\/em>. \u00bb&nbsp; Cette simple litanie r\u00e9ussit g\u00e9n\u00e9ralement \u00e0 me remettre dans une attitude int\u00e9rieure plus juste, au moins pour une ou deux minutes.<\/p>\n\n\n\n<p>Mais la rumeur des pens\u00e9es refoul\u00e9es a t\u00f4t fait de s\u2019imposer \u00e0 nouveau. Vite, la remplacer par un appel \u00e0 l\u2019aide : \u00ab <em>Je t\u2019appelle, Seigneur, tout le jour ; je tends les mains vers toi,<\/em> \u00bb&nbsp; ou un cri de louange : \u00ab <em>B\u00e9nis le Seigneur, \u00f4 mon \u00e2me, n\u2019oublie aucun de ses bienfaits.<\/em> \u00bb&nbsp; Cela fait toujours quelques secondes de gagn\u00e9es pour la pri\u00e8re. Quelle lutte ! Pourtant, il arrive aussi que le silence int\u00e9rieur revienne tout seul. Telle cette \u00ab <em>voix de fin silence<\/em> \u00bb dans laquelle le proph\u00e8te \u00c9lie reconna\u00eet le passage de Dieu.&nbsp; Lorsque cela se produit, c\u2019est comme un petit miracle, qui vient compenser \u2013 m\u00eame bri\u00e8vement \u2013 ces moments o\u00f9 j\u2019ai le sentiment de me tenir, tout encombr\u00e9e de moi-m\u00eame, devant un rideau obstin\u00e9ment opaque.<\/p>\n\n\n\n<p>Puis, en fin de compte, port\u00e9e par la certitude que Dieu ne manque pas d\u2019humour, j\u2019ose penser qu\u2019il est plus simple d\u2019offrir dans ma pri\u00e8re les d\u00e9fauts m\u00eames qui lui font obstacle. Et de commencer mon oraison en chantant int\u00e9rieurement : \u00ab <em>J\u00e9sus, me voici devant toi, tout simplement, dans mon vacarme<\/em>.&nbsp;\u00bb Ces rumeurs int\u00e9rieures presque incessantes qu\u2019Il sait parfois convertir, sans que je sache comment, en tr\u00e8s pr\u00e9cieux instants de paix et de silence.<\/p>\n\n\n\n<p class=\"has-text-align-right\">Marie-H\u00e9l\u00e8ne D.<\/p>\n","protected":false},"excerpt":{"rendered":"<p>Ann\u00e9e 2024-25 Les horaires ont chang\u00e9es, le groupe se retrouvera les jeudis \u00e0 partir de 19h30 apr\u00e8s la messe de 19h00. Nous pratiquerons l&rsquo;oraison ensemble \u00e0 ce moment l\u00e0 pendant une demi heure, et apr\u00e8s le notre p\u00e8re final, nous quitterons l&rsquo;\u00e9glise en silence. DANS LE VACARME Avant d\u2019entrer en oraison, avec le groupe B\u00e9thanie, [&hellip;]<\/p>\n","protected":false},"author":14,"featured_media":17480,"parent":0,"menu_order":0,"comment_status":"closed","ping_status":"closed","template":"","meta":{"footnotes":""},"class_list":["post-9868","page","type-page","status-publish","has-post-thumbnail","hentry"],"jetpack_sharing_enabled":true,"_links":{"self":[{"href":"https:\/\/sjbb.fr\/index.php\/wp-json\/wp\/v2\/pages\/9868","targetHints":{"allow":["GET"]}}],"collection":[{"href":"https:\/\/sjbb.fr\/index.php\/wp-json\/wp\/v2\/pages"}],"about":[{"href":"https:\/\/sjbb.fr\/index.php\/wp-json\/wp\/v2\/types\/page"}],"author":[{"embeddable":true,"href":"https:\/\/sjbb.fr\/index.php\/wp-json\/wp\/v2\/users\/14"}],"replies":[{"embeddable":true,"href":"https:\/\/sjbb.fr\/index.php\/wp-json\/wp\/v2\/comments?post=9868"}],"version-history":[{"count":5,"href":"https:\/\/sjbb.fr\/index.php\/wp-json\/wp\/v2\/pages\/9868\/revisions"}],"predecessor-version":[{"id":18072,"href":"https:\/\/sjbb.fr\/index.php\/wp-json\/wp\/v2\/pages\/9868\/revisions\/18072"}],"wp:featuredmedia":[{"embeddable":true,"href":"https:\/\/sjbb.fr\/index.php\/wp-json\/wp\/v2\/media\/17480"}],"wp:attachment":[{"href":"https:\/\/sjbb.fr\/index.php\/wp-json\/wp\/v2\/media?parent=9868"}],"curies":[{"name":"wp","href":"https:\/\/api.w.org\/{rel}","templated":true}]}}